{"id":27726,"date":"2023-08-04T10:05:38","date_gmt":"2023-08-04T08:05:38","guid":{"rendered":"https:\/\/www.boston-it.com\/unternehmen\/"},"modified":"2023-11-17T12:43:55","modified_gmt":"2023-11-17T11:43:55","slug":"unternehmen","status":"publish","type":"page","link":"https:\/\/www.boston-it.com\/at\/uber-boston\/unternehmen\/","title":{"rendered":"Boston-IT &#8211; Das Unternehmen"},"content":{"rendered":"\t\t<div data-elementor-type=\"wp-page\" data-elementor-id=\"27726\" class=\"elementor elementor-27726 elementor-3875\" data-elementor-post-type=\"page\">\n\t\t\t\t\t\t<section class=\"elementor-section elementor-top-section elementor-element elementor-element-8192b83 elementor-section-full_width elementor-section-height-default elementor-section-height-default\" data-id=\"8192b83\" data-element_type=\"section\" data-e-type=\"section\">\n\t\t\t\t\t\t<div class=\"elementor-container elementor-column-gap-no\">\n\t\t\t\t\t<div class=\"elementor-column elementor-col-100 elementor-top-column elementor-element elementor-element-3fc0b57\" data-id=\"3fc0b57\" data-element_type=\"column\" data-e-type=\"column\">\n\t\t\t<div class=\"elementor-widget-wrap elementor-element-populated\">\n\t\t\t\t\t\t<div class=\"elementor-element elementor-element-7e6797d elementor-widget__width-inherit elementor-widget elementor-widget-boston-it-section-intro\" data-id=\"7e6797d\" data-element_type=\"widget\" data-e-type=\"widget\" data-widget_type=\"boston-it-section-intro.default\">\n\t\t\t\t<div class=\"elementor-widget-container\">\n\t\t\t\t\t<div class=\"section intro  is-neutral\" style=\"--page-color: #dddddd;--page-color-rgb: 221, 221, 221;background-image: url(https:\/\/www.boston-it.com\/wp-content\/uploads\/Baseball-Spieler_Hintergrund_2311023-1-scaled.jpg); background-size: cover\"><div id=\"breadcrumbs\">\n    <a href=https:\/\/www.boston-it.com\/at\/>Home<\/a>\n    <svg xmlns=\"http:\/\/www.w3.org\/2000\/svg\" width=\"18\" height=\"35\" viewBox=\"0 0 18 35\" fill=\"none\"><path fill-rule=\"evenodd\" clip-rule=\"evenodd\" d=\"M0.692929 35L17.4863 17.5L16.7939 16.7785L16.7936 16.7788L0.692354 -4.26329e-07L-3.43866e-05 0.721524L16.1013 17.5003L0.000539107 34.2785L0.692929 35Z\" fill=\"white\" fill-opacity=\"0.2\"\/><\/svg><a class=\"active\">Boston-IT &#8211; Das Unternehmen <\/a>\n    <\/div><div class=\"inner\"><h1 class=\"category-title\">Das sind wir<\/h1><h2>Boston Server & Storage Solutions<\/h2><div class=\"leadIn\"><p>Die Boston-Gruppe hat eine 30-j\u00e4hrige Firmengeschichte und entwickelt sich immer weiter.<\/p><p>Lernen Sie Boston Server &amp; Storage Solutions kennen mit seiner Vision, Mission und all seinen Unternehmenswerten.<\/p><\/div><div class=\"buttons\"><div><\/div><\/div>\t\t\t\t<\/div>\n\t\t\t\t<\/div>\n\t\t\t\t\t<\/div>\n\t\t<\/div>\n\t\t\t\t\t<\/div>\n\t\t<\/section>\n\t\t\t\t<section class=\"elementor-section elementor-top-section elementor-element elementor-element-8ce3368 elementor-section-boxed elementor-section-height-default elementor-section-height-default\" data-id=\"8ce3368\" data-element_type=\"section\" data-e-type=\"section\">\n\t\t\t\t\t\t<div class=\"elementor-container elementor-column-gap-default\">\n\t\t\t\t\t<div class=\"elementor-column elementor-col-100 elementor-top-column elementor-element elementor-element-3b038d2\" data-id=\"3b038d2\" data-element_type=\"column\" data-e-type=\"column\">\n\t\t\t<div class=\"elementor-widget-wrap elementor-element-populated\">\n\t\t\t\t\t\t<div class=\"elementor-element elementor-element-bfbe75f elementor-widget elementor-widget-boston-it-layout-1\" data-id=\"bfbe75f\" data-element_type=\"widget\" data-e-type=\"widget\" data-widget_type=\"boston-it-layout-1.default\">\n\t\t\t\t<div class=\"elementor-widget-container\">\n\t\t\t\t\t<div class=\"section layout-1 \" style=\"--page-color: #dddddd;\"><div class=\"positioning-container-content\"><div class=\"content\"><div class=\"column1\"><div class=\"column1-inner\"><div class=\"category-title\">Boston in der DACH-Region<\/div><h2>Das sind wir<\/h2><p>Die Unternehmensgeschichte von Boston Server und Storage Solutions (kurz: Boston-IT) in der DACH-Region startete im Jahr <strong>2009<\/strong> in <strong>Deutschland<\/strong>. Seither befindet sich unser Hauptsitz in Feldkirchen bei M\u00fcnchen.<\/p><p><strong>2019<\/strong> er\u00f6ffnete unsere zweite Niederlassung der DACH-Region in Kreuzlingen\/<strong>Schweiz<\/strong>, <strong>2023<\/strong> folgte der Standort in Aspang\/<strong>\u00d6sterreich<\/strong>. In allen Boston-Standorten der DACH-Region sind lokale Boston Ansprechpartner f\u00fcr Sie da, um mit Ihnen gemeinsam eine passgenaue L\u00f6sung zu finden.\u00a0<\/p><p>Die Boston Server &amp; Storage Solutions GmbH geh\u00f6rt zu der im Jahre 1992 gegr\u00fcndeten <span style=\"background-color: var(--bs-body-bg); color: var(--bs-body-color); font-family: var(--bs-body-font-family); font-size: var(--bs-body-font-size); font-weight: var(--bs-body-font-weight); text-align: var(--bs-body-text-align);\">Boston-Gruppe, die ihren Hauptsitz in <\/span><strong style=\"background-color: var(--bs-body-bg); color: var(--bs-body-color); font-family: var(--bs-body-font-family); font-size: var(--bs-body-font-size); text-align: var(--bs-body-text-align);\">London<\/strong><span style=\"background-color: var(--bs-body-bg); color: var(--bs-body-color); font-family: var(--bs-body-font-family); font-size: var(--bs-body-font-size); font-weight: var(--bs-body-font-weight); text-align: var(--bs-body-text-align);\">, Gro\u00dfbritannien hat (Boston Limited).<\/span><\/p><h2>Daf\u00fcr stehen wir<\/h2><p>Erfahren Sie nachfolgend mehr \u00fcber unsere <strong>Vision, Mission und unsere Unternehmenswerte<\/strong>.<\/p><div class=\"buttons\"><div class=\"button-group\"><\/div><\/div><\/div><\/div><div class=\"column2\"><div class=\"image\" style=\"background-image: url(https:\/\/www.boston-it.com\/wp-content\/uploads\/Boston-Team-3-scaled.jpg)\"><\/div><div class=\"column2-inner\"><h2><span style=\"background-color: var(--bs-body-bg); color: var(--bs-body-color); font-family: var(--bs-body-font-family); font-size: var(--bs-body-font-size); font-weight: var(--bs-body-font-weight); text-align: var(--bs-body-text-align);\">Das bieten wir<\/span><\/h2><p><span style=\"background-color: var(--bs-body-bg); color: var(--bs-body-color); font-family: var(--bs-body-font-family); font-size: var(--bs-body-font-size); font-weight: var(--bs-body-font-weight); text-align: var(--bs-body-text-align);\"><strong>Boston-IT bietet marktf\u00fchrende und innovative IT-Technologien<\/strong> <strong>an<\/strong>. <\/span>Dazu geh\u00f6ren hochleistungsf\u00e4hige, unternehmenskritische Server- und Speicherl\u00f6sungen, die f\u00fcr jeden einzelnen Kunden ma\u00dfgeschneidert werden k\u00f6nnen (ab St\u00fcckzahl 1) und dabei helfen, eine ideale, passgenaue L\u00f6sung zu schaffen.<\/p><p>Von der anf\u00e4nglichen Spezifikation, dem L\u00f6sungsdesign und sogar dem vollst\u00e4ndigen kundenspezifischen Branding helfen wir unseren Kunden, die schwierigsten gesch\u00e4ftlichen Herausforderungen einfach und effektiv zu l\u00f6sen.<\/p><\/div><\/div><\/div><\/div><\/div>\t\t\t\t<\/div>\n\t\t\t\t<\/div>\n\t\t\t\t\t<\/div>\n\t\t<\/div>\n\t\t\t\t\t<\/div>\n\t\t<\/section>\n\t\t\t\t<section class=\"elementor-section elementor-top-section elementor-element elementor-element-8c88928 elementor-section-full_width elementor-section-height-default elementor-section-height-default\" data-id=\"8c88928\" data-element_type=\"section\" data-e-type=\"section\">\n\t\t\t\t\t\t<div class=\"elementor-container elementor-column-gap-no\">\n\t\t\t\t\t<div class=\"elementor-column elementor-col-100 elementor-top-column elementor-element elementor-element-633feef\" data-id=\"633feef\" data-element_type=\"column\" data-e-type=\"column\">\n\t\t\t<div class=\"elementor-widget-wrap elementor-element-populated\">\n\t\t\t\t\t\t<div class=\"elementor-element elementor-element-14fd17f elementor-widget elementor-widget-boston-it-text-image-full\" data-id=\"14fd17f\" data-element_type=\"widget\" data-e-type=\"widget\" data-widget_type=\"boston-it-text-image-full.default\">\n\t\t\t\t<div class=\"elementor-widget-container\">\n\t\t\t\t\t<div class=\"section text-image-full alternative-style \" style=\"--page-color: #dddddd;\"><div class=\"positioning-container-image\"><div class=\"image\" style=\"background-image: url(https:\/\/www.boston-it.com\/wp-content\/uploads\/shutterstock_555165076-1-scaled.jpg)\"><\/div><\/div><div class=\"positioning-container-content\"><div class=\"content\"><div class=\"category-title\">F\u00fchrender Technologie-Treiber<\/div><h2>Unsere Vision<\/h2><div class=\"leadIn\"><p>Als herstellerunabh\u00e4ngige IT-Solution-Factory strebt Boston-DACH danach, mit unseren Kompetenzen der f\u00fchrende Anbieter f\u00fcr kundenspezifische IT-L\u00f6sungen in Europa zu werden.<\/p><\/div><div class=\"buttons\"><div><div><\/div><\/div>\t\t\t\t<\/div>\n\t\t\t\t<\/div>\n\t\t\t\t\t<\/div>\n\t\t<\/div>\n\t\t\t\t\t<\/div>\n\t\t<\/section>\n\t\t\t\t<section class=\"elementor-section elementor-top-section elementor-element elementor-element-d581394 elementor-section-full_width elementor-section-height-default elementor-section-height-default\" data-id=\"d581394\" data-element_type=\"section\" data-e-type=\"section\">\n\t\t\t\t\t\t<div class=\"elementor-container elementor-column-gap-no\">\n\t\t\t\t\t<div class=\"elementor-column elementor-col-100 elementor-top-column elementor-element elementor-element-38920d1\" data-id=\"38920d1\" data-element_type=\"column\" data-e-type=\"column\">\n\t\t\t<div class=\"elementor-widget-wrap elementor-element-populated\">\n\t\t\t\t\t\t<div class=\"elementor-element elementor-element-36e2b41 elementor-widget elementor-widget-boston-it-text-image-full\" data-id=\"36e2b41\" data-element_type=\"widget\" data-e-type=\"widget\" data-widget_type=\"boston-it-text-image-full.default\">\n\t\t\t\t<div class=\"elementor-widget-container\">\n\t\t\t\t\t<div class=\"section text-image-full alternative-style reverse-order\" style=\"--page-color: #dddddd;\"><div class=\"positioning-container-image\"><div class=\"image\" style=\"background-image: url(https:\/\/www.boston-it.com\/wp-content\/uploads\/shutterstock_1748283530-1-scaled.jpg)\"><\/div><\/div><div class=\"positioning-container-content\"><div class=\"content\"><div class=\"category-title\">Ihr Erfolg ist unser Bestreben<\/div><h2>Unsere Mission<\/h2><div class=\"leadIn\"><p>Bei Boston treiben wir den Fortschritt voran, indem wir branchenf\u00fchrende, nachhaltige, energieeffiziente Technologien und ma\u00dfgeschneiderte Innovationen nahtlos integrieren.<\/p><p><strong>Wir entwickeln<\/strong> <strong>Produkte und L\u00f6sungen<\/strong>, welche die Vielfalt der Marktbed\u00fcrfnisse nicht nur erf\u00fcllen, sondern neu definieren.<\/p><p><strong>Wir stehen f\u00fcr<\/strong> eine Unternehmenskultur, die Wissen, Fairness und partnerschaftliche Zusammenarbeit in den Mittelpunkt stellt, um unseren Kunden einen entscheidenden Vorteil zu bieten. Sie sind der Dreh- und Angelpunkt unserer Unternehmung. \u2013 <strong>Ihr Erfolg ist unser Bestreben<\/strong>.<\/p><\/div><div class=\"buttons\"><div><div><\/div><\/div>\t\t\t\t<\/div>\n\t\t\t\t<\/div>\n\t\t\t\t\t<\/div>\n\t\t<\/div>\n\t\t\t\t\t<\/div>\n\t\t<\/section>\n\t\t\t\t<section class=\"elementor-section elementor-top-section elementor-element elementor-element-49c1ea8 elementor-section-full_width elementor-section-height-default elementor-section-height-default\" data-id=\"49c1ea8\" data-element_type=\"section\" data-e-type=\"section\">\n\t\t\t\t\t\t<div class=\"elementor-container elementor-column-gap-no\">\n\t\t\t\t\t<div class=\"elementor-column elementor-col-100 elementor-top-column elementor-element elementor-element-e4169d5\" data-id=\"e4169d5\" data-element_type=\"column\" data-e-type=\"column\">\n\t\t\t<div class=\"elementor-widget-wrap elementor-element-populated\">\n\t\t\t\t\t\t<div class=\"elementor-element elementor-element-f2ecb80 elementor-widget elementor-widget-boston-it-advantages\" data-id=\"f2ecb80\" data-element_type=\"widget\" data-e-type=\"widget\" data-widget_type=\"boston-it-advantages.default\">\n\t\t\t\t<div class=\"elementor-widget-container\">\n\t\t\t\t\t<div class=\"section advantages\" style=\"--page-color: #dddddd; --page-color-rgb: 221, 221, 221\"><div class=\"content\"><div class=\"column1\"><div class=\"column1-inner\"><div class=\"category-title\"><\/div><h2>Unsere Unternehmenswerte<\/h2><p>Unsere Unternehmenswerte spiegeln den Fokus unserer Unternehmens-Mission wider.<\/p><\/div><\/div><div class=\"list-container\"><div class=\"list-item\"><div class=\"list-item-head\"><div class=\"list-icon-container\"><i aria-hidden=\"true\" class=\"fal fa-handshake\"><\/i><\/div><h3>ZUSAMMENARBEIT<\/h3><\/div><p class=\"expandable-text\">Zusammenarbeit ist der Katalysator, der uns vorantreibt, in der Erkenntnis, dass gemeinsame Anstrengungen und gemeinsames Fachwissen zu bahnbrechenden L\u00f6sungen f\u00fchren.<\/p><button class=\"button button-expand-text\" onclick=\"expandText(this)\">Mehr Erfahren<\/button><\/div><div class=\"list-item\"><div class=\"list-item-head\"><div class=\"list-icon-container\"><i aria-hidden=\"true\" class=\"fal fa-comments\"><\/i><\/div><h3>KUNDENENGAGEMENT<\/h3><\/div><p class=\"expandable-text\">Wir engagieren uns f\u00fcr den Aufbau langfristiger Beziehungen zu unseren Kunden, die im Mittelpunkt unseres Handelns stehen, und stellen sicher, dass ihre Zufriedenheit stets unsere oberste Priorit\u00e4t ist.<\/p><button class=\"button button-expand-text\" onclick=\"expandText(this)\">Mehr Erfahren<\/button><\/div><div class=\"list-item\"><div class=\"list-item-head\"><div class=\"list-icon-container\"><i aria-hidden=\"true\" class=\"fal fa-dharmachakra\"><\/i><\/div><h3>INNOVATION<\/h3><\/div><p class=\"expandable-text\">Innovation ist unsere Leidenschaft, und wir sind bestrebt, der Zeit immer einen Schritt voraus zu sein.  Wir f\u00f6rdern eine Innovationskultur, die unser Team dazu bef\u00e4higt, neue Ideen zu entwickeln und \ndie Grenzen des M\u00f6glichen zu erweitern.<\/p><button class=\"button button-expand-text\" onclick=\"expandText(this)\">Mehr Erfahren<\/button><\/div><div class=\"list-item\"><div class=\"list-item-head\"><div class=\"list-icon-container\"><i aria-hidden=\"true\" class=\"fal fa-star\"><\/i><\/div><h3>KNOWLEDGE<\/h3><\/div><p class=\"expandable-text\">Wir wissen, dass Wissen eine entscheidende Ressource ist, die Innovation und Wachstum vorantreibt. Wir sind davon \u00fcberzeugt, dass Wissen der Schl\u00fcssel zur Entfaltung unseres vollen Potenzials ist, und wir ermutigen unsere Mitarbeiter, sich kontinuierlich weiterzubilden und beruflich zu entwickeln.<\/p><button class=\"button button-expand-text\" onclick=\"expandText(this)\">Mehr Erfahren<\/button><\/div><div class=\"list-item\"><div class=\"list-item-head\"><div class=\"list-icon-container\"><i aria-hidden=\"true\" class=\"fal fa-street-view\"><\/i><\/div><h3>VERTRAUEN<\/h3><\/div><p class=\"expandable-text\">Unser Erfolg basiert auf unseren Grundprinzipien in Bezug auf Ehrlichkeit, Zuverl\u00e4ssigkeit und Verantwortlichkeit. Es hat uns das Vertrauen derjenigen gebracht, mit denen wir zusammenarbeiten und die wir unterst\u00fctzen.<\/p><button class=\"button button-expand-text\" onclick=\"expandText(this)\">Mehr Erfahren<\/button><\/div><\/div><\/div><\/div>\t\t\t\t<\/div>\n\t\t\t\t<\/div>\n\t\t\t\t\t<\/div>\n\t\t<\/div>\n\t\t\t\t\t<\/div>\n\t\t<\/section>\n\t\t\t\t<section class=\"elementor-section elementor-top-section elementor-element elementor-element-e0aa2d4 elementor-section-boxed elementor-section-height-default elementor-section-height-default\" data-id=\"e0aa2d4\" data-element_type=\"section\" data-e-type=\"section\">\n\t\t\t\t\t\t<div class=\"elementor-container elementor-column-gap-default\">\n\t\t\t\t\t<div class=\"elementor-column elementor-col-100 elementor-top-column elementor-element elementor-element-8d578c6\" data-id=\"8d578c6\" data-element_type=\"column\" data-e-type=\"column\">\n\t\t\t<div class=\"elementor-widget-wrap elementor-element-populated\">\n\t\t\t\t\t\t<div class=\"elementor-element elementor-element-50b37dc elementor-widget elementor-widget-heading\" data-id=\"50b37dc\" data-element_type=\"widget\" data-e-type=\"widget\" data-widget_type=\"heading.default\">\n\t\t\t\t<div class=\"elementor-widget-container\">\n\t\t\t\t\t<h2 class=\"elementor-heading-title elementor-size-default\">Mehr \u00fcber Boston<\/h2>\t\t\t\t<\/div>\n\t\t\t\t<\/div>\n\t\t\t\t<div class=\"elementor-element elementor-element-063a131 elementor-widget elementor-widget-heading\" data-id=\"063a131\" data-element_type=\"widget\" data-e-type=\"widget\" data-widget_type=\"heading.default\">\n\t\t\t\t<div class=\"elementor-widget-container\">\n\t\t\t\t\t<h3 class=\"elementor-heading-title elementor-size-default\">BOSTON \u2013 DER IT-SPEZIALIST AN IHRER SEITE<\/h3>\t\t\t\t<\/div>\n\t\t\t\t<\/div>\n\t\t\t\t\t<\/div>\n\t\t<\/div>\n\t\t\t\t\t<\/div>\n\t\t<\/section>\n\t\t\t\t<section class=\"elementor-section elementor-top-section elementor-element elementor-element-b965fd2 elementor-section-boxed elementor-section-height-default elementor-section-height-default\" data-id=\"b965fd2\" data-element_type=\"section\" data-e-type=\"section\">\n\t\t\t\t\t\t<div class=\"elementor-container elementor-column-gap-default\">\n\t\t\t\t\t<div class=\"elementor-column elementor-col-50 elementor-top-column elementor-element elementor-element-f1567d7\" data-id=\"f1567d7\" data-element_type=\"column\" data-e-type=\"column\">\n\t\t\t<div class=\"elementor-widget-wrap elementor-element-populated\">\n\t\t\t\t\t\t<div class=\"elementor-element elementor-element-5fcf5c0 elementor-widget elementor-widget-boston-it-image-text-vertical\" data-id=\"5fcf5c0\" data-element_type=\"widget\" data-e-type=\"widget\" data-widget_type=\"boston-it-image-text-vertical.default\">\n\t\t\t\t<div class=\"elementor-widget-container\">\n\t\t\t\t\t<div class=\"image-text-vertical-widget \" style=\"width: 100%; height: 100%; flex-direction: column; justify-content: flex-start; align-items: center; display: inline-flex; margin-bottom: 6rem\">\n        <img decoding=\"async\" class=\"image-text-vertical-img\" style=\"align-self: cover; object-fit: cover; height: 25rem; background-color: #E5E5E5; width: 95%\" src=\"https:\/\/www.boston-it.com\/wp-content\/uploads\/world-map-with-background.jpg\" \/>\n        <div class=\"image-text-vertical-textbox\" style=\"width: 90%; flex: 1 1 33rem; padding: 32px; background: black; flex-direction: column; justify-content: space-between; align-items: flex-start; gap: 48px; display: flex; margin-top: -4rem; word-break: break-word;\">\n            <div style=\"flex-direction: column; justify-content: flex-start; align-items: flex-start; gap: 16px; display: flex\">\n                <div style=\"height: 100%; flex-direction: column; justify-content: flex-start; align-items: flex-start; display: flex\">\n                    <h4 style=\"align-self: stretch; color: #CCCCCC; font-size: 24px; font-family: Qanelas; font-weight: 400; text-transform: uppercase; line-height: 30px; letter-spacing: 4.80px; word-wrap: break-word\">Ihr lokaler Partner<\/h4>\n                    <h2 style=\"align-self: stretch; color: white; font-size: 48px; font-family: Qanelas; font-weight: 800; text-transform: uppercase; line-height: 55px; letter-spacing: 0.96px; word-wrap: break-word\">Boston Standorte<\/h2>\n                <\/div>\n                <p style=\"width: 100%; color: #B2B2B2; font-size: 18px; font-family: Open Sans; font-weight: 400; line-height: 30px; word-wrap: break-word\">Wir sind global aktiv und doch lokal f\u00fcr Sie da. Boston Server & Storage Solutions ist in der DACH-Region fl\u00e4chendeckend in allen drei L\u00e4ndern (Deutschland, \u00d6sterreich und in der Schweiz) vertreten.\n\nHolen Sie sich einen \u00dcberblick \u00fcber unsere Boston Standorte.<\/p>\n            <\/div>\n            <div class=\"text-image-vertical-btns\" style=\"justify-content: center; align-items: center; display: inline-flex\">\n                <div class=\"buttons button-group\" style=\"align-items: center; display: flex\">\n                       <div class=\"button-rainbow-container\"><a href=\"https:\/\/www.boston-it.com\/ch\/uber-boston\/unternehmen\/standorte\/\" class=\"button button-invert\" target=\"_blank\" rel=\"nofollow\">Unsere Standorte<\/a><\/div>\n                <\/div>\n            <\/div>\n        <\/div>\n    <\/div>\t\t\t\t<\/div>\n\t\t\t\t<\/div>\n\t\t\t\t\t<\/div>\n\t\t<\/div>\n\t\t\t\t<div class=\"elementor-column elementor-col-50 elementor-top-column elementor-element elementor-element-bcd1a58\" data-id=\"bcd1a58\" data-element_type=\"column\" data-e-type=\"column\">\n\t\t\t<div class=\"elementor-widget-wrap elementor-element-populated\">\n\t\t\t\t\t\t<div class=\"elementor-element elementor-element-421abd2 elementor-widget elementor-widget-boston-it-image-text-vertical\" data-id=\"421abd2\" data-element_type=\"widget\" data-e-type=\"widget\" data-widget_type=\"boston-it-image-text-vertical.default\">\n\t\t\t\t<div class=\"elementor-widget-container\">\n\t\t\t\t\t<div class=\"image-text-vertical-widget \" style=\"width: 100%; height: 100%; flex-direction: column; justify-content: flex-start; align-items: center; display: inline-flex; margin-bottom: 6rem\">\n        <img decoding=\"async\" class=\"image-text-vertical-img\" style=\"align-self: cover; object-fit: cover; height: 25rem; background-color: #E5E5E5; width: 95%\" src=\"https:\/\/www.boston-it.com\/wp-content\/uploads\/shutterstock_1914787453-scaled.jpg\" \/>\n        <div class=\"image-text-vertical-textbox\" style=\"width: 90%; flex: 1 1 33rem; padding: 32px; background: black; flex-direction: column; justify-content: space-between; align-items: flex-start; gap: 48px; display: flex; margin-top: -4rem; word-break: break-word;\">\n            <div style=\"flex-direction: column; justify-content: flex-start; align-items: flex-start; gap: 16px; display: flex\">\n                <div style=\"height: 100%; flex-direction: column; justify-content: flex-start; align-items: flex-start; display: flex\">\n                    <h4 style=\"align-self: stretch; color: #CCCCCC; font-size: 24px; font-family: Qanelas; font-weight: 400; text-transform: uppercase; line-height: 30px; letter-spacing: 4.80px; word-wrap: break-word\">Boston Portfolio<\/h4>\n                    <h2 style=\"align-self: stretch; color: white; font-size: 48px; font-family: Qanelas; font-weight: 800; text-transform: uppercase; line-height: 55px; letter-spacing: 0.96px; word-wrap: break-word\">Unsere L\u00f6sungen<\/h2>\n                <\/div>\n                <p style=\"width: 100%; color: #B2B2B2; font-size: 18px; font-family: Open Sans; font-weight: 400; line-height: 30px; word-wrap: break-word\">Wir bieten standardisierte, aber auch ma\u00dfgefertigte IT-Infrastruktur-L\u00f6sungen an. Je nach Einsatzgebiet und Anwendung beraten wir Sie individuell, um die passende L\u00f6sung f\u00fcr Sie zu finden und zu implementieren.<\/p>\n            <\/div>\n            <div class=\"text-image-vertical-btns\" style=\"justify-content: center; align-items: center; display: inline-flex\">\n                <div class=\"buttons button-group\" style=\"align-items: center; display: flex\">\n                       <div class=\"button-rainbow-container\"><a href=\"https:\/\/www.boston-it.com\/ch\/loesungen\/\" class=\"button button-invert\" target=\"_blank\" rel=\"nofollow\">Unsere L\u00f6sungen<\/a><\/div>\n                <\/div>\n            <\/div>\n        <\/div>\n    <\/div>\t\t\t\t<\/div>\n\t\t\t\t<\/div>\n\t\t\t\t\t<\/div>\n\t\t<\/div>\n\t\t\t\t\t<\/div>\n\t\t<\/section>\n\t\t\t\t<\/div>\n\t\t","protected":false},"excerpt":{"rendered":"<p>Home Boston-IT &#8211; Das Unternehmen Das sind wir Boston Server &#038; Storage Solutions Die Boston-Gruppe hat eine 30-j\u00e4hrige Firmengeschichte und entwickelt sich immer weiter. Lernen Sie Boston Server &amp; Storage Solutions kennen mit seiner Vision, Mission und all seinen Unternehmenswerten. Boston in der DACH-Region Das sind wir Die Unternehmensgeschichte von Boston Server und Storage Solutions&#8230;<\/p>\n","protected":false},"author":10,"featured_media":26100,"parent":27814,"menu_order":1,"comment_status":"closed","ping_status":"closed","template":"","meta":{"_acf_changed":false,"footnotes":""},"class_list":["post-27726","page","type-page","status-publish","has-post-thumbnail","hentry"],"acf":[],"_links":{"self":[{"href":"https:\/\/www.boston-it.com\/at\/wp-json\/wp\/v2\/pages\/27726","targetHints":{"allow":["GET"]}}],"collection":[{"href":"https:\/\/www.boston-it.com\/at\/wp-json\/wp\/v2\/pages"}],"about":[{"href":"https:\/\/www.boston-it.com\/at\/wp-json\/wp\/v2\/types\/page"}],"author":[{"embeddable":true,"href":"https:\/\/www.boston-it.com\/at\/wp-json\/wp\/v2\/users\/10"}],"replies":[{"embeddable":true,"href":"https:\/\/www.boston-it.com\/at\/wp-json\/wp\/v2\/comments?post=27726"}],"version-history":[{"count":3,"href":"https:\/\/www.boston-it.com\/at\/wp-json\/wp\/v2\/pages\/27726\/revisions"}],"predecessor-version":[{"id":28395,"href":"https:\/\/www.boston-it.com\/at\/wp-json\/wp\/v2\/pages\/27726\/revisions\/28395"}],"up":[{"embeddable":true,"href":"https:\/\/www.boston-it.com\/at\/wp-json\/wp\/v2\/pages\/27814"}],"wp:featuredmedia":[{"embeddable":true,"href":"https:\/\/www.boston-it.com\/at\/wp-json\/wp\/v2\/media\/26100"}],"wp:attachment":[{"href":"https:\/\/www.boston-it.com\/at\/wp-json\/wp\/v2\/media?parent=27726"}],"curies":[{"name":"wp","href":"https:\/\/api.w.org\/{rel}","templated":true}]}}