{"id":27828,"date":"2023-07-18T13:35:07","date_gmt":"2023-07-18T11:35:07","guid":{"rendered":"https:\/\/www.boston-it.com\/venom-workstation\/"},"modified":"2024-07-17T13:08:33","modified_gmt":"2024-07-17T11:08:33","slug":"venom-workstation","status":"publish","type":"page","link":"https:\/\/www.boston-it.com\/at\/loesungen\/business-line-serie\/venom-workstation\/","title":{"rendered":"Venom Workstation"},"content":{"rendered":"\t\t<div data-elementor-type=\"wp-page\" data-elementor-id=\"27828\" class=\"elementor elementor-27828 elementor-1928\" data-elementor-post-type=\"page\">\n\t\t\t\t\t\t<section class=\"elementor-section elementor-top-section elementor-element elementor-element-c65b096 elementor-section-full_width elementor-section-height-default elementor-section-height-default\" data-id=\"c65b096\" data-element_type=\"section\" data-e-type=\"section\">\n\t\t\t\t\t\t<div class=\"elementor-container elementor-column-gap-no\">\n\t\t\t\t\t<div class=\"elementor-column elementor-col-100 elementor-top-column elementor-element elementor-element-44939c4\" data-id=\"44939c4\" data-element_type=\"column\" data-e-type=\"column\">\n\t\t\t<div class=\"elementor-widget-wrap elementor-element-populated\">\n\t\t\t\t\t\t<div class=\"elementor-element elementor-element-660d17f elementor-widget elementor-widget-boston-it-section-intro\" data-id=\"660d17f\" data-element_type=\"widget\" data-e-type=\"widget\" data-widget_type=\"boston-it-section-intro.default\">\n\t\t\t\t<div class=\"elementor-widget-container\">\n\t\t\t\t\t<div class=\"section intro  \" style=\"--page-color: #40D9E3;--page-color-rgb: 64, 217, 227;background-image: url(https:\/\/www.boston-it.com\/wp-content\/uploads\/shutterstock_1248830440-scaled.jpg); background-size: cover\"><div id=\"breadcrumbs\">\n    <a href=https:\/\/www.boston-it.com\/at\/>Home<\/a>\n    <svg xmlns=\"http:\/\/www.w3.org\/2000\/svg\" width=\"18\" height=\"35\" viewBox=\"0 0 18 35\" fill=\"none\"><path fill-rule=\"evenodd\" clip-rule=\"evenodd\" d=\"M0.692929 35L17.4863 17.5L16.7939 16.7785L16.7936 16.7788L0.692354 -4.26329e-07L-3.43866e-05 0.721524L16.1013 17.5003L0.000539107 34.2785L0.692929 35Z\" fill=\"white\" fill-opacity=\"0.2\"\/><\/svg><a class=\"active\">Venom Workstation <\/a>\n    <\/div><div class=\"inner\"><h1 class=\"category-title\">High end Workstations<\/h1><h2>BOSTON VENOM WORKSTATIONS Serie<\/h2><div class=\"leadIn\"><p>Venom Workstations sind f\u00fcr Anwendungen optimiert, die leistungsstarke Grafikfunktionen erfordern, einschlie\u00dflich Rendering, Bildverarbeitung, wissenschaftliche und technische Aufgaben. Venom Workstations sind ideal geeignet f\u00fcr den Einsatz in den Bereichen wie Medien und Unterhaltung, Fertigung und Design, Deep Learning, Analytics, Simulation und Modellierung sowie Architektur und Ingenieurwesen.<\/p><\/div><div class=\"buttons\"><div class=\"button-rainbow-container\" style=\"--glow-color:#40D9E3\"><a href=\"https:\/\/forms.office.com\/e\/1vehd5p8TX\" class=\"button button-invert\" target=\"_blank\" rel=\"nofollow noopener\">Teststellung anfragen<\/a><\/div><div><\/div><\/div>\t\t\t\t<\/div>\n\t\t\t\t<\/div>\n\t\t\t\t\t<\/div>\n\t\t<\/div>\n\t\t\t\t\t<\/div>\n\t\t<\/section>\n\t\t\t\t<section class=\"elementor-section elementor-top-section elementor-element elementor-element-6b914a2 elementor-section-full_width elementor-section-height-default elementor-section-height-default\" data-id=\"6b914a2\" data-element_type=\"section\" data-e-type=\"section\">\n\t\t\t\t\t\t<div class=\"elementor-container elementor-column-gap-default\">\n\t\t\t\t\t<div class=\"elementor-column elementor-col-100 elementor-top-column elementor-element elementor-element-9e528ee\" data-id=\"9e528ee\" data-element_type=\"column\" data-e-type=\"column\">\n\t\t\t<div class=\"elementor-widget-wrap elementor-element-populated\">\n\t\t\t\t\t\t<div class=\"elementor-element elementor-element-b06a222 elementor-widget elementor-widget-spacer\" data-id=\"b06a222\" data-element_type=\"widget\" data-e-type=\"widget\" data-widget_type=\"spacer.default\">\n\t\t\t\t<div class=\"elementor-widget-container\">\n\t\t\t\t\t\t\t<div class=\"elementor-spacer\">\n\t\t\t<div class=\"elementor-spacer-inner\"><\/div>\n\t\t<\/div>\n\t\t\t\t\t\t<\/div>\n\t\t\t\t<\/div>\n\t\t\t\t<div class=\"elementor-element elementor-element-6928088 elementor-widget elementor-widget-boston-it-text-image-full\" data-id=\"6928088\" data-element_type=\"widget\" data-e-type=\"widget\" data-widget_type=\"boston-it-text-image-full.default\">\n\t\t\t\t<div class=\"elementor-widget-container\">\n\t\t\t\t\t<div class=\"section text-image-full  \" style=\"--page-color: #40D9E3;\"><div class=\"positioning-container-image\"><div class=\"image\" style=\"background-image: url(https:\/\/www.boston-it.com\/wp-content\/uploads\/Boston-Business-Line-Venom-Collage-Workstation-Single-Supermicro-AS-5014A-TT-Kopie.jpg)\"><\/div><\/div><div class=\"positioning-container-content\"><div class=\"content\"><div class=\"category-title\">Boston Business Line Workstations<\/div><h2>Boston Venom Workstation Serie<\/h2><div class=\"leadIn\"><p>Mit ihren umfangreichen Multimedia-Funktionen bietet sie ein enormes Ma\u00df an Flexibilit\u00e4t, von einer Standard-Workstation bis zum File-Server mit einem fl\u00fcsterleisen Geh\u00e4use sowie extrem effizienter K\u00fchlung und Design.<\/p><p>Venom-Workstations sind in einer Reihe von anpassbaren Formfaktoren und Ausf\u00fchrungen mit optionalen Software-Add-Ons erh\u00e4ltlich, so dass Ihr System sofort einsatzbereit ist und mit der Arbeit beginnen kann!<\/p><\/div><div class=\"buttons\"><div class=\"button-rainbow-container\"><a href=\"https:\/\/www.boston-it.com\/at\/loesungen\/business-line-serie\/venom-workstation\/workstation-venom\/\" class=\"button\" target=\"_blank\" rel=\"nofollow\">ZUR PRODUKT\u00dcBERSICHT<\/a><\/div><div><div><\/div><\/div>\t\t\t\t<\/div>\n\t\t\t\t<\/div>\n\t\t\t\t\t<\/div>\n\t\t<\/div>\n\t\t\t\t\t<\/div>\n\t\t<\/section>\n\t\t\t\t<section class=\"elementor-section elementor-top-section elementor-element elementor-element-54c8fb5 elementor-section-full_width elementor-section-height-default elementor-section-height-default\" data-id=\"54c8fb5\" data-element_type=\"section\" data-e-type=\"section\">\n\t\t\t\t\t\t<div class=\"elementor-container elementor-column-gap-default\">\n\t\t\t\t\t<div class=\"elementor-column elementor-col-100 elementor-top-column elementor-element elementor-element-1c13d10\" data-id=\"1c13d10\" data-element_type=\"column\" data-e-type=\"column\">\n\t\t\t<div class=\"elementor-widget-wrap elementor-element-populated\">\n\t\t\t\t\t\t<div class=\"elementor-element elementor-element-bd74f92 elementor-widget elementor-widget-boston-it-advantages\" data-id=\"bd74f92\" data-element_type=\"widget\" data-e-type=\"widget\" data-widget_type=\"boston-it-advantages.default\">\n\t\t\t\t<div class=\"elementor-widget-container\">\n\t\t\t\t\t<div class=\"section advantages\" style=\"--page-color: #40D9E3; --page-color-rgb: 64, 217, 227\"><div class=\"content\"><div class=\"column1\"><div class=\"column1-inner\"><div class=\"category-title\">Boston Business Line Venom Workstations<\/div><h2>Einsatzgebiete<\/h2><p>Boston ist ein weltweit f\u00fchrender Anbieter von Workstation-Technologien f\u00fcr jeden Anwendungsfall, der die besten Workstations f\u00fcr Ihre Workloads mit den hochwertigsten Komponenten anpasst. Von Desktop-B\u00fcrocomputern bis hin zu kompletten VFX-Studio-Installationen verf\u00fcgen wir \u00fcber die Erfahrung, die Sie ben\u00f6tigen, um Ihre Kreativit\u00e4t auf die n\u00e4chste Stufe zu heben.<\/p><\/div><\/div><div class=\"list-container\"><div class=\"list-item\"><div class=\"list-item-head\"><div class=\"list-icon-container\"><i aria-hidden=\"true\" class=\"fal fa-film\"><\/i><\/div><h3>Medien und Unterhaltung<\/h3><\/div><p class=\"expandable-text\">VENOM Workstation L\u00f6sungen, die f\u00fcr Workloads mit 3DS Max, Maya, Adobe Creative Cloud, Cinema 4D und DaVinci Resolve entwickelt wurden.<\/p><button class=\"button button-expand-text\" onclick=\"expandText(this)\">Mehr Erfahren<\/button><\/div><div class=\"list-item\"><div class=\"list-item-head\"><div class=\"list-icon-container\"><i aria-hidden=\"true\" class=\"fal fa-archway\"><\/i><\/div><h3>CAD, Architectur und Design<\/h3><\/div><p class=\"expandable-text\">Hochoptimierte Workstation L\u00f6sungen, die f\u00fcr die Arbeit mit AutoCAD, ArchiCAD, Revit, Lumion und Rhino entwickelt wurden.<\/p><button class=\"button button-expand-text\" onclick=\"expandText(this)\">Mehr Erfahren<\/button><\/div><div class=\"list-item\"><div class=\"list-item-head\"><div class=\"list-icon-container\"><i aria-hidden=\"true\" class=\"fal fa-car-crash\"><\/i><\/div><h3>3D Simulation & Modellierung<\/h3><\/div><p class=\"expandable-text\">Leistungsstarke Workstations f\u00fcr den professionellen Einsatz mit h\u00f6chste Zuverl\u00e4ssigkeit um Innovationen mit Ansys Simulationstechnologien vorantreiben zu k\u00f6nnen.<\/p><button class=\"button button-expand-text\" onclick=\"expandText(this)\">Mehr Erfahren<\/button><\/div><div class=\"list-item\"><div class=\"list-item-head\"><div class=\"list-icon-container\"><i aria-hidden=\"true\" class=\"fal fa-book-open\"><\/i><\/div><h3>AI und Deep Learning<\/h3><\/div><p class=\"expandable-text\">GPU Workstation L\u00f6sungen, die f\u00fcr Workloads entwickelt wurden, die PYTorch, TensorFlow, Caffe 2 und mxnet verwenden und beste Leistung f\u00fcr AI workloads bietet.<\/p><button class=\"button button-expand-text\" onclick=\"expandText(this)\">Mehr Erfahren<\/button><\/div><div class=\"list-item\"><div class=\"list-item-head\"><div class=\"list-icon-container\"><i aria-hidden=\"true\" class=\"fal fa-clinic-medical\"><\/i><\/div><h3>Healthcare und Industrie<\/h3><\/div><p class=\"expandable-text\">L\u00fcfterlose Workstations kombinieren den Komfort eines fl\u00fcsterleisen Arbeitsplatzes welcher in besonder l\u00e4rmempfindlichen R\u00e4umen nicht geh\u00f6rt wreden k\u00f6nnen, aber auch in Staubintensieven Produktionsst\u00e4tten ihr Einsatzgebiet finden.<\/p><button class=\"button button-expand-text\" onclick=\"expandText(this)\">Mehr Erfahren<\/button><\/div><div class=\"list-item\"><div class=\"list-item-head\"><div class=\"list-icon-container\"><i aria-hidden=\"true\" class=\"fal fa-gamepad-alt\"><\/i><\/div><h3>Gaming<\/h3><\/div><p class=\"expandable-text\">Leistungsstarke Gaming VENOM Workstations der Enterprise-Klasse mit hochperformaten Prozessoren und Grafikkarten, sowie modernsten K\u00fchltechnologien wie Luft- oder Fl\u00fcssigkeit gek\u00fclte CPUs und GPUs sorgen f\u00fcr das ultimative Gaming-Erlebnis.<\/p><button class=\"button button-expand-text\" onclick=\"expandText(this)\">Mehr Erfahren<\/button><\/div><\/div><\/div><\/div>\t\t\t\t<\/div>\n\t\t\t\t<\/div>\n\t\t\t\t\t<\/div>\n\t\t<\/div>\n\t\t\t\t\t<\/div>\n\t\t<\/section>\n\t\t\t\t<section class=\"elementor-section elementor-top-section elementor-element elementor-element-2163901e elementor-section-boxed elementor-section-height-default elementor-section-height-default\" data-id=\"2163901e\" data-element_type=\"section\" data-e-type=\"section\">\n\t\t\t\t\t\t<div class=\"elementor-container elementor-column-gap-default\">\n\t\t\t\t\t<div class=\"elementor-column elementor-col-100 elementor-top-column elementor-element elementor-element-54cce41a\" data-id=\"54cce41a\" data-element_type=\"column\" data-e-type=\"column\">\n\t\t\t<div class=\"elementor-widget-wrap elementor-element-populated\">\n\t\t\t\t\t\t<div class=\"elementor-element elementor-element-44f9aeee elementor-widget elementor-widget-heading\" data-id=\"44f9aeee\" data-element_type=\"widget\" data-e-type=\"widget\" data-widget_type=\"heading.default\">\n\t\t\t\t<div class=\"elementor-widget-container\">\n\t\t\t\t\t<h2 class=\"elementor-heading-title elementor-size-default\">H\u00e4ufig gestellte Fragen<\/h2>\t\t\t\t<\/div>\n\t\t\t\t<\/div>\n\t\t\t\t<div class=\"elementor-element elementor-element-6a86ddb7 elementor-widget elementor-widget-text-editor\" data-id=\"6a86ddb7\" data-element_type=\"widget\" data-e-type=\"widget\" data-widget_type=\"text-editor.default\">\n\t\t\t\t<div class=\"elementor-widget-container\">\n\t\t\t\t\t\t\t\t\t<p>Folgende Fragen zum Thema Boston VENOM Workstations erreichen uns am h\u00e4ufigsten. Sollten Sie andere Fragen zur Technologie haben, kommen Sie sehr gerne pers\u00f6nlich auf uns zu.<\/p>\n\t\t\t\t\t\t\t\t<\/div>\n\t\t\t\t<\/div>\n\t\t\t\t\t<\/div>\n\t\t<\/div>\n\t\t\t\t\t<\/div>\n\t\t<\/section>\n\t\t\t\t<section class=\"elementor-section elementor-top-section elementor-element elementor-element-2455825e elementor-section-boxed elementor-section-height-default elementor-section-height-default\" data-id=\"2455825e\" data-element_type=\"section\" data-e-type=\"section\">\n\t\t\t\t\t\t<div class=\"elementor-container elementor-column-gap-default\">\n\t\t\t\t\t<div class=\"elementor-column elementor-col-50 elementor-top-column elementor-element elementor-element-4c1ad915\" data-id=\"4c1ad915\" data-element_type=\"column\" data-e-type=\"column\">\n\t\t\t<div class=\"elementor-widget-wrap elementor-element-populated\">\n\t\t\t\t\t\t<div class=\"elementor-element elementor-element-749b354e elementor-widget elementor-widget-toggle\" data-id=\"749b354e\" data-element_type=\"widget\" data-e-type=\"widget\" data-widget_type=\"toggle.default\">\n\t\t\t\t<div class=\"elementor-widget-container\">\n\t\t\t\t\t\t\t<div class=\"elementor-toggle\">\n\t\t\t\t\t\t\t<div class=\"elementor-toggle-item\">\n\t\t\t\t\t<h3 id=\"elementor-tab-title-1951\" class=\"elementor-tab-title\" data-tab=\"1\" role=\"button\" aria-controls=\"elementor-tab-content-1951\" aria-expanded=\"false\">\n\t\t\t\t\t\t\t\t\t\t\t\t<a class=\"elementor-toggle-title\" tabindex=\"0\">Was sind Boston \"VENOM\" Workstations?<\/a>\n\t\t\t\t\t<\/h3>\n\n\t\t\t\t\t<div id=\"elementor-tab-content-1951\" class=\"elementor-tab-content elementor-clearfix\" data-tab=\"1\" role=\"region\" aria-labelledby=\"elementor-tab-title-1951\"><p>Die Boston VENOMS, sind Workstation der Enterpriseklasse, welche validiert, vorkonfiguriert sind und auf den Bedarf des Endanwenders angepasst werden k\u00f6nnen.<\/p>\n<\/div>\n\t\t\t\t<\/div>\n\t\t\t\t\t\t\t<div class=\"elementor-toggle-item\">\n\t\t\t\t\t<h3 id=\"elementor-tab-title-1952\" class=\"elementor-tab-title\" data-tab=\"2\" role=\"button\" aria-controls=\"elementor-tab-content-1952\" aria-expanded=\"false\">\n\t\t\t\t\t\t\t\t\t\t\t\t<a class=\"elementor-toggle-title\" tabindex=\"0\">Wie unterscheiden sich Boston VENOM von anderen Workstations auf dem Markt?<\/a>\n\t\t\t\t\t<\/h3>\n\n\t\t\t\t\t<div id=\"elementor-tab-content-1952\" class=\"elementor-tab-content elementor-clearfix\" data-tab=\"2\" role=\"region\" aria-labelledby=\"elementor-tab-title-1952\"><p>Boston Venom Workstation unterscheiden sich durch ihre vielfalt und flexibilt\u00e4t, welche auf Kundenwunsch angepasst werden k\u00f6nnen.<\/p>\n<\/div>\n\t\t\t\t<\/div>\n\t\t\t\t\t\t\t\t\t\t<script type=\"application\/ld+json\">{\"@context\":\"https:\\\/\\\/schema.org\",\"@type\":\"FAQPage\",\"mainEntity\":[{\"@type\":\"Question\",\"name\":\"Was sind Boston \\\"VENOM\\\" Workstations?\",\"acceptedAnswer\":{\"@type\":\"Answer\",\"text\":\"<p>Die Boston VENOMS, sind Workstation der Enterpriseklasse, welche validiert, vorkonfiguriert sind und auf den Bedarf des Endanwenders angepasst werden k\\u00f6nnen.<\\\/p>\\n\"}},{\"@type\":\"Question\",\"name\":\"Wie unterscheiden sich Boston VENOM von anderen Workstations auf dem Markt?\",\"acceptedAnswer\":{\"@type\":\"Answer\",\"text\":\"<p>Boston Venom Workstation unterscheiden sich durch ihre vielfalt und flexibilt\\u00e4t, welche auf Kundenwunsch angepasst werden k\\u00f6nnen.<\\\/p>\\n\"}}]}<\/script>\n\t\t\t\t\t<\/div>\n\t\t\t\t\t\t<\/div>\n\t\t\t\t<\/div>\n\t\t\t\t\t<\/div>\n\t\t<\/div>\n\t\t\t\t<div class=\"elementor-column elementor-col-50 elementor-top-column elementor-element elementor-element-347388be\" data-id=\"347388be\" data-element_type=\"column\" data-e-type=\"column\">\n\t\t\t<div class=\"elementor-widget-wrap elementor-element-populated\">\n\t\t\t\t\t\t<div class=\"elementor-element elementor-element-2c5a1e89 elementor-widget elementor-widget-toggle\" data-id=\"2c5a1e89\" data-element_type=\"widget\" data-e-type=\"widget\" data-widget_type=\"toggle.default\">\n\t\t\t\t<div class=\"elementor-widget-container\">\n\t\t\t\t\t\t\t<div class=\"elementor-toggle\">\n\t\t\t\t\t\t\t<div class=\"elementor-toggle-item\">\n\t\t\t\t\t<h3 id=\"elementor-tab-title-7441\" class=\"elementor-tab-title\" data-tab=\"1\" role=\"button\" aria-controls=\"elementor-tab-content-7441\" aria-expanded=\"false\">\n\t\t\t\t\t\t\t\t\t\t\t\t<a class=\"elementor-toggle-title\" tabindex=\"0\">Gibt es f\u00fcr die Boston VENOM Workstation einen Support Service?<\/a>\n\t\t\t\t\t<\/h3>\n\n\t\t\t\t\t<div id=\"elementor-tab-content-7441\" class=\"elementor-tab-content elementor-clearfix\" data-tab=\"1\" role=\"region\" aria-labelledby=\"elementor-tab-title-7441\"><p>Selbstverst\u00e4ndlich bieten wir alle g\u00e4ngigen Service Level von 5 Tage x 9 Std. NBD bis 7 Tage x 24 Std. 4 Reaktionszeit bis zu 5 Jahre f\u00fcr die Business Line Venom Workstation an.<\/p>\n<\/div>\n\t\t\t\t<\/div>\n\t\t\t\t\t\t\t<div class=\"elementor-toggle-item\">\n\t\t\t\t\t<h3 id=\"elementor-tab-title-7442\" class=\"elementor-tab-title\" data-tab=\"2\" role=\"button\" aria-controls=\"elementor-tab-content-7442\" aria-expanded=\"false\">\n\t\t\t\t\t\t\t\t\t\t\t\t<a class=\"elementor-toggle-title\" tabindex=\"0\">Welcher Plattform-Hersteller wurde f\u00fcr die Workstations qualifiziert?<\/a>\n\t\t\t\t\t<\/h3>\n\n\t\t\t\t\t<div id=\"elementor-tab-content-7442\" class=\"elementor-tab-content elementor-clearfix\" data-tab=\"2\" role=\"region\" aria-labelledby=\"elementor-tab-title-7442\"><p>Als Plattform Hersteller setzten wir auf die Super Workstations von Supermicro, welche mit AMD Ryzen und EPYC sowie mit INTEL Pentium und XEON CPU\u00b4s angeboten werden<\/p><\/div>\n\t\t\t\t<\/div>\n\t\t\t\t\t\t\t\t\t\t<script type=\"application\/ld+json\">{\"@context\":\"https:\\\/\\\/schema.org\",\"@type\":\"FAQPage\",\"mainEntity\":[{\"@type\":\"Question\",\"name\":\"Gibt es f\\u00fcr die Boston VENOM Workstation einen Support Service?\",\"acceptedAnswer\":{\"@type\":\"Answer\",\"text\":\"<p>Selbstverst\\u00e4ndlich bieten wir alle g\\u00e4ngigen Service Level von 5 Tage x 9 Std. NBD bis 7 Tage x 24 Std. 4 Reaktionszeit bis zu 5 Jahre f\\u00fcr die Business Line Venom Workstation an.<\\\/p>\\n\"}},{\"@type\":\"Question\",\"name\":\"Welcher Plattform-Hersteller wurde f\\u00fcr die Workstations qualifiziert?\",\"acceptedAnswer\":{\"@type\":\"Answer\",\"text\":\"<p>Als Plattform Hersteller setzten wir auf die Super Workstations von Supermicro, welche mit AMD Ryzen und EPYC sowie mit INTEL Pentium und XEON CPU\\u00b4s angeboten werden<\\\/p>\"}}]}<\/script>\n\t\t\t\t\t<\/div>\n\t\t\t\t\t\t<\/div>\n\t\t\t\t<\/div>\n\t\t\t\t\t<\/div>\n\t\t<\/div>\n\t\t\t\t\t<\/div>\n\t\t<\/section>\n\t\t\t\t<section class=\"elementor-section elementor-top-section elementor-element elementor-element-97fb13e elementor-section-boxed elementor-section-height-default elementor-section-height-default\" data-id=\"97fb13e\" data-element_type=\"section\" data-e-type=\"section\">\n\t\t\t\t\t\t<div class=\"elementor-container elementor-column-gap-default\">\n\t\t\t\t\t<div class=\"elementor-column elementor-col-100 elementor-top-column elementor-element elementor-element-865944f\" data-id=\"865944f\" data-element_type=\"column\" data-e-type=\"column\">\n\t\t\t<div class=\"elementor-widget-wrap elementor-element-populated\">\n\t\t\t\t\t\t<div class=\"elementor-element elementor-element-5bfd692 elementor-widget elementor-widget-spacer\" data-id=\"5bfd692\" data-element_type=\"widget\" data-e-type=\"widget\" data-widget_type=\"spacer.default\">\n\t\t\t\t<div class=\"elementor-widget-container\">\n\t\t\t\t\t\t\t<div class=\"elementor-spacer\">\n\t\t\t<div class=\"elementor-spacer-inner\"><\/div>\n\t\t<\/div>\n\t\t\t\t\t\t<\/div>\n\t\t\t\t<\/div>\n\t\t\t\t\t<\/div>\n\t\t<\/div>\n\t\t\t\t\t<\/div>\n\t\t<\/section>\n\t\t\t\t<\/div>\n\t\t","protected":false},"excerpt":{"rendered":"<p>Home Venom Workstation High end Workstations BOSTON VENOM WORKSTATIONS Serie Venom Workstations sind f\u00fcr Anwendungen optimiert, die leistungsstarke Grafikfunktionen erfordern, einschlie\u00dflich Rendering, Bildverarbeitung, wissenschaftliche und technische Aufgaben. Venom Workstations sind ideal geeignet f\u00fcr den Einsatz in den Bereichen wie Medien und Unterhaltung, Fertigung und Design, Deep Learning, Analytics, Simulation und Modellierung sowie Architektur und Ingenieurwesen&#8230;.<\/p>\n","protected":false},"author":8,"featured_media":0,"parent":27898,"menu_order":0,"comment_status":"closed","ping_status":"closed","template":"","meta":{"_acf_changed":false,"footnotes":""},"class_list":["post-27828","page","type-page","status-publish","hentry"],"acf":[],"_links":{"self":[{"href":"https:\/\/www.boston-it.com\/at\/wp-json\/wp\/v2\/pages\/27828","targetHints":{"allow":["GET"]}}],"collection":[{"href":"https:\/\/www.boston-it.com\/at\/wp-json\/wp\/v2\/pages"}],"about":[{"href":"https:\/\/www.boston-it.com\/at\/wp-json\/wp\/v2\/types\/page"}],"author":[{"embeddable":true,"href":"https:\/\/www.boston-it.com\/at\/wp-json\/wp\/v2\/users\/8"}],"replies":[{"embeddable":true,"href":"https:\/\/www.boston-it.com\/at\/wp-json\/wp\/v2\/comments?post=27828"}],"version-history":[{"count":13,"href":"https:\/\/www.boston-it.com\/at\/wp-json\/wp\/v2\/pages\/27828\/revisions"}],"predecessor-version":[{"id":38731,"href":"https:\/\/www.boston-it.com\/at\/wp-json\/wp\/v2\/pages\/27828\/revisions\/38731"}],"up":[{"embeddable":true,"href":"https:\/\/www.boston-it.com\/at\/wp-json\/wp\/v2\/pages\/27898"}],"wp:attachment":[{"href":"https:\/\/www.boston-it.com\/at\/wp-json\/wp\/v2\/media?parent=27828"}],"curies":[{"name":"wp","href":"https:\/\/api.w.org\/{rel}","templated":true}]}}