{"id":27840,"date":"2023-07-18T12:48:27","date_gmt":"2023-07-18T10:48:27","guid":{"rendered":"https:\/\/www.boston-it.com\/backup-disaster-recovery\/"},"modified":"2024-06-17T08:19:10","modified_gmt":"2024-06-17T06:19:10","slug":"backup-disaster-recovery","status":"publish","type":"page","link":"https:\/\/www.boston-it.com\/at\/loesungen\/storage-backup\/backup-disaster-recovery\/","title":{"rendered":"Backup &#038; Disaster Recovery"},"content":{"rendered":"\t\t<div data-elementor-type=\"wp-page\" data-elementor-id=\"27840\" class=\"elementor elementor-27840 elementor-1890\" data-elementor-post-type=\"page\">\n\t\t\t\t\t\t<section class=\"elementor-section elementor-top-section elementor-element elementor-element-c65b096 elementor-section-full_width elementor-section-height-default elementor-section-height-default\" data-id=\"c65b096\" data-element_type=\"section\" data-e-type=\"section\">\n\t\t\t\t\t\t<div class=\"elementor-container elementor-column-gap-no\">\n\t\t\t\t\t<div class=\"elementor-column elementor-col-100 elementor-top-column elementor-element elementor-element-44939c4\" data-id=\"44939c4\" data-element_type=\"column\" data-e-type=\"column\">\n\t\t\t<div class=\"elementor-widget-wrap elementor-element-populated\">\n\t\t\t\t\t\t<div class=\"elementor-element elementor-element-660d17f elementor-widget elementor-widget-boston-it-section-intro\" data-id=\"660d17f\" data-element_type=\"widget\" data-e-type=\"widget\" data-widget_type=\"boston-it-section-intro.default\">\n\t\t\t\t<div class=\"elementor-widget-container\">\n\t\t\t\t\t<div class=\"section intro  \" style=\"--page-color: #B66DDB;--page-color-rgb: 182, 109, 219;background-image: url(https:\/\/www.boston-it.com\/wp-content\/uploads\/Backup-shutterstock_1315649432-scaled.jpg); background-size: cover\"><div id=\"breadcrumbs\">\n    <a href=https:\/\/www.boston-it.com\/at\/>Home<\/a>\n    <svg xmlns=\"http:\/\/www.w3.org\/2000\/svg\" width=\"18\" height=\"35\" viewBox=\"0 0 18 35\" fill=\"none\"><path fill-rule=\"evenodd\" clip-rule=\"evenodd\" d=\"M0.692929 35L17.4863 17.5L16.7939 16.7785L16.7936 16.7788L0.692354 -4.26329e-07L-3.43866e-05 0.721524L16.1013 17.5003L0.000539107 34.2785L0.692929 35Z\" fill=\"white\" fill-opacity=\"0.2\"\/><\/svg><a class=\"active\">Backup &#038; Disaster Recovery <\/a>\n    <\/div><div class=\"inner\"><h1 class=\"category-title\">Backup im Fokus<\/h1><h2>Backup & Restore bei Boston<\/h2><div class=\"leadIn\"><p>Datensicherung ist heute\u00a0 wichtiger, denn je. Denn Daten sind das Herz eines jeden Unternehmens. Ohne Daten kann heute kein Unternehmen mehr bestehen. Deshalb ist das Sichern der Daten (Backup) unabdingbar. Doch mindestens genauso wichtig ist das Wiederherstellen der Daten in einem m\u00f6glichst kurzen Zeitraum.<\/p><p>Und \u00fcbrigens\u2026 Backup ist kein Disaster Recovery.<\/p><\/div><div class=\"buttons\"><div><\/div><\/div>\t\t\t\t<\/div>\n\t\t\t\t<\/div>\n\t\t\t\t\t<\/div>\n\t\t<\/div>\n\t\t\t\t\t<\/div>\n\t\t<\/section>\n\t\t\t\t<section class=\"elementor-section elementor-top-section elementor-element elementor-element-0617653 elementor-section-boxed elementor-section-height-default elementor-section-height-default\" data-id=\"0617653\" data-element_type=\"section\" data-e-type=\"section\">\n\t\t\t\t\t\t<div class=\"elementor-container elementor-column-gap-default\">\n\t\t\t\t\t<div class=\"elementor-column elementor-col-100 elementor-top-column elementor-element elementor-element-5162239\" data-id=\"5162239\" data-element_type=\"column\" data-e-type=\"column\">\n\t\t\t<div class=\"elementor-widget-wrap elementor-element-populated\">\n\t\t\t\t\t\t<div class=\"elementor-element elementor-element-f8d6de4 elementor-widget elementor-widget-boston-it-layout-1\" data-id=\"f8d6de4\" data-element_type=\"widget\" data-e-type=\"widget\" data-widget_type=\"boston-it-layout-1.default\">\n\t\t\t\t<div class=\"elementor-widget-container\">\n\t\t\t\t\t<div class=\"section layout-1 \" style=\"--page-color: #B66DDB;\"><div class=\"positioning-container-content\"><div class=\"content\"><div class=\"column1\"><div class=\"column1-inner\"><div class=\"category-title\">Irrt\u00fcmer und Begrifflichkeiten<\/div><h2>Backup & Restore L\u00f6sungen<\/h2><p>Backup &amp; Restore oder doch Disaster Recovery?<\/p><p>In der heutigen IT-Welt werden Begriffe wie Backup, Restore, Disaster Recovery, RTO, RPO, Hochverf\u00fcgbarkeit h\u00e4ufig\u00a0 und f\u00e4lschlicherweise in einen Topf geworfen, ohne sie genauer zu differenzieren.<\/p><p>Backup &amp; Recovery ist jedoch lediglich ein Teilbereich davon.\u00a0Konkret geht es um das Absichern von produktiven Daten auf ein separates Medium; das ist das <strong>Backup<\/strong>. Damit einher geht auch der <strong>Restore<\/strong>;\u00a0die Wiederherstellung der Daten. Ohne das die Daten wiederhergestellt werden k\u00f6nnen, ist das Backup eigentlich nutzlos.<\/p><p><strong>Im Boston Portfolio<\/strong> finden Sie Backup &amp; Restore L\u00f6sungen, die mindestens die Grundfunktionalit\u00e4ten erf\u00fcllen; also die Datensicherung sowie die Wiederherstellung von Daten.<\/p><p><em>Doch dies ist nur ein Teil davon<\/em>: <br \/>Viel h\u00e4ufiger erhalten Kunden bei Boston individuelle Backup &amp; Restore L\u00f6sungen, deren Funktionen und M\u00f6glichkeiten \u00fcber die Grundfunktionalit\u00e4ten hinaus gehen, um einen reibungslosen Betrieb sicherzustellen und um zus\u00e4tzlich gegen Cyber-Attacken gesch\u00fctzt zu sein.<\/p><p>\u00a0<\/p><h3>BACKUP (UND RESTORE) - WARUM?<\/h3><p>Haben Sie sich eventuell schon einmal gefragt, WARUM es empfehlenswert ist, eine L\u00f6sung zu haben, die beides kann - <strong>BACKUP &amp; RESTORE in einer L\u00f6sung<\/strong> - und warum nicht nur eine Backup-L\u00f6sung ausreichend ist?<\/p><p>Backup &amp; Restore sind <strong>elementare Bestandteile des Datenmanagements<\/strong> eines jeden Unternehmens. Eine zentrale Aufgabe von Backup &amp; Restore L\u00f6sungen ist es <strong>Datenverlust<\/strong> zu <strong>vermeiden<\/strong>. Dies ist jedoch nicht die alleinige Aufgabe. Die L\u00f6sung muss ebenso die Gesch\u00e4ftskontinuit\u00e4t gew\u00e4hrleiten. Je nach Anforderungen gibt es entsprechende L\u00f6sungen, die Boston Ihnen anbieten kann.<\/p><div class=\"buttons\"><div class=\"button-group\"><\/div><\/div><\/div><\/div><div class=\"column2\"><div class=\"image\" style=\"background-image: url(https:\/\/www.boston-it.com\/wp-content\/uploads\/Disaster-Recovery-shutterstock_2018373218-scaled.jpg)\"><\/div><div class=\"column2-inner\"><h3>GUTE GR\u00dcNDE F\u00dcR BACKUP &amp; RESTORE L\u00d6SUNGEN<\/h3><p>\u00a0<\/p><h4>SCHUTZ VOR RANSOMWARE<\/h4><p>Heute mehr denn je, ist die Gefahr einer Ransomware-Attacke allgegenw\u00e4rtig. Es ist nicht mehr die Frage ob, sondern WANN sie attackiert werden. Die Unternehmensgr\u00f6\u00dfe ist davon unabh\u00e4ngig.<\/p><p>Die meisten Backup &amp; Restore L\u00f6sungen, die es standardm\u00e4\u00dfig auf dem Markt gibt, sch\u00fctzen Sie jedoch nicht automatisch gegen Ransomware. Aus diesem Grunde entwickelt <strong>Boston eigene Backup &amp; Restore L\u00f6sungen<\/strong> und kombiniert Technologien seiner Partner miteinander, um den <strong>Schutz gegen Ransomware<\/strong> zu <strong>optimieren<\/strong>.<\/p><h4>BETRIEBSSICHERHEIT<\/h4><p>Ein weiterer Grund ist, dass das regelm\u00e4\u00dfige Testen der Backups, vielmehr der Restore, zur <strong>Betriebssicherheit<\/strong> beitr\u00e4gt. Auch diese Funktionalit\u00e4t wird mit den Boston-eigenen Backup &amp; Restore L\u00f6sungen gew\u00e4hrleistet.<\/p><h4>FEHLERQUELLE MENSCH<\/h4><p>Trotz aller Gefahren von au\u00dfen, die zum Datenverlust f\u00fchren k\u00f6nnen und eine Backup &amp; Restore L\u00f6sung rechtfertigen, bleibt die h\u00e4ufigste Ursache f\u00fcr dessen Einsatz der menschliche Fehler. Auch in diesem Fall k\u00f6nnen Backup &amp; Restore L\u00f6sungen unterst\u00fctzen; oft in der Kombination von L\u00f6sungen unterschiedlicher Anbieter.<\/p><p>Bei Boston mit seiner <strong>\u00fcber 30-j\u00e4hrigen Erfahrung im Bereich Backup &amp; Restore<\/strong> werden diese L\u00f6sungen optimal miteinander kombiniert, um f\u00fcr Ihre Anforderung den gr\u00f6\u00dften Nutzen zu bieten.<\/p><\/div><\/div><\/div><\/div><\/div>\t\t\t\t<\/div>\n\t\t\t\t<\/div>\n\t\t\t\t\t<\/div>\n\t\t<\/div>\n\t\t\t\t\t<\/div>\n\t\t<\/section>\n\t\t\t\t<section class=\"elementor-section elementor-top-section elementor-element elementor-element-35e84a2 elementor-section-full_width elementor-section-height-default elementor-section-height-default\" data-id=\"35e84a2\" data-element_type=\"section\" data-e-type=\"section\">\n\t\t\t\t\t\t<div class=\"elementor-container elementor-column-gap-default\">\n\t\t\t\t\t<div class=\"elementor-column elementor-col-100 elementor-top-column elementor-element elementor-element-2bff258\" data-id=\"2bff258\" data-element_type=\"column\" data-e-type=\"column\">\n\t\t\t<div class=\"elementor-widget-wrap elementor-element-populated\">\n\t\t\t\t\t\t<div class=\"elementor-element elementor-element-1650db4 elementor-widget elementor-widget-boston-it-advantages\" data-id=\"1650db4\" data-element_type=\"widget\" data-e-type=\"widget\" data-widget_type=\"boston-it-advantages.default\">\n\t\t\t\t<div class=\"elementor-widget-container\">\n\t\t\t\t\t<div class=\"section advantages\" style=\"--page-color: #B66DDB; --page-color-rgb: 182, 109, 219\"><div class=\"content\"><div class=\"column1\"><div class=\"column1-inner\"><div class=\"category-title\">Mehrwerte der L\u00f6sung<\/div><h2>Backup & Restore L\u00f6sungen im Allgemeinen<\/h2><p>Seit Anbeginn der Datenhaltung ist der Zugriff auf Daten elementar und Teil der Wertsch\u00f6pfungskette eines jeden Unternehmens; mittlerweile sogar f\u00fcr jede Privatperson. Es ist somit naheliegend und unabdingbar f\u00fcr ein erfolgreiches Backup &amp; Recovery zu sorgen - und zwar f\u00fcr JEDERMANN.<\/p><\/div><\/div><div class=\"list-container\"><div class=\"list-item\"><div class=\"list-item-head\"><div class=\"list-icon-container\"><i aria-hidden=\"true\" class=\"fal fa-shield-alt\"><\/i><\/div><h3>Datenverlust verhindern<\/h3><\/div><p class=\"expandable-text\">Daten k\u00f6nnen aus verschiedenen Gr\u00fcnden verloren gehen, z.B. durch Hardwarefehler, Softwarefehler, menschliche Fehler, Viren oder Malware-Angriffe. \n\nBackups dienen dazu, eine Kopie Ihrer Daten zu erstellen, die im Falle eines Datenverlusts wiederhergestellt werden kann.<\/p><button class=\"button button-expand-text\" onclick=\"expandText(this)\">Mehr Erfahren<\/button><\/div><div class=\"list-item\"><div class=\"list-item-head\"><div class=\"list-icon-container\"><i aria-hidden=\"true\" class=\"fal fa-forward\"><\/i><\/div><h3>Gesch\u00e4ftskontinuit\u00e4t<\/h3><\/div><p class=\"expandable-text\">Unternehmen sind oft stark von ihren Daten abh\u00e4ngig. Ohne Backup- und Wiederherstellungsmechanismen kann ein Datenverlust zu Betriebsunterbrechungen f\u00fchren, die finanzielle Verluste und einen Verlust des Vertrauens der Kunden zur Folge haben k\u00f6nnen.<\/p><button class=\"button button-expand-text\" onclick=\"expandText(this)\">Mehr Erfahren<\/button><\/div><div class=\"list-item\"><div class=\"list-item-head\"><div class=\"list-icon-container\"><i aria-hidden=\"true\" class=\"fal fa-book\"><\/i><\/div><h3>Compliance-Anforderungen<\/h3><\/div><p class=\"expandable-text\">In einigen Branchen und Rechtsvorschriften sind Unternehmen verpflichtet, Backups von bestimmten Daten aufzubewahren, um Compliance-Anforderungen zu erf\u00fcllen. Dies gilt beispielsweise f\u00fcr Gesundheitsdaten im Gesundheitswesen oder Finanzdaten im Bankwesen.<\/p><button class=\"button button-expand-text\" onclick=\"expandText(this)\">Mehr Erfahren<\/button><\/div><div class=\"list-item\"><div class=\"list-item-head\"><div class=\"list-icon-container\"><i aria-hidden=\"true\" class=\"fal fa-shield-virus\"><\/i><\/div><h3>Schutz vor Ransomware<\/h3><\/div><p class=\"expandable-text\">Ransomware-Angriffe, bei denen Daten von Angreifern verschl\u00fcsselt werden, sind eine ernsthafte Bedrohung. \n\nMit Backups k\u00f6nnen Sie Ihre Daten wiederherstellen, ohne das geforderte L\u00f6segeld zu zahlen.<\/p><button class=\"button button-expand-text\" onclick=\"expandText(this)\">Mehr Erfahren<\/button><\/div><div class=\"list-item\"><div class=\"list-item-head\"><div class=\"list-icon-container\"><i aria-hidden=\"true\" class=\"fal fa-band-aid\"><\/i><\/div><h3>Fehlerbehebung und Tests<\/h3><\/div><p class=\"expandable-text\">Backups erm\u00f6glichen es Ihnen, auf eine vorherige Version Ihrer Daten zur\u00fcckzugreifen, wenn ein Problem auftritt, z.B. nach einem fehlerhaften Software-Update. \n\nSie k\u00f6nnen auch Backups verwenden, um neue Software oder Konfigurationen zu testen, ohne Ihre Produktionsdaten zu gef\u00e4hrden.<\/p><button class=\"button button-expand-text\" onclick=\"expandText(this)\">Mehr Erfahren<\/button><\/div><div class=\"list-item\"><div class=\"list-item-head\"><div class=\"list-icon-container\"><i aria-hidden=\"true\" class=\"fal fa-clock\"><\/i><\/div><h3>Langfristige Datenaufbewahrung<\/h3><\/div><p class=\"expandable-text\">In einigen F\u00e4llen m\u00fcssen Daten aus rechtlichen oder gesch\u00e4ftlichen Gr\u00fcnden \u00fcber lange Zeitr\u00e4ume aufbewahrt werden. \n\nBackups bieten eine M\u00f6glichkeit, diese Daten sicher zu speichern und bei Bedarf wiederherzustellen.<\/p><button class=\"button button-expand-text\" onclick=\"expandText(this)\">Mehr Erfahren<\/button><\/div><div class=\"list-item\"><div class=\"list-item-head\"><div class=\"list-icon-container\"><i aria-hidden=\"true\" class=\"fal fa-hand-holding-medical\"><\/i><\/div><h3>Schutz vor physischen Sch\u00e4den<\/h3><\/div><p class=\"expandable-text\">Nat\u00fcrliche Katastrophen wie Br\u00e4nde, \u00dcberschwemmungen oder Erdbeben k\u00f6nnen physische Sch\u00e4den an Hardware und Datenspeichern verursachen. \n\nOffsite-Backups, die an einem anderen Ort aufbewahrt werden, k\u00f6nnen in solchen F\u00e4llen entscheidend sein.<\/p><button class=\"button button-expand-text\" onclick=\"expandText(this)\">Mehr Erfahren<\/button><\/div><div class=\"list-item\"><div class=\"list-item-head\"><div class=\"list-icon-container\"><i aria-hidden=\"true\" class=\"fal fa-arrow-circle-down\"><\/i><\/div><h3>Fehlerminimierung<\/h3><\/div><p class=\"expandable-text\">Das Anfertigen regelm\u00e4\u00dfiger Backups unterst\u00fctzt dabei, menschliche Fehler zu minimieren. \n\nWenn Daten versehentlich gel\u00f6scht oder \u00fcberschrieben werden, kann eine Sicherungskopie verwendet werden, um den vorherigen Zustand wiederherzustellen.<\/p><button class=\"button button-expand-text\" onclick=\"expandText(this)\">Mehr Erfahren<\/button><\/div><\/div><\/div><\/div>\t\t\t\t<\/div>\n\t\t\t\t<\/div>\n\t\t\t\t\t<\/div>\n\t\t<\/div>\n\t\t\t\t\t<\/div>\n\t\t<\/section>\n\t\t\t\t<section class=\"elementor-section elementor-top-section elementor-element elementor-element-fae0870 elementor-section-full_width elementor-section-height-default elementor-section-height-default\" data-id=\"fae0870\" data-element_type=\"section\" data-e-type=\"section\">\n\t\t\t\t\t\t<div class=\"elementor-container elementor-column-gap-default\">\n\t\t\t\t\t<div class=\"elementor-column elementor-col-100 elementor-top-column elementor-element elementor-element-4b0f6a7\" data-id=\"4b0f6a7\" data-element_type=\"column\" data-e-type=\"column\">\n\t\t\t<div class=\"elementor-widget-wrap elementor-element-populated\">\n\t\t\t\t\t\t<div class=\"elementor-element elementor-element-b8523e1 elementor-widget elementor-widget-boston-it-text-image-full\" data-id=\"b8523e1\" data-element_type=\"widget\" data-e-type=\"widget\" data-widget_type=\"boston-it-text-image-full.default\">\n\t\t\t\t<div class=\"elementor-widget-container\">\n\t\t\t\t\t<div class=\"section text-image-full  \" style=\"--page-color: #B66DDB;\"><div class=\"positioning-container-image\"><div class=\"image\" style=\"background-image: url(https:\/\/www.boston-it.com\/wp-content\/uploads\/DATACOREStorware_Darstellung_240615_converted.jpg)\"><\/div><\/div><div class=\"positioning-container-content\"><div class=\"content\"><div class=\"category-title\">Boston Backup Appliance<\/div><h2>Boston Igloo-Storware S3 Backup Appliance<\/h2><div class=\"leadIn\"><p>Die Boston Igloo-Storware S3 Backup Appliance ist eine\u00a0<strong>skalierbare Enterprise-Backup-L\u00f6sung\u00a0<\/strong>mit flexiblem On-Premise\u00a0S3-Speicher mit\u00a0<strong>Ransomware-Schutz<\/strong>.<\/p><p>Die Appliance besteht aus einem einzelnen System, das lediglich eine universelle Lizenz erfordert und eine beispiellose Vielseitigkeit und Konfigurationsfreiheit bietet.<\/p><p>Sie setzt sich aus mehreren L\u00f6sungen unterschiedlicher Anbieter zusammen (wie Datacore SWARM sowie Storware Backup &amp; Recovery) und wurde von Boston f\u00fcr alle Unternehmensgr\u00f6\u00dfen entwickelt. Die L\u00f6sung stellt sicher, dass Ihre <strong>kritischen Daten<\/strong> in jeder Situation <strong>sicher, zug\u00e4nglich und wiederherstellbar<\/strong> bleiben.\u00a0<\/p><\/div><div class=\"buttons\"><div class=\"button-rainbow-container\"><a href=\"https:\/\/www.boston-it.com\/wp-content\/uploads\/DataCore-Boston-DataCore-Storware-Datenblatt_DIN-A4_230630-2-online-Version.pdf\" class=\"button\" target=\"_blank\" rel=\"nofollow\">Datenblatt<\/a><\/div><div><div><\/div><\/div>\t\t\t\t<\/div>\n\t\t\t\t<\/div>\n\t\t\t\t\t<\/div>\n\t\t<\/div>\n\t\t\t\t\t<\/div>\n\t\t<\/section>\n\t\t\t\t<section class=\"elementor-section elementor-top-section elementor-element elementor-element-30708ed elementor-section-boxed elementor-section-height-default elementor-section-height-default\" data-id=\"30708ed\" data-element_type=\"section\" data-e-type=\"section\">\n\t\t\t\t\t\t<div class=\"elementor-container elementor-column-gap-default\">\n\t\t\t\t\t<div class=\"elementor-column elementor-col-100 elementor-top-column elementor-element elementor-element-56caa39\" data-id=\"56caa39\" data-element_type=\"column\" data-e-type=\"column\">\n\t\t\t<div class=\"elementor-widget-wrap elementor-element-populated\">\n\t\t\t\t\t\t<div class=\"elementor-element elementor-element-7d3e3e5 elementor-widget elementor-widget-heading\" data-id=\"7d3e3e5\" data-element_type=\"widget\" data-e-type=\"widget\" data-widget_type=\"heading.default\">\n\t\t\t\t<div class=\"elementor-widget-container\">\n\t\t\t\t\t<h2 class=\"elementor-heading-title elementor-size-default\">Boston Partner - Backup &amp; Disaster Recovery<\/h2>\t\t\t\t<\/div>\n\t\t\t\t<\/div>\n\t\t\t\t\t<\/div>\n\t\t<\/div>\n\t\t\t\t\t<\/div>\n\t\t<\/section>\n\t\t\t\t<section class=\"elementor-section elementor-top-section elementor-element elementor-element-c455981 elementor-section-boxed elementor-section-height-default elementor-section-height-default\" data-id=\"c455981\" data-element_type=\"section\" data-e-type=\"section\">\n\t\t\t\t\t\t<div class=\"elementor-container elementor-column-gap-default\">\n\t\t\t\t\t<div class=\"elementor-column elementor-col-100 elementor-top-column elementor-element elementor-element-34a7384\" data-id=\"34a7384\" data-element_type=\"column\" data-e-type=\"column\">\n\t\t\t<div class=\"elementor-widget-wrap elementor-element-populated\">\n\t\t\t\t\t\t<div class=\"elementor-element elementor-element-123a1b2 elementor-widget elementor-widget-boston-it-partner\" data-id=\"123a1b2\" data-element_type=\"widget\" data-e-type=\"widget\" data-widget_type=\"boston-it-partner.default\">\n\t\t\t\t<div class=\"elementor-widget-container\">\n\t\t\t\t\t<div class='section partner-box  view-row'><div class=\"inner\"><div class=\"logo-box\"><a href='https:\/\/www.boston-it.com\/de\/partner\/asperitas\/'><img src='https:\/\/www.boston-it.com\/wp-content\/uploads\/Asperitas.svg'><\/a><\/div><div class=\"logo-box\"><a href='https:\/\/www.boston-it.com\/de\/clyso-enterprise-storage\/'><img src='https:\/\/www.boston-it.com\/wp-content\/uploads\/CLYSO-Logo_black-1.svg'><\/a><\/div><div class=\"logo-box\"><a href='https:\/\/www.boston-it.com\/de\/partner\/comark\/'><img src='https:\/\/www.boston-it.com\/wp-content\/uploads\/comark-logo_RGB.svg'><\/a><\/div><div class=\"logo-box\"><a href='https:\/\/www.boston-it.com\/de\/partner\/cyberpower\/'><img src='https:\/\/www.boston-it.com\/wp-content\/uploads\/CyberPower.svg'><\/a><\/div><div class=\"logo-box\"><a href='https:\/\/www.boston-it.com\/de\/partner\/datacore-software\/'><img src='https:\/\/www.boston-it.com\/wp-content\/uploads\/DataCore.svg'><\/a><\/div><div class=\"logo-box\"><img src='https:\/\/www.boston-it.com\/wp-content\/uploads\/Gigabyte-SVG-Logo_black.svg'><\/div><div class=\"logo-box\"><img src='https:\/\/www.boston-it.com\/wp-content\/uploads\/Vorlage-SVG-Gooxi-Logo_RGB.svg'><\/div><div class=\"logo-box\"><a href='https:\/\/www.boston-it.com\/de\/partner\/huawei-2\/'><img src='https:\/\/www.boston-it.com\/wp-content\/uploads\/Untitled-design-12.svg'><\/a><\/div><div class=\"logo-box\"><a href='https:\/\/www.boston-it.com\/de\/partner\/intel\/'><img src='https:\/\/www.boston-it.com\/wp-content\/uploads\/intel-1.svg'><\/a><\/div><div class=\"logo-box\"><a href='https:\/\/www.boston-it.com\/de\/partner\/kioxia\/'><img src='https:\/\/www.boston-it.com\/wp-content\/uploads\/Kioxia.svg'><\/a><\/div><div class=\"logo-box\"><a href='https:\/\/www.boston-it.com\/de\/partner\/microchip-adaptec\/'><img src='https:\/\/www.boston-it.com\/wp-content\/uploads\/MicroChip.svg'><\/a><\/div><div class=\"logo-box\"><a href='https:\/\/www.boston-it.com\/de\/partner\/micron-2\/'><img src='https:\/\/www.boston-it.com\/wp-content\/uploads\/Micron-SVG-Logos-Webseite_schwarz.svg'><\/a><\/div><div class=\"logo-box\"><a href='https:\/\/www.boston-it.com\/de\/partner\/microsoft\/'><img src='https:\/\/www.boston-it.com\/wp-content\/uploads\/Microsoft.svg'><\/a><\/div><div class=\"logo-box\"><a href='https:\/\/www.boston-it.com\/de\/partner\/nvidia\/'><img src='https:\/\/www.boston-it.com\/wp-content\/uploads\/Nvidia.svg'><\/a><\/div><div class=\"logo-box\"><a href='https:\/\/www.boston-it.com\/de\/partner\/open-e\/'><img src='https:\/\/www.boston-it.com\/wp-content\/uploads\/open-e.svg'><\/a><\/div><div class=\"logo-box\"><a href='https:\/\/www.boston-it.com\/de\/piovation-ki-infrastruktur-made-in-germany\/'><img src='https:\/\/www.boston-it.com\/wp-content\/uploads\/PioVation-Logo_SVG-Webseite.svg'><\/a><\/div><\/div><\/div>\t\t\t\t<\/div>\n\t\t\t\t<\/div>\n\t\t\t\t\t<\/div>\n\t\t<\/div>\n\t\t\t\t\t<\/div>\n\t\t<\/section>\n\t\t\t\t<\/div>\n\t\t","protected":false},"excerpt":{"rendered":"<p>Home Backup &amp; Disaster Recovery Backup im Fokus Backup &#038; Restore bei Boston Datensicherung ist heute\u00a0 wichtiger, denn je. Denn Daten sind das Herz eines jeden Unternehmens. Ohne Daten kann heute kein Unternehmen mehr bestehen. Deshalb ist das Sichern der Daten (Backup) unabdingbar. Doch mindestens genauso wichtig ist das Wiederherstellen der Daten in einem m\u00f6glichst&#8230;<\/p>\n","protected":false},"author":1,"featured_media":0,"parent":27906,"menu_order":0,"comment_status":"closed","ping_status":"closed","template":"","meta":{"_acf_changed":false,"footnotes":""},"class_list":["post-27840","page","type-page","status-publish","hentry"],"acf":[],"_links":{"self":[{"href":"https:\/\/www.boston-it.com\/at\/wp-json\/wp\/v2\/pages\/27840","targetHints":{"allow":["GET"]}}],"collection":[{"href":"https:\/\/www.boston-it.com\/at\/wp-json\/wp\/v2\/pages"}],"about":[{"href":"https:\/\/www.boston-it.com\/at\/wp-json\/wp\/v2\/types\/page"}],"author":[{"embeddable":true,"href":"https:\/\/www.boston-it.com\/at\/wp-json\/wp\/v2\/users\/1"}],"replies":[{"embeddable":true,"href":"https:\/\/www.boston-it.com\/at\/wp-json\/wp\/v2\/comments?post=27840"}],"version-history":[{"count":4,"href":"https:\/\/www.boston-it.com\/at\/wp-json\/wp\/v2\/pages\/27840\/revisions"}],"predecessor-version":[{"id":41908,"href":"https:\/\/www.boston-it.com\/at\/wp-json\/wp\/v2\/pages\/27840\/revisions\/41908"}],"up":[{"embeddable":true,"href":"https:\/\/www.boston-it.com\/at\/wp-json\/wp\/v2\/pages\/27906"}],"wp:attachment":[{"href":"https:\/\/www.boston-it.com\/at\/wp-json\/wp\/v2\/media?parent=27840"}],"curies":[{"name":"wp","href":"https:\/\/api.w.org\/{rel}","templated":true}]}}