{"id":68096,"date":"2025-07-29T17:22:27","date_gmt":"2025-07-29T15:22:27","guid":{"rendered":"https:\/\/www.boston-it.com\/?page_id=68096"},"modified":"2025-07-31T15:14:47","modified_gmt":"2025-07-31T13:14:47","slug":"after-sales","status":"publish","type":"page","link":"https:\/\/www.boston-it.com\/at\/after-sales\/","title":{"rendered":"After Sales"},"content":{"rendered":"\t\t<div data-elementor-type=\"wp-page\" data-elementor-id=\"68096\" class=\"elementor elementor-68096 elementor-68095\" data-elementor-post-type=\"page\">\n\t\t\t\t\t\t<section class=\"elementor-section elementor-top-section elementor-element elementor-element-988e4f7 elementor-section-full_width elementor-section-stretched elementor-section-height-default elementor-section-height-default\" data-id=\"988e4f7\" data-element_type=\"section\" data-e-type=\"section\" data-settings=\"{&quot;stretch_section&quot;:&quot;section-stretched&quot;}\">\n\t\t\t\t\t\t<div class=\"elementor-container elementor-column-gap-no\">\n\t\t\t\t\t<div class=\"elementor-column elementor-col-100 elementor-top-column elementor-element elementor-element-8ebe87c\" data-id=\"8ebe87c\" data-element_type=\"column\" data-e-type=\"column\">\n\t\t\t<div class=\"elementor-widget-wrap elementor-element-populated\">\n\t\t\t\t\t\t<div class=\"elementor-element elementor-element-bedcf94 elementor-widget__width-initial elementor-widget elementor-widget-boston-it-section-intro\" data-id=\"bedcf94\" data-element_type=\"widget\" data-e-type=\"widget\" data-widget_type=\"boston-it-section-intro.default\">\n\t\t\t\t<div class=\"elementor-widget-container\">\n\t\t\t\t\t<div class=\"section intro  is-neutral\" style=\"--page-color: #dddddd;--page-color-rgb: 221, 221, 221;background-image: url(https:\/\/www.boston-it.com\/wp-content\/uploads\/shutterstock_1115581565-scaled.jpg); background-size: cover\"><div id=\"breadcrumbs\">\n    <a href=https:\/\/www.boston-it.com\/at\/>Home<\/a>\n    <svg xmlns=\"http:\/\/www.w3.org\/2000\/svg\" width=\"18\" height=\"35\" viewBox=\"0 0 18 35\" fill=\"none\"><path fill-rule=\"evenodd\" clip-rule=\"evenodd\" d=\"M0.692929 35L17.4863 17.5L16.7939 16.7785L16.7936 16.7788L0.692354 -4.26329e-07L-3.43866e-05 0.721524L16.1013 17.5003L0.000539107 34.2785L0.692929 35Z\" fill=\"white\" fill-opacity=\"0.2\"\/><\/svg><a class=\"active\">After Sales <\/a>\n    <\/div><div class=\"inner\"><h1 class=\"category-title\">Boston Services<\/h1><h2>Service ist f\u00fcr uns das ganze Paket<\/h2><div class=\"leadIn\"><p>Als einer der f\u00fchrenden Systemintegratoren und IT-L\u00f6sungs-Hersteller konzentriert sich Boston auf die Zufriedenheit seiner Kunden. Im Fokus steht die Entwicklung, Konfiguration und Lieferung qualitativ hochwertiger und zuverl\u00e4ssiger Systeme unter Verwendung der neuesten verf\u00fcgbaren Technologien. Abgerundet wird dies mit einem vielf\u00e4ltigen und qualitativ hochwertigen Service- und Support-Paket. Lesen Sie hier mehr dazu.<\/p><\/div><div class=\"buttons\"><div class=\"button-rainbow-container\" style=\"--glow-color:\"><a href=\"https:\/\/www.boston-it.com\/wp-content\/uploads\/BOSTON_Service_Broschuere_2023_Web.pdf\" class=\"button button-invert\" target=\"_blank\" rel=\"nofollow\">Service Katalog<\/a><\/div><div class=\"button-rainbow-container\" style=\"--glow-color:\"><a href=\"#recycling\" class=\"button button-invert\" target=\"_blank\" rel=\"nofollow\">Recycling Guide<\/a><\/div><div><\/div><\/div>\t\t\t\t<\/div>\n\t\t\t\t<\/div>\n\t\t\t\t\t<\/div>\n\t\t<\/div>\n\t\t\t\t\t<\/div>\n\t\t<\/section>\n\t\t\t\t<section class=\"elementor-section elementor-top-section elementor-element elementor-element-57fbefe elementor-section-boxed elementor-section-height-default elementor-section-height-default\" data-id=\"57fbefe\" data-element_type=\"section\" data-e-type=\"section\">\n\t\t\t\t\t\t<div class=\"elementor-container elementor-column-gap-default\">\n\t\t\t\t\t<div class=\"elementor-column elementor-col-100 elementor-top-column elementor-element elementor-element-5ac3604\" data-id=\"5ac3604\" data-element_type=\"column\" data-e-type=\"column\">\n\t\t\t<div class=\"elementor-widget-wrap elementor-element-populated\">\n\t\t\t\t\t\t<div class=\"elementor-element elementor-element-5f07d93 elementor-widget elementor-widget-boston-it-layout-1\" data-id=\"5f07d93\" data-element_type=\"widget\" data-e-type=\"widget\" data-widget_type=\"boston-it-layout-1.default\">\n\t\t\t\t<div class=\"elementor-widget-container\">\n\t\t\t\t\t<div class=\"section layout-1 \" style=\"--page-color: #dddddd;\"><div class=\"positioning-container-content\"><div class=\"content\"><div class=\"column1\"><div class=\"column1-inner\"><div class=\"category-title\">BOSTON LABS, UNSER TESTCENTER<\/div><h2>IHRE VISION IST UNSER KNOW-HOW. <\/h2><p>Die BOSTON LABS sind unsere <strong>eigenen Test- und Technologie-Zentren<\/strong>, in denen neue und ma\u00dfgeschneiderte Technologiel\u00f6sungen vorab getestet werden, ehe sie LIVE zum Einsatz kommen. Mit diesem Service unterst\u00fctzen wir Sie, damit Ihr Projekt nicht nur eine Idee bleibt, sondern real und vor allem betriebs- und einsatzf\u00e4hig wird.<\/p><p><strong>Unser Anspruch ist es, Innovation und Leidenschaft f\u00fcr IT mit einem H\u00f6chstma\u00df an Qualit\u00e4t zu verbinden. <\/strong>Es ist grunds\u00e4tzlich nichts unm\u00f6glich, sollte aber Sinn machen, um einerseits die vollst\u00e4ndige Funktionsf\u00e4higkeit der gew\u00e4hlten Technologie auszunutzen und andererseits eine in sich stimmige IT-Infrastruktur zu erhalten.<\/p><div class=\"buttons\"><div class=\"button-group\"><\/div><\/div><\/div><\/div><div class=\"column2\"><div class=\"column2-inner\"><p>Da stetig neue und verbesserte IT-Technologien entwickelt werden und die Anwendungsbereiche nahezu grenzenlos sind, <strong>empfehlen <\/strong>wir grunds\u00e4tzlich neue <strong>L\u00f6sungen und Technologien auf Eignung und Funktionsf\u00e4higkeit<\/strong> f\u00fcr den jeweiligen Anwendungsbereich in den BOSTON LABS zu <strong>pr\u00fcfen<\/strong>.<\/p><p><strong>Wir unterst\u00fctzen Sie<\/strong>, mit den BOSTON LABS und unseren qualifizierten Boston Fachexperten die richtige L\u00f6sung f\u00fcr Ihren Bedarf und Einsatzzweck zu finden und vorab zu pr\u00fcfen.<\/p><p>Die Mehrwerte der <strong>BOSTON LABS <\/strong>lassen sich in Bezug auf die betriebsbereiten und individuellen Systeme, die Boston seinen Kunden anbietet, <strong>in DREI Worten<\/strong> zusammenfassen:<\/p><ul><li><strong>Design<\/strong>\u00a0\u2013 von neuen, individuellen Technologien<\/li><li><strong>Tests<\/strong>\u00a0\u2013 Systeme vorab per Remote testen<\/li><li><strong>Experten<\/strong>\u00a0\u2013 Begleitung durch lokale Boston Experten<\/li><\/ul><\/div><\/div><\/div><\/div><\/div>\t\t\t\t<\/div>\n\t\t\t\t<\/div>\n\t\t\t\t\t<\/div>\n\t\t<\/div>\n\t\t\t\t\t<\/div>\n\t\t<\/section>\n\t\t\t\t<section class=\"elementor-section elementor-top-section elementor-element elementor-element-65ebf9e elementor-section-full_width elementor-section-stretched elementor-section-height-default elementor-section-height-default\" data-id=\"65ebf9e\" data-element_type=\"section\" data-e-type=\"section\" data-settings=\"{&quot;stretch_section&quot;:&quot;section-stretched&quot;}\">\n\t\t\t\t\t\t\t<div class=\"elementor-background-overlay\"><\/div>\n\t\t\t\t\t\t\t<div class=\"elementor-container elementor-column-gap-no\">\n\t\t\t\t\t<div class=\"elementor-column elementor-col-100 elementor-top-column elementor-element elementor-element-3199868\" data-id=\"3199868\" data-element_type=\"column\" data-e-type=\"column\">\n\t\t\t<div class=\"elementor-widget-wrap elementor-element-populated\">\n\t\t\t\t\t\t<div class=\"elementor-element elementor-element-9364e15 elementor-widget elementor-widget-boston-it-accordion\" data-id=\"9364e15\" data-element_type=\"widget\" data-e-type=\"widget\" data-widget_type=\"boston-it-accordion.default\">\n\t\t\t\t<div class=\"elementor-widget-container\">\n\t\t\t\t\t<div class=\"section accordion dark-mode\"><div class=\"inner\"><div class=\"accordion-container\"><div class=\"accordion-aside\"><img decoding=\"async\" class=\"image\" src=\"https:\/\/www.boston-it.com\/wp-content\/uploads\/shutterstock_1779158246-scaled.jpg\" \/><\/div><div class='accordion-items'><div class='accordion-item ' data-image='https:\/\/www.boston-it.com\/wp-content\/uploads\/shutterstock_1779158246-scaled.jpg'><div class='item-head'><h3 onclick='toggleAccordion(this);'>Design<\/h3><\/div><div class='description'><div class='mobile-image'><img src='https:\/\/www.boston-it.com\/wp-content\/uploads\/shutterstock_1779158246-scaled.jpg'><\/div>Basierend auf einer detaillierten Kundenanalyse stimmen wir gemeinsam mit Ihnen die Testumgebung ab: Testen Sie Ihren individuellen Workload auf neuesten Konfigurationen und modernster Hardware.<\/div><\/div><div class='accordion-item closed' data-image='https:\/\/www.boston-it.com\/wp-content\/uploads\/Boston-Compute-DataCenter-Zentrales-Server-Management-2021-10-Boston-TID-MH-173-scaled.jpg'><div class='item-head'><h3 onclick='toggleAccordion(this);'>Tests<\/h3><\/div><div class='description'><div class='mobile-image'><img src='https:\/\/www.boston-it.com\/wp-content\/uploads\/Boston-Compute-DataCenter-Zentrales-Server-Management-2021-10-Boston-TID-MH-173-scaled.jpg'><\/div>\u00dcber 1 Million US-Dollar Hardware- und Software-Equipment neuester, oft noch unter NDA stehender Technologie steht Ihnen zum Testen mit Remote-Zugang zur Verf\u00fcgung.<\/div><\/div><div class='accordion-item closed' data-image='https:\/\/www.boston-it.com\/wp-content\/uploads\/IT-Infrastruktur-CERN.jpg'><div class='item-head'><h3 onclick='toggleAccordion(this);'>Experten<\/h3><\/div><div class='description'><div class='mobile-image'><img src='https:\/\/www.boston-it.com\/wp-content\/uploads\/IT-Infrastruktur-CERN.jpg'><\/div>Unterst\u00fctzung und zielgerichtete Beratung: Unsere Experten begleiten und unterst\u00fctzen Ihre Benchmark-Tests und f\u00fchren diese zusammen mit Ihnen zum Erfolg.<\/div><\/div><\/div><\/div><\/div><\/div>\t\t\t\t<\/div>\n\t\t\t\t<\/div>\n\t\t\t\t\t<\/div>\n\t\t<\/div>\n\t\t\t\t\t<\/div>\n\t\t<\/section>\n\t\t\t\t<section class=\"elementor-section elementor-top-section elementor-element elementor-element-22e1e3b elementor-section-full_width elementor-section-height-default elementor-section-height-default\" data-id=\"22e1e3b\" data-element_type=\"section\" data-e-type=\"section\">\n\t\t\t\t\t\t<div class=\"elementor-container elementor-column-gap-no\">\n\t\t\t\t\t<div class=\"elementor-column elementor-col-100 elementor-top-column elementor-element elementor-element-d273b7c\" data-id=\"d273b7c\" data-element_type=\"column\" data-e-type=\"column\">\n\t\t\t<div class=\"elementor-widget-wrap elementor-element-populated\">\n\t\t\t\t\t\t<div class=\"elementor-element elementor-element-76060cf elementor-widget elementor-widget-boston-it-text-image-full\" data-id=\"76060cf\" data-element_type=\"widget\" data-e-type=\"widget\" data-widget_type=\"boston-it-text-image-full.default\">\n\t\t\t\t<div class=\"elementor-widget-container\">\n\t\t\t\t\t<div class=\"section text-image-full alternative-style \" style=\"--page-color: #dddddd;\"><div class=\"positioning-container-image\"><div class=\"image\" style=\"background-image: url(https:\/\/www.boston-it.com\/wp-content\/uploads\/shutterstock_1431518420-scaled.jpg)\"><\/div><\/div><div class=\"positioning-container-content\"><div class=\"content\"><div class=\"category-title\">Wir machen Sie zum L\u00f6sungs-Experten<\/div><h2>Boston Trainings Academy<\/h2><div class=\"leadIn\"><p>Die Boston Trainings Academy (BTA) ist unser Trainingscenter<\/p><ul><li>Um eine neue Technologie unternehmensintern vollumf\u00e4nglich einzusetzen, ist das notwendige Fachwissen zur Technologie essentiell. Daher bilden wir Sie gerne aus und machen Sie zum Experten.<\/li><li>Wir bieten Ihnen in der Boston Trainings Academy strukturierte, pers\u00f6nliche \u00dcbungen, Live-Demos und Schulungen an, die von unseren erstklassigen Fachexperten und Engineers durchgef\u00fchrt werden.<\/li><li>Sie werden von Ihrem derzeitigen Wissensstand abgeholt \u2013 egal ob Einsteiger oder Experte \u2013 und zur jeweiligen Technologie umfangreich geschult und ausgebildet.<\/li><\/ul><\/div><div class=\"buttons\"><div><div><\/div><\/div>\t\t\t\t<\/div>\n\t\t\t\t<\/div>\n\t\t\t\t\t<\/div>\n\t\t<\/div>\n\t\t\t\t\t<\/div>\n\t\t<\/section>\n\t\t\t\t<section class=\"elementor-section elementor-top-section elementor-element elementor-element-ef1e9ee elementor-section-full_width elementor-section-height-full scroll-section elementor-section-content-middle elementor-section-height-default elementor-section-items-middle\" data-id=\"ef1e9ee\" data-element_type=\"section\" data-e-type=\"section\" data-settings=\"{&quot;background_background&quot;:&quot;classic&quot;}\">\n\t\t\t\t\t\t\t<div class=\"elementor-background-overlay\"><\/div>\n\t\t\t\t\t\t\t<div class=\"elementor-container elementor-column-gap-no\">\n\t\t\t\t\t<div class=\"elementor-column elementor-col-100 elementor-top-column elementor-element elementor-element-c3bb0ce\" data-id=\"c3bb0ce\" data-element_type=\"column\" data-e-type=\"column\">\n\t\t\t<div class=\"elementor-widget-wrap elementor-element-populated\">\n\t\t\t\t\t\t<section class=\"elementor-section elementor-inner-section elementor-element elementor-element-0005925 elementor-section-boxed elementor-section-height-default elementor-section-height-default\" data-id=\"0005925\" data-element_type=\"section\" data-e-type=\"section\">\n\t\t\t\t\t\t<div class=\"elementor-container elementor-column-gap-default\">\n\t\t\t\t\t<div class=\"elementor-column elementor-col-100 elementor-inner-column elementor-element elementor-element-c20a0c0 home-fullscreen-text\" data-id=\"c20a0c0\" data-element_type=\"column\" data-e-type=\"column\">\n\t\t\t<div class=\"elementor-widget-wrap elementor-element-populated\">\n\t\t\t\t\t\t<div class=\"elementor-element elementor-element-b273c0e home-fullscreen-text-header elementor-widget elementor-widget-heading\" data-id=\"b273c0e\" data-element_type=\"widget\" data-e-type=\"widget\" data-widget_type=\"heading.default\">\n\t\t\t\t<div class=\"elementor-widget-container\">\n\t\t\t\t\t<h3 class=\"elementor-heading-title elementor-size-default\">Boston Kundendienst<\/h3>\t\t\t\t<\/div>\n\t\t\t\t<\/div>\n\t\t\t\t<div class=\"elementor-element elementor-element-0fa1bcf elementor-widget elementor-widget-heading\" data-id=\"0fa1bcf\" data-element_type=\"widget\" data-e-type=\"widget\" data-widget_type=\"heading.default\">\n\t\t\t\t<div class=\"elementor-widget-container\">\n\t\t\t\t\t<h2 class=\"elementor-heading-title elementor-size-default\">RMA-Services<\/h2>\t\t\t\t<\/div>\n\t\t\t\t<\/div>\n\t\t\t\t<div class=\"elementor-element elementor-element-7e3b1f8 elementor-widget elementor-widget-text-editor\" data-id=\"7e3b1f8\" data-element_type=\"widget\" data-e-type=\"widget\" data-widget_type=\"text-editor.default\">\n\t\t\t\t<div class=\"elementor-widget-container\">\n\t\t\t\t\t\t\t\t\t<p>Sie haben einen <strong>fehlerhaften Artikel oder ein fehlerhaftes System <\/strong>und ben\u00f6tigen einen schnellstm\u00f6glichen <strong>Ersatz<\/strong>?<\/p><p>Unser erfahrenes RMA-Team k\u00fcmmert sich um ein Ersatzprodukt f\u00fcr Sie und bietet <br \/>Unterst\u00fctzung an, sollten Sie ein Upgrade zum jeweiligen Produkt (bei Software-Lizenzen) oder andere Services ben\u00f6tigen.<\/p><p>Boston unterst\u00fctzt Sie dabei, die richtige L\u00f6sung f\u00fcr Ihren Bedarf zu finden, die enthaltene Technologie kennenzulernen und f\u00fcr Ihren individuellen Einsatzzweck betriebsfertig aufeinander abzustimmen.<\/p>\t\t\t\t\t\t\t\t<\/div>\n\t\t\t\t<\/div>\n\t\t\t\t<div class=\"elementor-element elementor-element-b79a678 elementor-hidden-desktop elementor-hidden-tablet elementor-hidden-mobile elementor-widget elementor-widget-boston-it-button\" data-id=\"b79a678\" data-element_type=\"widget\" data-e-type=\"widget\" data-widget_type=\"boston-it-button.default\">\n\t\t\t\t<div class=\"elementor-widget-container\">\n\t\t\t\t\t<div class=\"button-rainbow-container\"><a style=\"--page-color: 221, 221, 221\" class=\"button button-white\" href=\"https:\/\/www.boston-it.com\/de\/services-2\/\" target=\"_blank\" rel=\"nofollow\">Mehr Erfahren<\/a><\/div>\t\t\t\t<\/div>\n\t\t\t\t<\/div>\n\t\t\t\t\t<\/div>\n\t\t<\/div>\n\t\t\t\t\t<\/div>\n\t\t<\/section>\n\t\t\t\t\t<\/div>\n\t\t<\/div>\n\t\t\t\t\t<\/div>\n\t\t<\/section>\n\t\t\t\t<section class=\"elementor-section elementor-top-section elementor-element elementor-element-5573362 elementor-section-boxed elementor-section-height-default elementor-section-height-default\" data-id=\"5573362\" data-element_type=\"section\" data-e-type=\"section\">\n\t\t\t\t\t\t<div class=\"elementor-container elementor-column-gap-default\">\n\t\t\t\t\t<div class=\"elementor-column elementor-col-100 elementor-top-column elementor-element elementor-element-74ebd35\" data-id=\"74ebd35\" data-element_type=\"column\" data-e-type=\"column\">\n\t\t\t<div class=\"elementor-widget-wrap elementor-element-populated\">\n\t\t\t\t\t\t<div class=\"elementor-element elementor-element-0e04643 elementor-widget elementor-widget-boston-it-metabox\" data-id=\"0e04643\" data-element_type=\"widget\" data-e-type=\"widget\" data-widget_type=\"boston-it-metabox.default\">\n\t\t\t\t<div class=\"elementor-widget-container\">\n\t\t\t\t\t<div class=\"section boston-it-metabox p-2\"><img decoding=\"async\" style=\"width: 78px; height: 78px; object-fit: cover;\" src=\"https:\/\/www.boston-it.com\/wp-content\/uploads\/nordwood-themes-q8U1YgBaRQk-unsplash-scaled.jpg\" \/><div class=\"pl-2\"><div class=\"headline\">F\u00fcr Ersatzprodukte oder Reparatur-anfragen<\/div><div class=\"description\"><span class=\"bold\">Lokales Boston RMA-Team<\/span><span >Boston Server & Storage Solutions Team<\/span><span style=\"display: block\"><a href=\"mailto:RMA@boston-it.de\">RMA@boston-it.de<\/a><\/span><\/div><\/div><\/div>\t\t\t\t<\/div>\n\t\t\t\t<\/div>\n\t\t\t\t\t<\/div>\n\t\t<\/div>\n\t\t\t\t\t<\/div>\n\t\t<\/section>\n\t\t\t\t<section class=\"elementor-section elementor-top-section elementor-element elementor-element-67a9f62 elementor-section-full_width elementor-section-height-default elementor-section-height-default\" data-id=\"67a9f62\" data-element_type=\"section\" data-e-type=\"section\">\n\t\t\t\t\t\t<div class=\"elementor-container elementor-column-gap-no\">\n\t\t\t\t\t<div class=\"elementor-column elementor-col-100 elementor-top-column elementor-element elementor-element-ada3c9b\" data-id=\"ada3c9b\" data-element_type=\"column\" data-e-type=\"column\">\n\t\t\t<div class=\"elementor-widget-wrap elementor-element-populated\">\n\t\t\t\t\t\t<div class=\"elementor-element elementor-element-3775366 elementor-widget elementor-widget-boston-it-text-image-full\" data-id=\"3775366\" data-element_type=\"widget\" data-e-type=\"widget\" id=\"recycling\" data-widget_type=\"boston-it-text-image-full.default\">\n\t\t\t\t<div class=\"elementor-widget-container\">\n\t\t\t\t\t<div class=\"section text-image-full alternative-style reverse-order\" style=\"--page-color: #dddddd;\"><div class=\"positioning-container-image\"><div class=\"image\" style=\"background-image: url(https:\/\/www.boston-it.com\/wp-content\/uploads\/Recycling_Service-Boston_2024.png)\"><\/div><\/div><div class=\"positioning-container-content\"><div class=\"content\"><div class=\"category-title\">Nachhaltiges IT-Management leicht gemacht<\/div><h2>Boston Recycling-Programm<\/h2><div class=\"leadIn\"><p>Boston erm\u00f6glicht es Unternehmen, IT-Altsysteme verantwortungsvoll zur\u00fcckzugeben und zur Kreislaufwirtschaft beizutragen. Der Service umfasst:<\/p><ul><li><strong>Stilllegung (Decommissioning):<\/strong> Fachgerechte Deinstallation und Vorbereitung Ihrer Systeme.<\/li><li><strong>Wiederverwertung (Recycling):<\/strong> R\u00fcckf\u00fchrung wertvoller Materialien in den Produktlebenszyklus.<\/li><li><strong>Entsorgung (Disposal):<\/strong> Gesetzeskonforme Entsorgung nicht wiederverwertbarer Komponenten.<\/li><\/ul><p>Reduzieren Sie Elektroschrott, schonen Sie Ressourcen und verwalten Sie Ihre IT nachhaltig \u2013 Boston \u00fcbernimmt die komplette Abwicklung f\u00fcr Sie.<\/p><p>Erfahren Sie mehr im Recycling-Guide!<\/p><\/div><div class=\"buttons\"><div class=\"button-rainbow-container\"><a href=\"https:\/\/www.boston-it.com\/wp-content\/uploads\/Boston-Recycling-Guide_fin_DE_Web.pdf\" class=\"button button-invert\" target=\"_blank\" rel=\"nofollow\">Boston Recycling-Guide<\/a><\/div><div><div><\/div><\/div>\t\t\t\t<\/div>\n\t\t\t\t<\/div>\n\t\t\t\t\t<\/div>\n\t\t<\/div>\n\t\t\t\t\t<\/div>\n\t\t<\/section>\n\t\t\t\t<\/div>\n\t\t","protected":false},"excerpt":{"rendered":"<p>Home After Sales V2 Boston Services Service ist f\u00fcr uns das ganze Paket Als einer der f\u00fchrenden Systemintegratoren und IT-L\u00f6sungs-Hersteller konzentriert sich Boston auf die Zufriedenheit seiner Kunden. Im Fokus steht die Entwicklung, Konfiguration und Lieferung qualitativ hochwertiger und zuverl\u00e4ssiger Systeme unter Verwendung der neuesten verf\u00fcgbaren Technologien. Abgerundet wird dies mit einem vielf\u00e4ltigen und qualitativ&#8230;<\/p>\n","protected":false},"author":1,"featured_media":26064,"parent":0,"menu_order":0,"comment_status":"closed","ping_status":"closed","template":"","meta":{"_acf_changed":false,"footnotes":""},"class_list":["post-68096","page","type-page","status-publish","has-post-thumbnail","hentry"],"acf":[],"_links":{"self":[{"href":"https:\/\/www.boston-it.com\/at\/wp-json\/wp\/v2\/pages\/68096","targetHints":{"allow":["GET"]}}],"collection":[{"href":"https:\/\/www.boston-it.com\/at\/wp-json\/wp\/v2\/pages"}],"about":[{"href":"https:\/\/www.boston-it.com\/at\/wp-json\/wp\/v2\/types\/page"}],"author":[{"embeddable":true,"href":"https:\/\/www.boston-it.com\/at\/wp-json\/wp\/v2\/users\/1"}],"replies":[{"embeddable":true,"href":"https:\/\/www.boston-it.com\/at\/wp-json\/wp\/v2\/comments?post=68096"}],"version-history":[{"count":6,"href":"https:\/\/www.boston-it.com\/at\/wp-json\/wp\/v2\/pages\/68096\/revisions"}],"predecessor-version":[{"id":70415,"href":"https:\/\/www.boston-it.com\/at\/wp-json\/wp\/v2\/pages\/68096\/revisions\/70415"}],"wp:featuredmedia":[{"embeddable":true,"href":"https:\/\/www.boston-it.com\/at\/wp-json\/wp\/v2\/media\/26064"}],"wp:attachment":[{"href":"https:\/\/www.boston-it.com\/at\/wp-json\/wp\/v2\/media?parent=68096"}],"curies":[{"name":"wp","href":"https:\/\/api.w.org\/{rel}","templated":true}]}}