{"id":27721,"date":"2023-08-04T10:05:38","date_gmt":"2023-08-04T08:05:38","guid":{"rendered":"https:\/\/www.boston-it.com\/nachhaltigkeit\/"},"modified":"2026-01-26T13:38:38","modified_gmt":"2026-01-26T12:38:38","slug":"nachhaltigkeit","status":"publish","type":"page","link":"https:\/\/www.boston-it.com\/ch\/uber-boston\/nachhaltigkeit\/","title":{"rendered":"Verantwortung und Nachhaltigkeit"},"content":{"rendered":"\t\t<div data-elementor-type=\"wp-page\" data-elementor-id=\"27721\" class=\"elementor elementor-27721 elementor-4889\" data-elementor-post-type=\"page\">\n\t\t\t\t\t\t<section class=\"elementor-section elementor-top-section elementor-element elementor-element-8192b83 elementor-section-full_width elementor-section-height-default elementor-section-height-default\" data-id=\"8192b83\" data-element_type=\"section\" data-e-type=\"section\">\n\t\t\t\t\t\t<div class=\"elementor-container elementor-column-gap-no\">\n\t\t\t\t\t<div class=\"elementor-column elementor-col-100 elementor-top-column elementor-element elementor-element-3fc0b57\" data-id=\"3fc0b57\" data-element_type=\"column\" data-e-type=\"column\">\n\t\t\t<div class=\"elementor-widget-wrap elementor-element-populated\">\n\t\t\t\t\t\t<div class=\"elementor-element elementor-element-7e6797d elementor-widget__width-inherit elementor-widget elementor-widget-boston-it-section-intro\" data-id=\"7e6797d\" data-element_type=\"widget\" data-e-type=\"widget\" data-widget_type=\"boston-it-section-intro.default\">\n\t\t\t\t<div class=\"elementor-widget-container\">\n\t\t\t\t\t<div class=\"section intro  is-neutral\" style=\"--page-color: #dddddd;--page-color-rgb: 221, 221, 221;background-image: url(https:\/\/www.boston-it.com\/wp-content\/uploads\/john-moeses-bauan-sx6n_hgSmOc-unsplash-scaled.jpg); background-size: cover\"><div id=\"breadcrumbs\">\n    <a href=https:\/\/www.boston-it.com\/ch\/>Home<\/a>\n    <svg xmlns=\"http:\/\/www.w3.org\/2000\/svg\" width=\"18\" height=\"35\" viewBox=\"0 0 18 35\" fill=\"none\"><path fill-rule=\"evenodd\" clip-rule=\"evenodd\" d=\"M0.692929 35L17.4863 17.5L16.7939 16.7785L16.7936 16.7788L0.692354 -4.26329e-07L-3.43866e-05 0.721524L16.1013 17.5003L0.000539107 34.2785L0.692929 35Z\" fill=\"white\" fill-opacity=\"0.2\"\/><\/svg><a class=\"active\">Verantwortung und Nachhaltigkeit <\/a>\n    <\/div><div class=\"inner\"><h1 class=\"category-title\">Wir sind aktiv<\/h1><h2>Verantwortung und Nachhaltigkeit<\/h2><div class=\"leadIn\">Boston IT \u00fcbernimmt Verantwortung auch \u00fcber den IT-Tellerrand hinaus und kn\u00fcpft daf\u00fcr feste Partnerschaften, um einen zus\u00e4tzlichen Beitrag zu leisten.<\/div><div class=\"buttons\"><div><\/div><\/div>\t\t\t\t<\/div>\n\t\t\t\t<\/div>\n\t\t\t\t\t<\/div>\n\t\t<\/div>\n\t\t\t\t\t<\/div>\n\t\t<\/section>\n\t\t\t\t<section class=\"elementor-section elementor-top-section elementor-element elementor-element-d968a4b elementor-section-boxed elementor-section-height-default elementor-section-height-default\" data-id=\"d968a4b\" data-element_type=\"section\" data-e-type=\"section\">\n\t\t\t\t\t\t<div class=\"elementor-container elementor-column-gap-default\">\n\t\t\t\t\t<div class=\"elementor-column elementor-col-100 elementor-top-column elementor-element elementor-element-6589d31\" data-id=\"6589d31\" data-element_type=\"column\" data-e-type=\"column\">\n\t\t\t<div class=\"elementor-widget-wrap elementor-element-populated\">\n\t\t\t\t\t\t<div class=\"elementor-element elementor-element-18d34f4 elementor-widget elementor-widget-heading\" data-id=\"18d34f4\" data-element_type=\"widget\" data-e-type=\"widget\" data-widget_type=\"heading.default\">\n\t\t\t\t<div class=\"elementor-widget-container\">\n\t\t\t\t\t<h2 class=\"elementor-heading-title elementor-size-default\">BOSTONS VERST\u00c4NDNIS VON NACHHALTIGKEIT IM UNTERNEHMEN UND DAR\u00dcBER HINAUS<\/h2>\t\t\t\t<\/div>\n\t\t\t\t<\/div>\n\t\t\t\t<div class=\"elementor-element elementor-element-f97adff elementor-widget elementor-widget-text-editor\" data-id=\"f97adff\" data-element_type=\"widget\" data-e-type=\"widget\" data-widget_type=\"text-editor.default\">\n\t\t\t\t<div class=\"elementor-widget-container\">\n\t\t\t\t\t\t\t\t\t<p>Boston bietet nicht nur energie-effiziente L\u00f6sungen an, sondern m\u00f6chte dar\u00fcber hinaus ebenso einen Betrag zu einer gesunden Zukunft und Ausgewogenheit der nat\u00fcrlichen \u00d6kosysteme leisten.\u00a0<\/p>\t\t\t\t\t\t\t\t<\/div>\n\t\t\t\t<\/div>\n\t\t\t\t\t<\/div>\n\t\t<\/div>\n\t\t\t\t\t<\/div>\n\t\t<\/section>\n\t\t\t\t<section class=\"elementor-section elementor-top-section elementor-element elementor-element-33d8b8a elementor-section-boxed elementor-section-height-default elementor-section-height-default\" data-id=\"33d8b8a\" data-element_type=\"section\" data-e-type=\"section\">\n\t\t\t\t\t\t<div class=\"elementor-container elementor-column-gap-default\">\n\t\t\t\t\t<div class=\"elementor-column elementor-col-100 elementor-top-column elementor-element elementor-element-706a564\" data-id=\"706a564\" data-element_type=\"column\" data-e-type=\"column\">\n\t\t\t<div class=\"elementor-widget-wrap\">\n\t\t\t\t\t\t\t<\/div>\n\t\t<\/div>\n\t\t\t\t\t<\/div>\n\t\t<\/section>\n\t\t\t\t<section class=\"elementor-section elementor-top-section elementor-element elementor-element-08793a6 elementor-section-boxed elementor-section-height-default elementor-section-height-default\" data-id=\"08793a6\" data-element_type=\"section\" data-e-type=\"section\">\n\t\t\t\t\t\t<div class=\"elementor-container elementor-column-gap-default\">\n\t\t\t\t\t<div class=\"elementor-column elementor-col-100 elementor-top-column elementor-element elementor-element-68c0ad1\" data-id=\"68c0ad1\" data-element_type=\"column\" data-e-type=\"column\">\n\t\t\t<div class=\"elementor-widget-wrap elementor-element-populated\">\n\t\t\t\t\t\t<div class=\"elementor-element elementor-element-615fb5d elementor-widget elementor-widget-boston-it-layout-1\" data-id=\"615fb5d\" data-element_type=\"widget\" data-e-type=\"widget\" data-widget_type=\"boston-it-layout-1.default\">\n\t\t\t\t<div class=\"elementor-widget-container\">\n\t\t\t\t\t<div class=\"section layout-1 \" style=\"--page-color: #dddddd;\"><div class=\"positioning-container-content\"><div class=\"content\"><div class=\"column1\"><div class=\"column1-inner\"><div class=\"category-title\">Nachhaltigkeit im Fokus<\/div><h2>AKTIV HANDELN<\/h2><p>Im Sinne der\u00a0<strong>Produktnachhaltigkeit<\/strong>\u00a0macht sich Boston seit Jahren aktiv stark f\u00fcr nachhaltige L\u00f6sungen in Sinne von Energieeffizienz und Ressourceneinsparung und bietet diese seinen Kunden aktiv an.<\/p><p>Das Unternehmen sucht dazu gezielt nach\u00a0<strong>Technologiepartnern mit Nachhaltigkeitskonzept<\/strong>; vermarktet aber auch eigene IT-L\u00f6sungen in diese Richtung (z.B. OCtoPus Serie).<\/p><p>Die Nachhaltigkeitsstrategie von Boston beschr\u00e4nkt sich jedoch nicht nur auf das Produktportfolio, sondern betrifft auch interne Prozessoptimierungen im Hinblick auf den Verbrauch von Ressourcen.<\/p><div class=\"buttons\"><div class=\"button-group\"><\/div><\/div><\/div><\/div><div class=\"column2\"><div class=\"image\" style=\"background-image: url(https:\/\/www.boston-it.com\/wp-content\/uploads\/ravi-roshan-_AdUs32i0jc-unsplash-scaled.jpg)\"><\/div><div class=\"column2-inner\"><p><strong>Zus\u00e4tzlich engagiert sich Boston f\u00fcr den Erhalt und die Wiederherstellung der heimischen \u00d6kosysteme<\/strong>\u00a0und deren \u00f6kosystemaren Leistungen, die unsere nat\u00fcrlichen Lebensgrundlagen sind.<\/p><p>Dieses Engagement wird insbesondere durch die Zusammenarbeit mit Bergwaldprojekt e.V. gestaltet.<\/p><\/div><\/div><\/div><\/div><\/div>\t\t\t\t<\/div>\n\t\t\t\t<\/div>\n\t\t\t\t\t<\/div>\n\t\t<\/div>\n\t\t\t\t\t<\/div>\n\t\t<\/section>\n\t\t\t\t<section class=\"elementor-section elementor-top-section elementor-element elementor-element-5bd0dc8 elementor-section-boxed elementor-section-height-default elementor-section-height-default\" data-id=\"5bd0dc8\" data-element_type=\"section\" data-e-type=\"section\">\n\t\t\t\t\t\t<div class=\"elementor-container elementor-column-gap-default\">\n\t\t\t\t\t<div class=\"elementor-column elementor-col-100 elementor-top-column elementor-element elementor-element-7ab196a\" data-id=\"7ab196a\" data-element_type=\"column\" data-e-type=\"column\">\n\t\t\t<div class=\"elementor-widget-wrap elementor-element-populated\">\n\t\t\t\t\t\t<div class=\"elementor-element elementor-element-1687581 elementor-widget elementor-widget-heading\" data-id=\"1687581\" data-element_type=\"widget\" data-e-type=\"widget\" data-widget_type=\"heading.default\">\n\t\t\t\t<div class=\"elementor-widget-container\">\n\t\t\t\t\t<h2 class=\"elementor-heading-title elementor-size-default\">NACHHALTIGKEITSKONZEPT VON BOSTON IN 3 STUFEN<\/h2>\t\t\t\t<\/div>\n\t\t\t\t<\/div>\n\t\t\t\t<div class=\"elementor-element elementor-element-b823266 elementor-widget elementor-widget-text-editor\" data-id=\"b823266\" data-element_type=\"widget\" data-e-type=\"widget\" data-widget_type=\"text-editor.default\">\n\t\t\t\t<div class=\"elementor-widget-container\">\n\t\t\t\t\t\t\t\t\t<p>Boston hat \u00fcber seine gesamte bisherige Unternehmenslaufzeit hinweg ein dreistufiges Konzept zur Nachhaltigkeit entwickelt, dass sich im Produktportfolio ebenso widerspiegelt, wie unternehmensintern innerhalb der Mitarbeiter und Prozesse sowie unternehmensextern durch partnerschaftliche Zusammenarbeit.<\/p>\t\t\t\t\t\t\t\t<\/div>\n\t\t\t\t<\/div>\n\t\t\t\t\t<\/div>\n\t\t<\/div>\n\t\t\t\t\t<\/div>\n\t\t<\/section>\n\t\t\t\t<section class=\"elementor-section elementor-top-section elementor-element elementor-element-9435b5d elementor-section-boxed elementor-section-height-default elementor-section-height-default\" data-id=\"9435b5d\" data-element_type=\"section\" data-e-type=\"section\">\n\t\t\t\t\t\t<div class=\"elementor-container elementor-column-gap-default\">\n\t\t\t\t\t<div class=\"elementor-column elementor-col-100 elementor-top-column elementor-element elementor-element-a26a6e4\" data-id=\"a26a6e4\" data-element_type=\"column\" data-e-type=\"column\">\n\t\t\t<div class=\"elementor-widget-wrap elementor-element-populated\">\n\t\t\t\t\t\t<div class=\"elementor-element elementor-element-6ac5d73 elementor-widget elementor-widget-boston-it-accordion\" data-id=\"6ac5d73\" data-element_type=\"widget\" data-e-type=\"widget\" data-widget_type=\"boston-it-accordion.default\">\n\t\t\t\t<div class=\"elementor-widget-container\">\n\t\t\t\t\t<div class=\"section accordion \"><div class=\"inner\"><div class=\"accordion-container\"><div class=\"accordion-aside\"><img decoding=\"async\" class=\"image\" src=\"https:\/\/www.boston-it.com\/wp-content\/uploads\/Hardware-System_Boston-Computerschach-WM2023-7.jpg\" \/><\/div><div class='accordion-items'><div class='accordion-item ' data-image='https:\/\/www.boston-it.com\/wp-content\/uploads\/Hardware-System_Boston-Computerschach-WM2023-7.jpg'><div class='item-head'><h3 onclick='toggleAccordion(this);'>Produktnachhaltigkeit<\/h3><\/div><div class='description'><div class='mobile-image'><img src='https:\/\/www.boston-it.com\/wp-content\/uploads\/Hardware-System_Boston-Computerschach-WM2023-7.jpg'><\/div>Boston bietet bewusst energie-effiziente und nachhaltige L\u00f6sungen an, um bereits mit dem L\u00f6sungs- und Systemangebot ein Beitrag zur Nachhaltigkeit zu leisten. Erfahren Sie mehr hierzu.<div style='padding-top: 25px; padding-bottom: 15px;'><a class='button button-black' href='https:\/\/www.boston-it.com\/uber-boston\/boston-zu-verantwortung-und-nachhaltigkeit-2\/produkt-nachhaltigkeit\/' target='_blank'>Nachhaltiges Portfolio<\/a><\/div><\/div><\/div><div class='accordion-item closed' data-image='https:\/\/www.boston-it.com\/wp-content\/uploads\/shutterstock_1028168668-1-scaled.jpg'><div class='item-head'><h3 onclick='toggleAccordion(this);'>Nachhaltiger Umgang mit Materialien & Co.<\/h3><\/div><div class='description'><div class='mobile-image'><img src='https:\/\/www.boston-it.com\/wp-content\/uploads\/shutterstock_1028168668-1-scaled.jpg'><\/div>Boston nimmt die Energieeffizienz und Nachhaltigkeit auch unternehmensintern verantwortungsvoll unter die Lupe. Das Unternehmen setzt unternehmensintern klare Ma\u00dfst\u00e4be und Regelungen f\u00fcr einen verantwortungsbewussten Umgang mit Wertstoffen, Hilfsmitteln und Materialien auf, die abteilungs\u00fcbergreifend f\u00fcr alle Mitarbeiter gelten. Erfahren Sie hier mehr dazu.<div style='padding-top: 25px; padding-bottom: 15px;'><a class='button button-black' href='https:\/\/www.boston-it.com\/uber-boston\/boston-zu-verantwortung-und-nachhaltigkeit-2\/boston-intern\/' target='_blank'>Nachhaltig unternehmensintern<\/a><\/div><\/div><\/div><div class='accordion-item closed' data-image='https:\/\/www.boston-it.com\/wp-content\/uploads\/Fanas_2017_Wo2-27-scaled.jpg'><div class='item-head'><h3 onclick='toggleAccordion(this);'>Partnerschaft Bergwaldprojekt<\/h3><\/div><div class='description'><div class='mobile-image'><img src='https:\/\/www.boston-it.com\/wp-content\/uploads\/Fanas_2017_Wo2-27-scaled.jpg'><\/div>Neben den internen Mitteleinsatz- und Anpassungsprozessen zur Steigerung von Energieeffizienz und Ressourceneinsparung, hat sich Boston zum Ziel gesetzt, auch \u00fcber die Unternehmensgrenzen hinaus einen Beitrag zum Erhalt und Schutz der heimischen \u00d6kosysteme zu leisten.\u00a0Aus diesem Grund arbeitet Boston mit dem gemeinn\u00fctzigen Verein Bergwaldprojekt e.V. zusammen. Unter dem Leitsatz \"Sustainable IT protects nature\" unterst\u00fctzt Boston dabei das heimische \u00d6kosystem zu st\u00e4rken, was f\u00fcr unsere Zukunft essentiell ist und spendet pro verkauften Server einen Anteil an seinen Partner Bergwaldprojekt.<div style='padding-top: 25px; padding-bottom: 15px;'><a class='button button-black' href='https:\/\/www.boston-it.com\/uber-boston\/nachhaltigkeit\/bergwaldprojekt\/' target='_blank'>Mehr zur Partnerschaft<\/a><\/div><\/div><\/div><\/div><\/div><\/div><\/div>\t\t\t\t<\/div>\n\t\t\t\t<\/div>\n\t\t\t\t\t<\/div>\n\t\t<\/div>\n\t\t\t\t\t<\/div>\n\t\t<\/section>\n\t\t\t\t<section class=\"elementor-section elementor-top-section elementor-element elementor-element-ddf5d96 elementor-section-full_width elementor-section-height-default elementor-section-height-default\" data-id=\"ddf5d96\" data-element_type=\"section\" data-e-type=\"section\">\n\t\t\t\t\t\t<div class=\"elementor-container elementor-column-gap-default\">\n\t\t\t\t\t<div class=\"elementor-column elementor-col-100 elementor-top-column elementor-element elementor-element-3e5387e\" data-id=\"3e5387e\" data-element_type=\"column\" data-e-type=\"column\">\n\t\t\t<div class=\"elementor-widget-wrap\">\n\t\t\t\t\t\t\t<\/div>\n\t\t<\/div>\n\t\t\t\t\t<\/div>\n\t\t<\/section>\n\t\t\t\t<section class=\"elementor-section elementor-top-section elementor-element elementor-element-9107958 elementor-section-boxed elementor-section-height-default elementor-section-height-default\" data-id=\"9107958\" data-element_type=\"section\" data-e-type=\"section\">\n\t\t\t\t\t\t<div class=\"elementor-container elementor-column-gap-default\">\n\t\t\t\t\t<div class=\"elementor-column elementor-col-100 elementor-top-column elementor-element elementor-element-3f1bb3a\" data-id=\"3f1bb3a\" data-element_type=\"column\" data-e-type=\"column\">\n\t\t\t<div class=\"elementor-widget-wrap elementor-element-populated\">\n\t\t\t\t\t\t<div class=\"elementor-element elementor-element-671b200 elementor-widget elementor-widget-spacer\" data-id=\"671b200\" data-element_type=\"widget\" data-e-type=\"widget\" data-widget_type=\"spacer.default\">\n\t\t\t\t<div class=\"elementor-widget-container\">\n\t\t\t\t\t\t\t<div class=\"elementor-spacer\">\n\t\t\t<div class=\"elementor-spacer-inner\"><\/div>\n\t\t<\/div>\n\t\t\t\t\t\t<\/div>\n\t\t\t\t<\/div>\n\t\t\t\t\t<\/div>\n\t\t<\/div>\n\t\t\t\t\t<\/div>\n\t\t<\/section>\n\t\t\t\t<section class=\"elementor-section elementor-top-section elementor-element elementor-element-d296c32 elementor-section-boxed elementor-section-height-default elementor-section-height-default\" data-id=\"d296c32\" data-element_type=\"section\" data-e-type=\"section\">\n\t\t\t\t\t\t<div class=\"elementor-container elementor-column-gap-default\">\n\t\t\t\t\t<div class=\"elementor-column elementor-col-100 elementor-top-column elementor-element elementor-element-3809bb2\" data-id=\"3809bb2\" data-element_type=\"column\" data-e-type=\"column\">\n\t\t\t<div class=\"elementor-widget-wrap elementor-element-populated\">\n\t\t\t\t\t\t<div class=\"elementor-element elementor-element-58757b1 elementor-widget elementor-widget-heading\" data-id=\"58757b1\" data-element_type=\"widget\" data-e-type=\"widget\" data-widget_type=\"heading.default\">\n\t\t\t\t<div class=\"elementor-widget-container\">\n\t\t\t\t\t<h2 class=\"elementor-heading-title elementor-size-default\">H\u00c4UFIG GESTELLTE FRAGEN<\/h2>\t\t\t\t<\/div>\n\t\t\t\t<\/div>\n\t\t\t\t<div class=\"elementor-element elementor-element-169ce90 elementor-widget elementor-widget-text-editor\" data-id=\"169ce90\" data-element_type=\"widget\" data-e-type=\"widget\" data-widget_type=\"text-editor.default\">\n\t\t\t\t<div class=\"elementor-widget-container\">\n\t\t\t\t\t\t\t\t\t<p>Folgende Fragen zur unternehmerischen Verantwortung bez\u00fcglich Produkt- und Unternehmens-Nachhaltigkeit erreichen uns am h\u00e4ufigsten.\u00a0<\/p>\t\t\t\t\t\t\t\t<\/div>\n\t\t\t\t<\/div>\n\t\t\t\t\t<\/div>\n\t\t<\/div>\n\t\t\t\t\t<\/div>\n\t\t<\/section>\n\t\t\t\t<section class=\"elementor-section elementor-top-section elementor-element elementor-element-caf5a46 elementor-section-boxed elementor-section-height-default elementor-section-height-default\" data-id=\"caf5a46\" data-element_type=\"section\" data-e-type=\"section\">\n\t\t\t\t\t\t<div class=\"elementor-container elementor-column-gap-default\">\n\t\t\t\t\t<div class=\"elementor-column elementor-col-50 elementor-top-column elementor-element elementor-element-ea46946\" data-id=\"ea46946\" data-element_type=\"column\" data-e-type=\"column\">\n\t\t\t<div class=\"elementor-widget-wrap elementor-element-populated\">\n\t\t\t\t\t\t<div class=\"elementor-element elementor-element-cab6385 elementor-widget elementor-widget-toggle\" data-id=\"cab6385\" data-element_type=\"widget\" data-e-type=\"widget\" data-widget_type=\"toggle.default\">\n\t\t\t\t<div class=\"elementor-widget-container\">\n\t\t\t\t\t\t\t<div class=\"elementor-toggle\">\n\t\t\t\t\t\t\t<div class=\"elementor-toggle-item\">\n\t\t\t\t\t<div id=\"elementor-tab-title-2121\" class=\"elementor-tab-title\" data-tab=\"1\" role=\"button\" aria-controls=\"elementor-tab-content-2121\" aria-expanded=\"false\">\n\t\t\t\t\t\t\t\t\t\t\t\t<span class=\"elementor-toggle-icon elementor-toggle-icon-left\" aria-hidden=\"true\">\n\t\t\t\t\t\t\t\t\t\t\t\t\t\t\t<span class=\"elementor-toggle-icon-closed\"><i class=\"fas fa-caret-right\"><\/i><\/span>\n\t\t\t\t\t\t\t\t<span class=\"elementor-toggle-icon-opened\"><i class=\"elementor-toggle-icon-opened fas fa-caret-up\"><\/i><\/span>\n\t\t\t\t\t\t\t\t\t\t\t\t\t<\/span>\n\t\t\t\t\t\t\t\t\t\t\t\t<a class=\"elementor-toggle-title\" tabindex=\"0\">Nach welchen Kriterien sucht Boston IT seine Technologiepartner aus, um Nachhaltigkeit zu gew\u00e4hrleisten?<\/a>\n\t\t\t\t\t<\/div>\n\n\t\t\t\t\t<div id=\"elementor-tab-content-2121\" class=\"elementor-tab-content elementor-clearfix\" data-tab=\"1\" role=\"region\" aria-labelledby=\"elementor-tab-title-2121\"><p>Auf der einen Seite nat\u00fcrlich zur Kompatibilit\u00e4t zum restlichen Produktportfolio, auf der anderen Seite schaut unser Management-Team nach energie-effizienten und nachhaltigen Nutzen f\u00fcr unsere Kunden, der in Systemen integriert werden kann.<\/p>\n<\/div>\n\t\t\t\t<\/div>\n\t\t\t\t\t\t\t<div class=\"elementor-toggle-item\">\n\t\t\t\t\t<div id=\"elementor-tab-title-2122\" class=\"elementor-tab-title\" data-tab=\"2\" role=\"button\" aria-controls=\"elementor-tab-content-2122\" aria-expanded=\"false\">\n\t\t\t\t\t\t\t\t\t\t\t\t<span class=\"elementor-toggle-icon elementor-toggle-icon-left\" aria-hidden=\"true\">\n\t\t\t\t\t\t\t\t\t\t\t\t\t\t\t<span class=\"elementor-toggle-icon-closed\"><i class=\"fas fa-caret-right\"><\/i><\/span>\n\t\t\t\t\t\t\t\t<span class=\"elementor-toggle-icon-opened\"><i class=\"elementor-toggle-icon-opened fas fa-caret-up\"><\/i><\/span>\n\t\t\t\t\t\t\t\t\t\t\t\t\t<\/span>\n\t\t\t\t\t\t\t\t\t\t\t\t<a class=\"elementor-toggle-title\" tabindex=\"0\">Gibt es einen festen Vertrag mit dem Bergwaldprojekt?<\/a>\n\t\t\t\t\t<\/div>\n\n\t\t\t\t\t<div id=\"elementor-tab-content-2122\" class=\"elementor-tab-content elementor-clearfix\" data-tab=\"2\" role=\"region\" aria-labelledby=\"elementor-tab-title-2122\"><p>Ja, wir haben eine gemeinsame Vereinbarung zur Zusammenarbeit geschlossen.<\/p>\n<\/div>\n\t\t\t\t<\/div>\n\t\t\t\t\t\t\t\t<\/div>\n\t\t\t\t\t\t<\/div>\n\t\t\t\t<\/div>\n\t\t\t\t\t<\/div>\n\t\t<\/div>\n\t\t\t\t<div class=\"elementor-column elementor-col-50 elementor-top-column elementor-element elementor-element-22f9220\" data-id=\"22f9220\" data-element_type=\"column\" data-e-type=\"column\">\n\t\t\t<div class=\"elementor-widget-wrap elementor-element-populated\">\n\t\t\t\t\t\t<div class=\"elementor-element elementor-element-9a5cb98 elementor-widget elementor-widget-toggle\" data-id=\"9a5cb98\" data-element_type=\"widget\" data-e-type=\"widget\" data-widget_type=\"toggle.default\">\n\t\t\t\t<div class=\"elementor-widget-container\">\n\t\t\t\t\t\t\t<div class=\"elementor-toggle\">\n\t\t\t\t\t\t\t<div class=\"elementor-toggle-item\">\n\t\t\t\t\t<div id=\"elementor-tab-title-1611\" class=\"elementor-tab-title\" data-tab=\"1\" role=\"button\" aria-controls=\"elementor-tab-content-1611\" aria-expanded=\"false\">\n\t\t\t\t\t\t\t\t\t\t\t\t<span class=\"elementor-toggle-icon elementor-toggle-icon-left\" aria-hidden=\"true\">\n\t\t\t\t\t\t\t\t\t\t\t\t\t\t\t<span class=\"elementor-toggle-icon-closed\"><i class=\"fas fa-caret-right\"><\/i><\/span>\n\t\t\t\t\t\t\t\t<span class=\"elementor-toggle-icon-opened\"><i class=\"elementor-toggle-icon-opened fas fa-caret-up\"><\/i><\/span>\n\t\t\t\t\t\t\t\t\t\t\t\t\t<\/span>\n\t\t\t\t\t\t\t\t\t\t\t\t<a class=\"elementor-toggle-title\" tabindex=\"0\">F\u00fcr wen sind die nachhaltigen Richtlinien von Boston verbindlich?<\/a>\n\t\t\t\t\t<\/div>\n\n\t\t\t\t\t<div id=\"elementor-tab-content-1611\" class=\"elementor-tab-content elementor-clearfix\" data-tab=\"1\" role=\"region\" aria-labelledby=\"elementor-tab-title-1611\"><p>Unsere Grunds\u00e4tze, Ma\u00dfst\u00e4be sowie Richtlinien sind vorwiegend f\u00fcr unsere Boston Mitarbeiter verbindlich, wenn es um unternehmensinterne Prozesse und den verantwortungsvollen Umgang mit Materialien, Werkstoffen oder energie-effizienten Mitteln geht.\u00a0<\/p>\n<p>Dennoch geben wir auch Partnern sowie Kunden Empfehlungen zum energie-effizienteren Umgang mit Materialien. Dies liegt in unserem unternehmerischen Selbstverst\u00e4ndnis und dem Blick nach vorne f\u00fcr eine nachhaltigere Zukunft.\u00a0\u00a0<\/p>\n<\/div>\n\t\t\t\t<\/div>\n\t\t\t\t\t\t\t<div class=\"elementor-toggle-item\">\n\t\t\t\t\t<div id=\"elementor-tab-title-1612\" class=\"elementor-tab-title\" data-tab=\"2\" role=\"button\" aria-controls=\"elementor-tab-content-1612\" aria-expanded=\"false\">\n\t\t\t\t\t\t\t\t\t\t\t\t<span class=\"elementor-toggle-icon elementor-toggle-icon-left\" aria-hidden=\"true\">\n\t\t\t\t\t\t\t\t\t\t\t\t\t\t\t<span class=\"elementor-toggle-icon-closed\"><i class=\"fas fa-caret-right\"><\/i><\/span>\n\t\t\t\t\t\t\t\t<span class=\"elementor-toggle-icon-opened\"><i class=\"elementor-toggle-icon-opened fas fa-caret-up\"><\/i><\/span>\n\t\t\t\t\t\t\t\t\t\t\t\t\t<\/span>\n\t\t\t\t\t\t\t\t\t\t\t\t<a class=\"elementor-toggle-title\" tabindex=\"0\">Wie kann Boston nachhaltig sein, obwohl Technologien stetig Strom oder andere nat\u00fcrliche Ressourcen verbrauchen?<\/a>\n\t\t\t\t\t<\/div>\n\n\t\t\t\t\t<div id=\"elementor-tab-content-1612\" class=\"elementor-tab-content elementor-clearfix\" data-tab=\"2\" role=\"region\" aria-labelledby=\"elementor-tab-title-1612\"><p>Boston IT hat unternehmensintern Richtlinien und Ma\u00dfst\u00e4be entwickelt f\u00fcr einen verantwortungsvollen Umgang mit nat\u00fcrlichen Materialien, Ressourcen, Hilfsmitteln oder Werkstoffen.<\/p>\n<p>In jedem Prozess und Abteilungsweit wird versucht so gut wie m\u00f6glich die Effizienz zu steigern, Strom bewusst einzusparen oder Prozesse zu optimieren, ohne dass die Qualit\u00e4t der Produkte, Systeme, Server oder L\u00f6sungen darunter leiden.\u00a0<\/p>\n<\/div>\n\t\t\t\t<\/div>\n\t\t\t\t\t\t\t\t<\/div>\n\t\t\t\t\t\t<\/div>\n\t\t\t\t<\/div>\n\t\t\t\t\t<\/div>\n\t\t<\/div>\n\t\t\t\t\t<\/div>\n\t\t<\/section>\n\t\t\t\t<section class=\"elementor-section elementor-top-section elementor-element elementor-element-086579c elementor-section-boxed elementor-section-height-default elementor-section-height-default\" data-id=\"086579c\" data-element_type=\"section\" data-e-type=\"section\">\n\t\t\t\t\t\t<div class=\"elementor-container elementor-column-gap-default\">\n\t\t\t\t\t<div class=\"elementor-column elementor-col-100 elementor-top-column elementor-element elementor-element-1833483\" data-id=\"1833483\" data-element_type=\"column\" data-e-type=\"column\">\n\t\t\t<div class=\"elementor-widget-wrap elementor-element-populated\">\n\t\t\t\t\t\t<div class=\"elementor-element elementor-element-9addee1 elementor-widget elementor-widget-spacer\" data-id=\"9addee1\" data-element_type=\"widget\" data-e-type=\"widget\" data-widget_type=\"spacer.default\">\n\t\t\t\t<div class=\"elementor-widget-container\">\n\t\t\t\t\t\t\t<div class=\"elementor-spacer\">\n\t\t\t<div class=\"elementor-spacer-inner\"><\/div>\n\t\t<\/div>\n\t\t\t\t\t\t<\/div>\n\t\t\t\t<\/div>\n\t\t\t\t\t<\/div>\n\t\t<\/div>\n\t\t\t\t\t<\/div>\n\t\t<\/section>\n\t\t\t\t<\/div>\n\t\t","protected":false},"excerpt":{"rendered":"<p>Home Verantwortung und Nachhaltigkeit Wir sind aktiv Verantwortung und Nachhaltigkeit Boston IT \u00fcbernimmt Verantwortung auch \u00fcber den IT-Tellerrand hinaus und kn\u00fcpft daf\u00fcr feste Partnerschaften, um einen zus\u00e4tzlichen Beitrag zu leisten. BOSTONS VERST\u00c4NDNIS VON NACHHALTIGKEIT IM UNTERNEHMEN UND DAR\u00dcBER HINAUS Boston bietet nicht nur energie-effiziente L\u00f6sungen an, sondern m\u00f6chte dar\u00fcber hinaus ebenso einen Betrag zu einer&#8230;<\/p>\n","protected":false},"author":10,"featured_media":0,"parent":27815,"menu_order":3,"comment_status":"closed","ping_status":"closed","template":"","meta":{"_acf_changed":false,"footnotes":""},"class_list":["post-27721","page","type-page","status-publish","hentry"],"acf":[],"_links":{"self":[{"href":"https:\/\/www.boston-it.com\/ch\/wp-json\/wp\/v2\/pages\/27721","targetHints":{"allow":["GET"]}}],"collection":[{"href":"https:\/\/www.boston-it.com\/ch\/wp-json\/wp\/v2\/pages"}],"about":[{"href":"https:\/\/www.boston-it.com\/ch\/wp-json\/wp\/v2\/types\/page"}],"author":[{"embeddable":true,"href":"https:\/\/www.boston-it.com\/ch\/wp-json\/wp\/v2\/users\/10"}],"replies":[{"embeddable":true,"href":"https:\/\/www.boston-it.com\/ch\/wp-json\/wp\/v2\/comments?post=27721"}],"version-history":[{"count":4,"href":"https:\/\/www.boston-it.com\/ch\/wp-json\/wp\/v2\/pages\/27721\/revisions"}],"predecessor-version":[{"id":81315,"href":"https:\/\/www.boston-it.com\/ch\/wp-json\/wp\/v2\/pages\/27721\/revisions\/81315"}],"up":[{"embeddable":true,"href":"https:\/\/www.boston-it.com\/ch\/wp-json\/wp\/v2\/pages\/27815"}],"wp:attachment":[{"href":"https:\/\/www.boston-it.com\/ch\/wp-json\/wp\/v2\/media?parent=27721"}],"curies":[{"name":"wp","href":"https:\/\/api.w.org\/{rel}","templated":true}]}}