{"id":27737,"date":"2023-08-04T10:05:38","date_gmt":"2023-08-04T08:05:38","guid":{"rendered":"https:\/\/www.boston-it.com\/boston-zu-verantwortung-und-nachhaltigkeit-2\/produkt-nachhaltigkeit\/"},"modified":"2026-01-19T09:22:23","modified_gmt":"2026-01-19T08:22:23","slug":"produkt-nachhaltigkeit","status":"publish","type":"page","link":"https:\/\/www.boston-it.com\/ch\/uber-boston\/boston-zu-verantwortung-und-nachhaltigkeit-2\/produkt-nachhaltigkeit\/","title":{"rendered":"Produkt Nachhaltigkeit"},"content":{"rendered":"\t\t<div data-elementor-type=\"wp-page\" data-elementor-id=\"27737\" class=\"elementor elementor-27737 elementor-13419\" data-elementor-post-type=\"page\">\n\t\t\t\t\t\t<section class=\"elementor-section elementor-top-section elementor-element elementor-element-8192b83 elementor-section-full_width elementor-section-height-default elementor-section-height-default\" data-id=\"8192b83\" data-element_type=\"section\" data-e-type=\"section\">\n\t\t\t\t\t\t<div class=\"elementor-container elementor-column-gap-no\">\n\t\t\t\t\t<div class=\"elementor-column elementor-col-100 elementor-top-column elementor-element elementor-element-3fc0b57\" data-id=\"3fc0b57\" data-element_type=\"column\" data-e-type=\"column\">\n\t\t\t<div class=\"elementor-widget-wrap elementor-element-populated\">\n\t\t\t\t\t\t<div class=\"elementor-element elementor-element-7e6797d elementor-widget__width-inherit elementor-widget elementor-widget-boston-it-section-intro\" data-id=\"7e6797d\" data-element_type=\"widget\" data-e-type=\"widget\" data-widget_type=\"boston-it-section-intro.default\">\n\t\t\t\t<div class=\"elementor-widget-container\">\n\t\t\t\t\t<div class=\"section intro  is-neutral\" style=\"--page-color: #dddddd;--page-color-rgb: 221, 221, 221;background-image: url(https:\/\/www.boston-it.com\/wp-content\/uploads\/TRIN_W1.jpg); background-size: cover\"><div id=\"breadcrumbs\">\n    <a href=https:\/\/www.boston-it.com\/ch\/>Home<\/a>\n    <svg xmlns=\"http:\/\/www.w3.org\/2000\/svg\" width=\"18\" height=\"35\" viewBox=\"0 0 18 35\" fill=\"none\"><path fill-rule=\"evenodd\" clip-rule=\"evenodd\" d=\"M0.692929 35L17.4863 17.5L16.7939 16.7785L16.7936 16.7788L0.692354 -4.26329e-07L-3.43866e-05 0.721524L16.1013 17.5003L0.000539107 34.2785L0.692929 35Z\" fill=\"white\" fill-opacity=\"0.2\"\/><\/svg><a class=\"active\">Produkt Nachhaltigkeit <\/a>\n    <\/div><div class=\"inner\"><h1 class=\"category-title\">WIR SIND AKTIV<\/h1><h2>Nachhaltigkeit im Unternehmen<\/h2><div class=\"leadIn\"><p>Boston IT setzt unternehmensintern einen klaren Ma\u00dfstab und Regelungen auf - auch im Sinne von Verantwortung und Nachhaltigkeit.<\/p><\/div><div class=\"buttons\"><div><\/div><\/div>\t\t\t\t<\/div>\n\t\t\t\t<\/div>\n\t\t\t\t\t<\/div>\n\t\t<\/div>\n\t\t\t\t\t<\/div>\n\t\t<\/section>\n\t\t\t\t<section class=\"elementor-section elementor-top-section elementor-element elementor-element-38f58e1 elementor-section-boxed elementor-section-height-default elementor-section-height-default\" data-id=\"38f58e1\" data-element_type=\"section\" data-e-type=\"section\">\n\t\t\t\t\t\t<div class=\"elementor-container elementor-column-gap-default\">\n\t\t\t\t\t<div class=\"elementor-column elementor-col-100 elementor-top-column elementor-element elementor-element-3566bb5\" data-id=\"3566bb5\" data-element_type=\"column\" data-e-type=\"column\">\n\t\t\t<div class=\"elementor-widget-wrap elementor-element-populated\">\n\t\t\t\t\t\t<div class=\"elementor-element elementor-element-625c6b0 elementor-widget elementor-widget-heading\" data-id=\"625c6b0\" data-element_type=\"widget\" data-e-type=\"widget\" data-widget_type=\"heading.default\">\n\t\t\t\t<div class=\"elementor-widget-container\">\n\t\t\t\t\t<h2 class=\"elementor-heading-title elementor-size-default\">BOSTON'S VERST\u00c4NDNIS VON NACHHALTIGKEIT IM UNTERNEHMEN UND DAR\u00dcBER HINAUS\n<\/h2>\t\t\t\t<\/div>\n\t\t\t\t<\/div>\n\t\t\t\t\t<\/div>\n\t\t<\/div>\n\t\t\t\t\t<\/div>\n\t\t<\/section>\n\t\t\t\t<section class=\"elementor-section elementor-top-section elementor-element elementor-element-401bac7 elementor-section-boxed elementor-section-height-default elementor-section-height-default\" data-id=\"401bac7\" data-element_type=\"section\" data-e-type=\"section\">\n\t\t\t\t\t\t<div class=\"elementor-container elementor-column-gap-default\">\n\t\t\t\t\t<div class=\"elementor-column elementor-col-100 elementor-top-column elementor-element elementor-element-ea0c977\" data-id=\"ea0c977\" data-element_type=\"column\" data-e-type=\"column\">\n\t\t\t<div class=\"elementor-widget-wrap elementor-element-populated\">\n\t\t\t\t\t\t<div class=\"elementor-element elementor-element-6d8d4e9 elementor-widget elementor-widget-text-editor\" data-id=\"6d8d4e9\" data-element_type=\"widget\" data-e-type=\"widget\" data-widget_type=\"text-editor.default\">\n\t\t\t\t<div class=\"elementor-widget-container\">\n\t\t\t\t\t\t\t\t\t<p>Boston bietet bewusst energie-effiziente L\u00f6sungen an, die einen Betrag zu einer gesunden Zukunft und Ausgewogenheit der nat\u00fcrlichen \u00d6kosysteme leisten, trotz steigender IT-Technologie.<\/p>\t\t\t\t\t\t\t\t<\/div>\n\t\t\t\t<\/div>\n\t\t\t\t\t<\/div>\n\t\t<\/div>\n\t\t\t\t\t<\/div>\n\t\t<\/section>\n\t\t\t\t<section class=\"elementor-section elementor-top-section elementor-element elementor-element-61de665 elementor-section-boxed elementor-section-height-default elementor-section-height-default\" data-id=\"61de665\" data-element_type=\"section\" data-e-type=\"section\">\n\t\t\t\t\t\t<div class=\"elementor-container elementor-column-gap-default\">\n\t\t\t\t\t<div class=\"elementor-column elementor-col-100 elementor-top-column elementor-element elementor-element-3b26ff9\" data-id=\"3b26ff9\" data-element_type=\"column\" data-e-type=\"column\">\n\t\t\t<div class=\"elementor-widget-wrap elementor-element-populated\">\n\t\t\t\t\t\t<div class=\"elementor-element elementor-element-f37f852 elementor-widget elementor-widget-spacer\" data-id=\"f37f852\" data-element_type=\"widget\" data-e-type=\"widget\" data-widget_type=\"spacer.default\">\n\t\t\t\t<div class=\"elementor-widget-container\">\n\t\t\t\t\t\t\t<div class=\"elementor-spacer\">\n\t\t\t<div class=\"elementor-spacer-inner\"><\/div>\n\t\t<\/div>\n\t\t\t\t\t\t<\/div>\n\t\t\t\t<\/div>\n\t\t\t\t\t<\/div>\n\t\t<\/div>\n\t\t\t\t\t<\/div>\n\t\t<\/section>\n\t\t\t\t<section class=\"elementor-section elementor-top-section elementor-element elementor-element-4a320c6 elementor-section-boxed elementor-section-height-default elementor-section-height-default\" data-id=\"4a320c6\" data-element_type=\"section\" data-e-type=\"section\">\n\t\t\t\t\t\t<div class=\"elementor-container elementor-column-gap-default\">\n\t\t\t\t\t<div class=\"elementor-column elementor-col-100 elementor-top-column elementor-element elementor-element-f1a2152\" data-id=\"f1a2152\" data-element_type=\"column\" data-e-type=\"column\">\n\t\t\t<div class=\"elementor-widget-wrap elementor-element-populated\">\n\t\t\t\t\t\t<div class=\"elementor-element elementor-element-0f6f0c0 elementor-widget elementor-widget-boston-it-text-image-full\" data-id=\"0f6f0c0\" data-element_type=\"widget\" data-e-type=\"widget\" data-widget_type=\"boston-it-text-image-full.default\">\n\t\t\t\t<div class=\"elementor-widget-container\">\n\t\t\t\t\t<div class=\"section text-image-full alternative-style \" style=\"--page-color: #dddddd;\"><div class=\"positioning-container-image\"><div class=\"image\" style=\"background-image: url(https:\/\/www.boston-it.com\/wp-content\/uploads\/Webseite-Nachhaltigkeit.jpg)\"><\/div><\/div><div class=\"positioning-container-content\"><div class=\"content\"><div class=\"category-title\">AKTIV HANDELN\u200b<\/div><h2>NACHHALTIGKEIT IM FOKUS<\/h2><div class=\"leadIn\"><p>Im Sinne der Produktnachhaltigkeit macht sich Boston seit Jahren aktiv stark f\u00fcr nachhaltige L\u00f6sungen in Sinne von Energieeffizienz und Ressourceneinsparung und bietet diese seinen Kunden aktiv an.<\/p><p>Das Unternehmen sucht dazu gezielt nach Technologiepartnern mit Nachhaltigkeitskonzept; vermarktet aber auch eigene IT-L\u00f6sungen in diese Richtung (z.B. OCtoPus Serie). Die Nachhaltigkeitsstrategie von Boston beschr\u00e4nkt sich jedoch nicht nur auf das Produktportfolio, sondern betrifft auch interne Prozessoptimierungen im Hinblick auf den Verbrauch von Ressourcen.<\/p><\/div><div class=\"buttons\"><div class=\"button-rainbow-container\"><a href=\"https:\/\/www.boston-it.com\/wp-content\/uploads\/Boston-CO2-Klimazertifikat_2026.pdf\" class=\"button button-invert\" target=\"_blank\" rel=\"nofollow\">CO\u00b2-Klimazertifikat<\/a><\/div><div><div><\/div><\/div>\t\t\t\t<\/div>\n\t\t\t\t<\/div>\n\t\t\t\t\t<\/div>\n\t\t<\/div>\n\t\t\t\t\t<\/div>\n\t\t<\/section>\n\t\t\t\t<section class=\"elementor-section elementor-top-section elementor-element elementor-element-38ccc69 elementor-section-boxed elementor-section-height-default elementor-section-height-default\" data-id=\"38ccc69\" data-element_type=\"section\" data-e-type=\"section\">\n\t\t\t\t\t\t<div class=\"elementor-container elementor-column-gap-default\">\n\t\t\t\t\t<div class=\"elementor-column elementor-col-100 elementor-top-column elementor-element elementor-element-24816e7\" data-id=\"24816e7\" data-element_type=\"column\" data-e-type=\"column\">\n\t\t\t<div class=\"elementor-widget-wrap\">\n\t\t\t\t\t\t\t<\/div>\n\t\t<\/div>\n\t\t\t\t\t<\/div>\n\t\t<\/section>\n\t\t\t\t<section class=\"elementor-section elementor-top-section elementor-element elementor-element-88be9b1 elementor-section-full_width elementor-section-height-default elementor-section-height-default\" data-id=\"88be9b1\" data-element_type=\"section\" data-e-type=\"section\">\n\t\t\t\t\t\t<div class=\"elementor-container elementor-column-gap-default\">\n\t\t\t\t\t<div class=\"elementor-column elementor-col-100 elementor-top-column elementor-element elementor-element-112f243\" data-id=\"112f243\" data-element_type=\"column\" data-e-type=\"column\">\n\t\t\t<div class=\"elementor-widget-wrap elementor-element-populated\">\n\t\t\t\t\t\t<div class=\"elementor-element elementor-element-199b15d elementor-widget elementor-widget-boston-it-advantages\" data-id=\"199b15d\" data-element_type=\"widget\" data-e-type=\"widget\" data-widget_type=\"boston-it-advantages.default\">\n\t\t\t\t<div class=\"elementor-widget-container\">\n\t\t\t\t\t<div class=\"section advantages\" style=\"--page-color: #dddddd; --page-color-rgb: 221, 221, 221\"><div class=\"content\"><div class=\"column1\"><div class=\"column1-inner\"><div class=\"category-title\">Nachhaltigkeit im Boston Portfolio<\/div><h2>Unser Verst\u00e4ndnis von Produkt-Nachhaltigkeit<\/h2><p>Boston entwickelt energieeffiziente IT-Systeme, die durch folgende Kriterien gekennzeichnet sind:<\/p><\/div><\/div><div class=\"list-container\"><div class=\"list-item\"><div class=\"list-item-head\"><div class=\"list-icon-container\"><i aria-hidden=\"true\" class=\"far fa-snowflake\"><\/i><\/div><h3>Art der Systemk\u00fchlung<\/h3><\/div><p class=\"expandable-text\">Die Art der Systemk\u00fchlung hat erheblichen Einfluss auf die Produktnachhaltigkeit. Aus diesem Grunde bieten wir L\u00f6sungen mit Luft-, Fl\u00fcssigkeits- oder Immersion-K\u00fchlungsverfahren an.<\/p><button class=\"button button-expand-text\" onclick=\"expandText(this)\">Mehr Erfahren<\/button><\/div><div class=\"list-item\"><div class=\"list-item-head\"><div class=\"list-icon-container\"><i aria-hidden=\"true\" class=\"fas fa-wind\"><\/i><\/div><h3>Art der Systeml\u00fcftung<\/h3><\/div><p class=\"expandable-text\">Mit dem Einsatz von l\u00fcfterlosen Servern kann der Platz im Server-Inneren mehr Leistung bringen und zur Kostenoptimierung f\u00fchren.<\/p><button class=\"button button-expand-text\" onclick=\"expandText(this)\">Mehr Erfahren<\/button><\/div><div class=\"list-item\"><div class=\"list-item-head\"><div class=\"list-icon-container\"><i aria-hidden=\"true\" class=\"fas fa-server\"><\/i><\/div><h3>Design der Serversysteme<\/h3><\/div><p class=\"expandable-text\">Durch die effiziente Anordnung der Systemkomponenten wird die System-Eigenw\u00e4rme im Betrieb besser genutzt, was letztlich zur Stromeinsparung im Gesamtbetrieb f\u00fchrt.<\/p><button class=\"button button-expand-text\" onclick=\"expandText(this)\">Mehr Erfahren<\/button><\/div><div class=\"list-item\"><div class=\"list-item-head\"><div class=\"list-icon-container\"><i aria-hidden=\"true\" class=\"fas fa-tools\"><\/i><\/div><h3>Lokale Produktion<\/h3><\/div><p class=\"expandable-text\">Boston f\u00f6rdert die Produktnachhaltigkeit aktiv mit einer weitgehend lokalen Systementwicklung und dessen Zusammenbau im Sinne von kurzen Lieferwegen und lokaler Fertigung.<\/p><button class=\"button button-expand-text\" onclick=\"expandText(this)\">Mehr Erfahren<\/button><\/div><div class=\"list-item\"><div class=\"list-item-head\"><div class=\"list-icon-container\"><i aria-hidden=\"true\" class=\"fas fa-hands\"><\/i><\/div><h3>High Density Solution<\/h3><\/div><p class=\"expandable-text\">Boston hat Open Compute Project Systems im Portfolio, sogenannte OCP Systeme, die sich durch die Neugestaltung von Hardware und Software als besonders effizient, flexibel und skalierbar im Markt bew\u00e4hrt haben.<\/p><button class=\"button button-expand-text\" onclick=\"expandText(this)\">Mehr Erfahren<\/button><\/div><div class=\"list-item\"><div class=\"list-item-head\"><div class=\"list-icon-container\"><i aria-hidden=\"true\" class=\"fas fa-th-list\"><\/i><\/div><h3>Energie-Effizienzklassen<\/h3><\/div><p class=\"expandable-text\">Durch die Verwendung von platinierten Titananoden innerhalb des Serversystems ist bei Boston Systemen eine Unterscheidung in Energieeffizienzklassen m\u00f6glich.<\/p><button class=\"button button-expand-text\" onclick=\"expandText(this)\">Mehr Erfahren<\/button><\/div><div class=\"list-item\"><div class=\"list-item-head\"><div class=\"list-icon-container\"><i aria-hidden=\"true\" class=\"fas fa-user-check\"><\/i><\/div><h3>Hohe Kompatibilit\u00e4t<\/h3><\/div><p class=\"expandable-text\">Boston L\u00f6sungen besitzen eine hohe Kompatibilit\u00e4t und herstellerunabh\u00e4ngige Systemkomponenten, um Ressourcen zu schonen, Komplexit\u00e4t innerhalb von Systemen zu reduzieren und vielseitig einsatzf\u00e4hig zu sein.<\/p><button class=\"button button-expand-text\" onclick=\"expandText(this)\">Mehr Erfahren<\/button><\/div><\/div><\/div><\/div>\t\t\t\t<\/div>\n\t\t\t\t<\/div>\n\t\t\t\t\t<\/div>\n\t\t<\/div>\n\t\t\t\t\t<\/div>\n\t\t<\/section>\n\t\t\t\t<section class=\"elementor-section elementor-top-section elementor-element elementor-element-99acec8 elementor-section-boxed elementor-section-height-default elementor-section-height-default\" data-id=\"99acec8\" data-element_type=\"section\" data-e-type=\"section\">\n\t\t\t\t\t\t<div class=\"elementor-container elementor-column-gap-default\">\n\t\t\t\t\t<div class=\"elementor-column elementor-col-100 elementor-top-column elementor-element elementor-element-f76202a\" data-id=\"f76202a\" data-element_type=\"column\" data-e-type=\"column\">\n\t\t\t<div class=\"elementor-widget-wrap elementor-element-populated\">\n\t\t\t\t\t\t<div class=\"elementor-element elementor-element-8be155c elementor-widget elementor-widget-spacer\" data-id=\"8be155c\" data-element_type=\"widget\" data-e-type=\"widget\" data-widget_type=\"spacer.default\">\n\t\t\t\t<div class=\"elementor-widget-container\">\n\t\t\t\t\t\t\t<div class=\"elementor-spacer\">\n\t\t\t<div class=\"elementor-spacer-inner\"><\/div>\n\t\t<\/div>\n\t\t\t\t\t\t<\/div>\n\t\t\t\t<\/div>\n\t\t\t\t\t<\/div>\n\t\t<\/div>\n\t\t\t\t\t<\/div>\n\t\t<\/section>\n\t\t\t\t<section class=\"elementor-section elementor-top-section elementor-element elementor-element-246cd65 elementor-section-boxed elementor-section-height-default elementor-section-height-default\" data-id=\"246cd65\" data-element_type=\"section\" data-e-type=\"section\">\n\t\t\t\t\t\t<div class=\"elementor-container elementor-column-gap-default\">\n\t\t\t\t\t<div class=\"elementor-column elementor-col-100 elementor-top-column elementor-element elementor-element-542399f\" data-id=\"542399f\" data-element_type=\"column\" data-e-type=\"column\">\n\t\t\t<div class=\"elementor-widget-wrap elementor-element-populated\">\n\t\t\t\t\t\t<div class=\"elementor-element elementor-element-1a7b431 elementor-widget elementor-widget-heading\" data-id=\"1a7b431\" data-element_type=\"widget\" data-e-type=\"widget\" data-widget_type=\"heading.default\">\n\t\t\t\t<div class=\"elementor-widget-container\">\n\t\t\t\t\t<h2 class=\"elementor-heading-title elementor-size-default\">Mehr \u00fcber Boston<\/h2>\t\t\t\t<\/div>\n\t\t\t\t<\/div>\n\t\t\t\t\t<\/div>\n\t\t<\/div>\n\t\t\t\t\t<\/div>\n\t\t<\/section>\n\t\t\t\t<section class=\"elementor-section elementor-top-section elementor-element elementor-element-93915c0 elementor-section-boxed elementor-section-height-default elementor-section-height-default\" data-id=\"93915c0\" data-element_type=\"section\" data-e-type=\"section\">\n\t\t\t\t\t\t<div class=\"elementor-container elementor-column-gap-default\">\n\t\t\t\t\t<div class=\"elementor-column elementor-col-50 elementor-top-column elementor-element elementor-element-b107f76\" data-id=\"b107f76\" data-element_type=\"column\" data-e-type=\"column\">\n\t\t\t<div class=\"elementor-widget-wrap elementor-element-populated\">\n\t\t\t\t\t\t<div class=\"elementor-element elementor-element-4b8c29f elementor-widget elementor-widget-boston-it-image-text-vertical\" data-id=\"4b8c29f\" data-element_type=\"widget\" data-e-type=\"widget\" data-widget_type=\"boston-it-image-text-vertical.default\">\n\t\t\t\t<div class=\"elementor-widget-container\">\n\t\t\t\t\t<div class=\"image-text-vertical-widget \" style=\"width: 100%; height: 100%; flex-direction: column; justify-content: flex-start; align-items: center; display: inline-flex; margin-bottom: 6rem\">\n        <img decoding=\"async\" class=\"image-text-vertical-img\" style=\"align-self: cover; object-fit: cover; height: 25rem; background-color: #E5E5E5; width: 95%\" src=\"https:\/\/www.boston-it.com\/wp-content\/uploads\/shutterstock_1914787453-scaled.jpg\" \/>\n        <div class=\"image-text-vertical-textbox\" style=\"width: 90%; flex: 1 1 33rem; padding: 32px; background: black; flex-direction: column; justify-content: space-between; align-items: flex-start; gap: 48px; display: flex; margin-top: -4rem; word-break: break-word;\">\n            <div style=\"flex-direction: column; justify-content: flex-start; align-items: flex-start; gap: 16px; display: flex\">\n                <div style=\"height: 100%; flex-direction: column; justify-content: flex-start; align-items: flex-start; display: flex\">\n                    <h4 style=\"align-self: stretch; color: #CCCCCC; font-size: 24px; font-family: Qanelas; font-weight: 400; text-transform: uppercase; line-height: 30px; letter-spacing: 4.80px; word-wrap: break-word\">Boston Portfolio<\/h4>\n                    <h2 style=\"align-self: stretch; color: white; font-size: 48px; font-family: Qanelas; font-weight: 800; text-transform: uppercase; line-height: 55px; letter-spacing: 0.96px; word-wrap: break-word\">Unsere L\u00f6sungen<\/h2>\n                <\/div>\n                <p style=\"width: 100%; color: #B2B2B2; font-size: 18px; font-family: Open Sans; font-weight: 400; line-height: 30px; word-wrap: break-word\">Wir bieten standardisierte, aber auch ma\u00dfgefertigte IT-Infrastruktur-L\u00f6sungen an. Je nach Einsatzgebiet und Anwendung beraten wir Sie individuell, um die passende L\u00f6sung f\u00fcr Sie zu finden und zu implementieren. <\/p>\n            <\/div>\n            <div class=\"text-image-vertical-btns\" style=\"justify-content: center; align-items: center; display: inline-flex\">\n                <div class=\"buttons button-group\" style=\"align-items: center; display: flex\">\n                       <div class=\"button-rainbow-container\"><a href=\"https:\/\/www.boston-it.com\/portfolio\/\" class=\"button button-invert\" target=\"_blank\" rel=\"nofollow\">Unsere L\u00f6sungen<\/a><\/div>\n                <\/div>\n            <\/div>\n        <\/div>\n    <\/div>\t\t\t\t<\/div>\n\t\t\t\t<\/div>\n\t\t\t\t\t<\/div>\n\t\t<\/div>\n\t\t\t\t<div class=\"elementor-column elementor-col-50 elementor-top-column elementor-element elementor-element-85285cb\" data-id=\"85285cb\" data-element_type=\"column\" data-e-type=\"column\">\n\t\t\t<div class=\"elementor-widget-wrap elementor-element-populated\">\n\t\t\t\t\t\t<div class=\"elementor-element elementor-element-c4723ea elementor-widget elementor-widget-boston-it-image-text-vertical\" data-id=\"c4723ea\" data-element_type=\"widget\" data-e-type=\"widget\" data-widget_type=\"boston-it-image-text-vertical.default\">\n\t\t\t\t<div class=\"elementor-widget-container\">\n\t\t\t\t\t<div class=\"image-text-vertical-widget \" style=\"width: 100%; height: 100%; flex-direction: column; justify-content: flex-start; align-items: center; display: inline-flex; margin-bottom: 6rem\">\n        <img decoding=\"async\" class=\"image-text-vertical-img\" style=\"align-self: cover; object-fit: cover; height: 25rem; background-color: #E5E5E5; width: 95%\" src=\"https:\/\/www.boston-it.com\/wp-content\/uploads\/Image-1.png\" \/>\n        <div class=\"image-text-vertical-textbox\" style=\"width: 90%; flex: 1 1 33rem; padding: 32px; background: black; flex-direction: column; justify-content: space-between; align-items: flex-start; gap: 48px; display: flex; margin-top: -4rem; word-break: break-word;\">\n            <div style=\"flex-direction: column; justify-content: flex-start; align-items: flex-start; gap: 16px; display: flex\">\n                <div style=\"height: 100%; flex-direction: column; justify-content: flex-start; align-items: flex-start; display: flex\">\n                    <h4 style=\"align-self: stretch; color: #CCCCCC; font-size: 24px; font-family: Qanelas; font-weight: 400; text-transform: uppercase; line-height: 30px; letter-spacing: 4.80px; word-wrap: break-word\">Boston BLOG <\/h4>\n                    <h2 style=\"align-self: stretch; color: white; font-size: 48px; font-family: Qanelas; font-weight: 800; text-transform: uppercase; line-height: 55px; letter-spacing: 0.96px; word-wrap: break-word\">Aktuelle Blogbeitr\u00e4ge<\/h2>\n                <\/div>\n                <p style=\"width: 100%; color: #B2B2B2; font-size: 18px; font-family: Open Sans; font-weight: 400; line-height: 30px; word-wrap: break-word\">In unserem Boston Blog erhalten Sie alle Neuigkeiten \u00fcber Technologien, Reviews zu Live-Veranstaltungen, Produkt Updates oder besondere Aktivit\u00e4ten rund und mit Boston Server & Storage Solutions GmbH.<\/p>\n            <\/div>\n            <div class=\"text-image-vertical-btns\" style=\"justify-content: center; align-items: center; display: inline-flex\">\n                <div class=\"buttons button-group\" style=\"align-items: center; display: flex\">\n                       <div class=\"button-rainbow-container\"><a href=\"https:\/\/www.boston-it.com\/news-events-presse-blogs\/boston-blog\/\" class=\"button button-invert\" target=\"_blank\" rel=\"nofollow\">Besuche unseren Blog<\/a><\/div>\n                <\/div>\n            <\/div>\n        <\/div>\n    <\/div>\t\t\t\t<\/div>\n\t\t\t\t<\/div>\n\t\t\t\t\t<\/div>\n\t\t<\/div>\n\t\t\t\t\t<\/div>\n\t\t<\/section>\n\t\t\t\t<\/div>\n\t\t","protected":false},"excerpt":{"rendered":"<p>Home Produkt Nachhaltigkeit WIR SIND AKTIV Nachhaltigkeit im Unternehmen Boston IT setzt unternehmensintern einen klaren Ma\u00dfstab und Regelungen auf &#8211; auch im Sinne von Verantwortung und Nachhaltigkeit. BOSTON&#8217;S VERST\u00c4NDNIS VON NACHHALTIGKEIT IM UNTERNEHMEN UND DAR\u00dcBER HINAUS Boston bietet bewusst energie-effiziente L\u00f6sungen an, die einen Betrag zu einer gesunden Zukunft und Ausgewogenheit der nat\u00fcrlichen \u00d6kosysteme leisten,&#8230;<\/p>\n","protected":false},"author":10,"featured_media":0,"parent":27735,"menu_order":0,"comment_status":"closed","ping_status":"closed","template":"","meta":{"_acf_changed":false,"footnotes":""},"class_list":["post-27737","page","type-page","status-publish","hentry"],"acf":[],"_links":{"self":[{"href":"https:\/\/www.boston-it.com\/ch\/wp-json\/wp\/v2\/pages\/27737","targetHints":{"allow":["GET"]}}],"collection":[{"href":"https:\/\/www.boston-it.com\/ch\/wp-json\/wp\/v2\/pages"}],"about":[{"href":"https:\/\/www.boston-it.com\/ch\/wp-json\/wp\/v2\/types\/page"}],"author":[{"embeddable":true,"href":"https:\/\/www.boston-it.com\/ch\/wp-json\/wp\/v2\/users\/10"}],"replies":[{"embeddable":true,"href":"https:\/\/www.boston-it.com\/ch\/wp-json\/wp\/v2\/comments?post=27737"}],"version-history":[{"count":12,"href":"https:\/\/www.boston-it.com\/ch\/wp-json\/wp\/v2\/pages\/27737\/revisions"}],"predecessor-version":[{"id":79186,"href":"https:\/\/www.boston-it.com\/ch\/wp-json\/wp\/v2\/pages\/27737\/revisions\/79186"}],"up":[{"embeddable":true,"href":"https:\/\/www.boston-it.com\/ch\/wp-json\/wp\/v2\/pages\/27735"}],"wp:attachment":[{"href":"https:\/\/www.boston-it.com\/ch\/wp-json\/wp\/v2\/media?parent=27737"}],"curies":[{"name":"wp","href":"https:\/\/api.w.org\/{rel}","templated":true}]}}