{"id":27747,"date":"2023-08-04T10:05:38","date_gmt":"2023-08-04T08:05:38","guid":{"rendered":"https:\/\/www.boston-it.com\/unternehmen\/warum-boston\/"},"modified":"2023-11-17T11:49:17","modified_gmt":"2023-11-17T10:49:17","slug":"warum-boston","status":"publish","type":"page","link":"https:\/\/www.boston-it.com\/ch\/uber-boston\/unternehmen\/warum-boston\/","title":{"rendered":"Warum Boston"},"content":{"rendered":"\t\t<div data-elementor-type=\"wp-page\" data-elementor-id=\"27747\" class=\"elementor elementor-27747 elementor-5044\" data-elementor-post-type=\"page\">\n\t\t\t\t\t\t<section class=\"elementor-section elementor-top-section elementor-element elementor-element-8192b83 elementor-section-full_width elementor-section-height-default elementor-section-height-default\" data-id=\"8192b83\" data-element_type=\"section\" data-e-type=\"section\">\n\t\t\t\t\t\t<div class=\"elementor-container elementor-column-gap-no\">\n\t\t\t\t\t<div class=\"elementor-column elementor-col-100 elementor-top-column elementor-element elementor-element-3fc0b57\" data-id=\"3fc0b57\" data-element_type=\"column\" data-e-type=\"column\">\n\t\t\t<div class=\"elementor-widget-wrap elementor-element-populated\">\n\t\t\t\t\t\t<div class=\"elementor-element elementor-element-7e6797d elementor-widget__width-inherit elementor-widget elementor-widget-boston-it-section-intro\" data-id=\"7e6797d\" data-element_type=\"widget\" data-e-type=\"widget\" data-widget_type=\"boston-it-section-intro.default\">\n\t\t\t\t<div class=\"elementor-widget-container\">\n\t\t\t\t\t<div class=\"section intro  is-neutral\" style=\"--page-color: #dddddd;--page-color-rgb: 221, 221, 221;background-image: url(https:\/\/www.boston-it.com\/wp-content\/uploads\/shutterstock_1746359465-scaled.jpg); background-size: cover\"><div id=\"breadcrumbs\">\n    <a href=https:\/\/www.boston-it.com\/ch\/>Home<\/a>\n    <svg xmlns=\"http:\/\/www.w3.org\/2000\/svg\" width=\"18\" height=\"35\" viewBox=\"0 0 18 35\" fill=\"none\"><path fill-rule=\"evenodd\" clip-rule=\"evenodd\" d=\"M0.692929 35L17.4863 17.5L16.7939 16.7785L16.7936 16.7788L0.692354 -4.26329e-07L-3.43866e-05 0.721524L16.1013 17.5003L0.000539107 34.2785L0.692929 35Z\" fill=\"white\" fill-opacity=\"0.2\"\/><\/svg><a class=\"active\">Warum Boston <\/a>\n    <\/div><div class=\"inner\"><h1 class=\"category-title\">Warum Boston<\/h1><h2>Ihr Lokaler IT-L\u00f6sungsanbieter<\/h2><div class=\"leadIn\">Entscheiden Sie sich f\u00fcr Boston als Ihren IT-L\u00f6sungsanbieter der ersten Wahl. Wir sind f\u00fcr Sie da f\u00fcr Ihr gesundes, nachhaltiges Wachstum - lokal, wie auch international. Lesen Sie hier, was wir unter \"Global aktiv und doch Lokal\" verstehen.<\/div><div class=\"buttons\"><div><\/div><\/div>\t\t\t\t<\/div>\n\t\t\t\t<\/div>\n\t\t\t\t\t<\/div>\n\t\t<\/div>\n\t\t\t\t\t<\/div>\n\t\t<\/section>\n\t\t\t\t<section class=\"elementor-section elementor-top-section elementor-element elementor-element-21340a9 elementor-section-boxed elementor-section-height-default elementor-section-height-default\" data-id=\"21340a9\" data-element_type=\"section\" data-e-type=\"section\">\n\t\t\t\t\t\t<div class=\"elementor-container elementor-column-gap-default\">\n\t\t\t\t\t<div class=\"elementor-column elementor-col-100 elementor-top-column elementor-element elementor-element-4ef9daa\" data-id=\"4ef9daa\" data-element_type=\"column\" data-e-type=\"column\">\n\t\t\t<div class=\"elementor-widget-wrap elementor-element-populated\">\n\t\t\t\t\t\t<div class=\"elementor-element elementor-element-f491c91 elementor-widget elementor-widget-boston-it-layout-1\" data-id=\"f491c91\" data-element_type=\"widget\" data-e-type=\"widget\" data-widget_type=\"boston-it-layout-1.default\">\n\t\t\t\t<div class=\"elementor-widget-container\">\n\t\t\t\t\t<div class=\"section layout-1 reverseHeights\" style=\"--page-color: #dddddd;\"><div class=\"positioning-container-content\"><div class=\"content\"><div class=\"column1\"><div class=\"column1-inner\"><div class=\"category-title\">12 GUTE GR\u00dcNDE F\u00dcR IHR VERTRAUEN.<\/div><h2>BOSTON \u2013 Ihr IT-L\u00f6sungsanbieter<\/h2><h3>Global Aktiv und doch lokal.<\/h3><p>Boston Server &amp; Storage Solutions GmbH ist weltweit vertreten. In der DACH-Region sind wir gleich in allen drei L\u00e4ndern (Deutschland, \u00d6sterreich und in der Schweiz) pers\u00f6nlich f\u00fcr Sie da.\u00a0<\/p><p>Entscheiden Sie sich f\u00fcr Boston als Ihren IT-L\u00f6sungsanbieter.\u00a0<\/p><div class=\"buttons\"><div class=\"button-group\"><\/div><\/div><\/div><\/div><div class=\"column2\"><div class=\"image\" style=\"background-image: url(https:\/\/www.boston-it.com\/wp-content\/uploads\/2023-07-Boston-MH-014-scaled.jpg)\"><\/div><div class=\"column2-inner\"><p><b>Wir unterst\u00fctzen Sie<\/b> mit unserer langj\u00e4hriger IT-Expertise und unserem umfangreichen L\u00f6sungs- und Service-Angebot dabei, <strong>k<\/strong><b>ontinuierlich und nachhaltig<\/b> <strong>zu<\/strong> <b>wachsen<\/b>.\u00a0<\/p><p>Doch das ist nicht alles. Lesen Sie hier die 12 Gr\u00fcnde, die f\u00fcr Boston sprechen.\u00a0<\/p><\/div><\/div><\/div><\/div><\/div>\t\t\t\t<\/div>\n\t\t\t\t<\/div>\n\t\t\t\t\t<\/div>\n\t\t<\/div>\n\t\t\t\t\t<\/div>\n\t\t<\/section>\n\t\t\t\t<section class=\"elementor-section elementor-top-section elementor-element elementor-element-57dab41 elementor-section-full_width elementor-section-height-default elementor-section-height-default\" data-id=\"57dab41\" data-element_type=\"section\" data-e-type=\"section\">\n\t\t\t\t\t\t<div class=\"elementor-container elementor-column-gap-default\">\n\t\t\t\t\t<div class=\"elementor-column elementor-col-100 elementor-top-column elementor-element elementor-element-e707217\" data-id=\"e707217\" data-element_type=\"column\" data-e-type=\"column\">\n\t\t\t<div class=\"elementor-widget-wrap elementor-element-populated\">\n\t\t\t\t\t\t<div class=\"elementor-element elementor-element-d65a232 elementor-widget elementor-widget-boston-it-advantages\" data-id=\"d65a232\" data-element_type=\"widget\" data-e-type=\"widget\" data-widget_type=\"boston-it-advantages.default\">\n\t\t\t\t<div class=\"elementor-widget-container\">\n\t\t\t\t\t<div class=\"section advantages\" style=\"--page-color: #dddddd; --page-color-rgb: 221, 221, 221\"><div class=\"content\"><div class=\"column1\"><div class=\"column1-inner\"><div class=\"category-title\">Unsere Mehrwerte<\/div><h2>12 Gr\u00fcnde f\u00fcr Ihr Vertrauen<\/h2><p>Ob St\u00fcckzahl 1 oder 1000+ - f\u00fcr uns z\u00e4hlt nur Ihre ZufriedenheitI<\/p><\/div><\/div><div class=\"list-container\"><div class=\"list-item\"><div class=\"list-item-head\"><div class=\"list-icon-container\"><i aria-hidden=\"true\" class=\"fal fa-check\"><\/i><\/div><h3>Industire Expertise<\/h3><\/div><p class=\"expandable-text\">Mit mehr als drei Jahrzehnten Erfahrung in der IT-Branche haben wir uns ein umfassendes Wissen und Know-how angeeignet, um au\u00dfergew\u00f6hnliche L\u00f6sungen anzubieten. Unsere IT-Systeme der DACH-Region werden lokal gefertigt (\"Made in Germany\").<\/p><button class=\"button button-expand-text\" onclick=\"expandText(this)\">Mehr Erfahren<\/button><\/div><div class=\"list-item\"><div class=\"list-item-head\"><div class=\"list-icon-container\"><i aria-hidden=\"true\" class=\"fal fa-check\"><\/i><\/div><h3>IT-L\u00f6sungen nach Ma\u00df<\/h3><\/div><p class=\"expandable-text\">Wir wissen, dass Standards nicht f\u00fcr alle passen. Unser Expertenteam arbeitet Hand-in-Hand mit Ihnen zusammen, um ma\u00dfgeschneiderte L\u00f6sungen zu entwickeln und zu implementieren, die auf Ihre Gesch\u00e4ftsanforderungen abgestimmt sind. Wir besitzen ein eigenes Engineering Team, auf die Sie zur Erstellung ihrer passgenauen L\u00f6sung zugreifen k\u00f6nnen.<\/p><button class=\"button button-expand-text\" onclick=\"expandText(this)\">Mehr Erfahren<\/button><\/div><div class=\"list-item\"><div class=\"list-item-head\"><div class=\"list-icon-container\"><i aria-hidden=\"true\" class=\"fal fa-check\"><\/i><\/div><h3>Begleitende Beratung und Consulting<\/h3><\/div><p class=\"expandable-text\">Nur die wenigsten k\u00f6nnen Experten in allen Gebieten der IT sein. Das wissen wir. Bei Boston erhalten Sie zuverl\u00e4ssige, begleitende und kompetente Beratung und Consulting Dienstleistungen, da wo Sie diese am meisten brauchen, um eine funktionsf\u00e4hige IT-L\u00f6sung zu erhalten, die auf Sie zugeschnitten ist.<\/p><button class=\"button button-expand-text\" onclick=\"expandText(this)\">Mehr Erfahren<\/button><\/div><div class=\"list-item\"><div class=\"list-item-head\"><div class=\"list-icon-container\"><i aria-hidden=\"true\" class=\"fal fa-check\"><\/i><\/div><h3>Performance und Zuverl\u00e4ssigkeit<\/h3><\/div><p class=\"expandable-text\">Unsere Produkte und L\u00f6sungen sind auf au\u00dfergew\u00f6hnliche Leistung ausgelegt, damit Ihre wichtigen Anwendungen reibungslos funktionieren.<\/p><button class=\"button button-expand-text\" onclick=\"expandText(this)\">Mehr Erfahren<\/button><\/div><div class=\"list-item\"><div class=\"list-item-head\"><div class=\"list-icon-container\"><i aria-hidden=\"true\" class=\"fal fa-check\"><\/i><\/div><h3>Support und Wartung<\/h3><\/div><p class=\"expandable-text\">Unser Engagement f\u00fcr Ihren Erfolg endet nicht mit dem Kauf von Produkten oder L\u00f6sungen. Wir bieten Ihnen einen kontinuierlichen Support und Wartung an, damit Ihre Infrastruktur zu jeder Zeit funktionsf\u00e4hig ist und optimal l\u00e4uft. - Sie erhalten bei Boston direkten, lokalen Pre- und Post Sales Support.<\/p><button class=\"button button-expand-text\" onclick=\"expandText(this)\">Mehr Erfahren<\/button><\/div><div class=\"list-item\"><div class=\"list-item-head\"><div class=\"list-icon-container\"><i aria-hidden=\"true\" class=\"fal fa-check\"><\/i><\/div><h3>Nachhaltigkeit<\/h3><\/div><p class=\"expandable-text\">Wir stellen uns aktiv der Verantwortung f\u00fcr die Umwelt. Unsere L\u00f6sungen sind energieeffizient und helfen Ihnen, Ihren \u00f6kologischen Fu\u00dfabdruck zu verringern.<\/p><button class=\"button button-expand-text\" onclick=\"expandText(this)\">Mehr Erfahren<\/button><\/div><div class=\"list-item\"><div class=\"list-item-head\"><div class=\"list-icon-container\"><i aria-hidden=\"true\" class=\"fal fa-check\"><\/i><\/div><h3>Individuelles Branding<\/h3><\/div><p class=\"expandable-text\">Sie m\u00f6chten ihre unique IT-Systeme und spezifischen Konfigurationen sch\u00fctzen? Dies ist mit Boston m\u00f6glich. Auf Wunsch k\u00f6nnen die bei uns gekauften und eigens f\u00fcr Sie konfigurierten Systeme ein individuelles Branding und Design erhalten.<\/p><button class=\"button button-expand-text\" onclick=\"expandText(this)\">Mehr Erfahren<\/button><\/div><div class=\"list-item\"><div class=\"list-item-head\"><div class=\"list-icon-container\"><i aria-hidden=\"true\" class=\"fal fa-check\"><\/i><\/div><h3>Lokale Ansprechpartner<\/h3><\/div><p class=\"expandable-text\">Durch unsere lokale und fl\u00e4chendeckende Pr\u00e4senz in der DACH-Region - mit unseren Boston-Standorten in Deutschland, \u00d6sterreich und in der Schweiz - haben Sie stets lokale Ansprechpartner und Experten an Ihrer Seite, auf die Sie schnell und einfach zugreifen k\u00f6nnen. \u00dcber die DACH-Region hinaus sind wir eng verzahnt mit allen Boston- und Source Code Teams weltweit. - Wir sind international f\u00fcr Sie da, ganz gleich an welchem Ort Sie gerade Unterst\u00fctzung ben\u00f6tigen.<\/p><button class=\"button button-expand-text\" onclick=\"expandText(this)\">Mehr Erfahren<\/button><\/div><div class=\"list-item\"><div class=\"list-item-head\"><div class=\"list-icon-container\"><i aria-hidden=\"true\" class=\"fal fa-check\"><\/i><\/div><h3>System auf Probe<\/h3><\/div><p class=\"expandable-text\">Sie m\u00f6chten Ihre IT-Infrastruktur umstellen und sind sich uneinig, welche die beste Technologie f\u00fcr Ihre Anforderungen ist? In unseren Boston Labs - den Test-, Demo- und Entwicklungslaboren von Boston - k\u00f6nnen neue Technologien oder IT-Systeme vorab auf Eignung, Funktionsf\u00e4higkeit und Performance getestet werden, ehe sie LIVE gehen. Sie sparen dadurch nicht nur Zeit und Kosten, sondern auch Nerven und wertvolle Ressourcen, die woanders n\u00fctzlicher w\u00e4ren. Remote-Testing ist m\u00f6glich.<\/p><button class=\"button button-expand-text\" onclick=\"expandText(this)\">Mehr Erfahren<\/button><\/div><div class=\"list-item\"><div class=\"list-item-head\"><div class=\"list-icon-container\"><i aria-hidden=\"true\" class=\"fal fa-check\"><\/i><\/div><h3>Eigenes Wissen aufbauen<\/h3><\/div><p class=\"expandable-text\">Sie m\u00f6chten moderne Technologien besser kennenlernen, ehe Sie diese implementieren? Unsere \"Boston Trainings Akademie\" ist genau daf\u00fcr da. Wir schulen Sie zu neuen Technologien und unterst\u00fctzen Sie dabei Ihr Wissen auf- und auszubauen, um im Laufe der Implementierung auf dem neuesten Stand zu sein.<\/p><button class=\"button button-expand-text\" onclick=\"expandText(this)\">Mehr Erfahren<\/button><\/div><div class=\"list-item\"><div class=\"list-item-head\"><div class=\"list-icon-container\"><i aria-hidden=\"true\" class=\"fal fa-check\"><\/i><\/div><h3>Weltweite Logistik<\/h3><\/div><p class=\"expandable-text\">Sie arbeiten international und wollen IT-Systeme ins Ausland geliefert haben? Dann sind wir der passende IT-Spezialist f\u00fcr Sie. Wir besitzen ein lokales, wie auch globales Logistik-Netzwerk. Lieferungen \u00fcber die DACH-Region hinaus gew\u00e4hrleisten wir mit unseren globalen und festen Logistikpartnern.<\/p><button class=\"button button-expand-text\" onclick=\"expandText(this)\">Mehr Erfahren<\/button><\/div><div class=\"list-item\"><div class=\"list-item-head\"><div class=\"list-icon-container\"><i aria-hidden=\"true\" class=\"fal fa-check\"><\/i><\/div><h3>Boston Produktionsst\u00e4tten<\/h3><\/div><p class=\"expandable-text\">Boston schlie\u00dft internationale Technologie-Partnerschaften, um stetig neue Technologien in seinen IT-Systemen anbieten zu k\u00f6nnen, die vom Markt nachgefragt werden. Dadurch sind wir flexibel und wachsen mit Ihren Anforderungen gleichm\u00e4\u00dfig mit. Boston fertigt, konfiguriert und testet alle IT-Systeme selbst in den bis dato 8 eigenen Produktionsst\u00e4tten weltweit.<\/p><button class=\"button button-expand-text\" onclick=\"expandText(this)\">Mehr Erfahren<\/button><\/div><\/div><\/div><\/div>\t\t\t\t<\/div>\n\t\t\t\t<\/div>\n\t\t\t\t\t<\/div>\n\t\t<\/div>\n\t\t\t\t\t<\/div>\n\t\t<\/section>\n\t\t\t\t<section class=\"elementor-section elementor-top-section elementor-element elementor-element-9c2a5f0 elementor-section-full_width elementor-section-height-default elementor-section-height-default\" data-id=\"9c2a5f0\" data-element_type=\"section\" data-e-type=\"section\">\n\t\t\t\t\t\t<div class=\"elementor-container elementor-column-gap-default\">\n\t\t\t\t\t<div class=\"elementor-column elementor-col-100 elementor-top-column elementor-element elementor-element-86d858a\" data-id=\"86d858a\" data-element_type=\"column\" data-e-type=\"column\">\n\t\t\t<div class=\"elementor-widget-wrap elementor-element-populated\">\n\t\t\t\t\t\t<div class=\"elementor-element elementor-element-66619cb elementor-widget elementor-widget-spacer\" data-id=\"66619cb\" data-element_type=\"widget\" data-e-type=\"widget\" data-widget_type=\"spacer.default\">\n\t\t\t\t<div class=\"elementor-widget-container\">\n\t\t\t\t\t\t\t<div class=\"elementor-spacer\">\n\t\t\t<div class=\"elementor-spacer-inner\"><\/div>\n\t\t<\/div>\n\t\t\t\t\t\t<\/div>\n\t\t\t\t<\/div>\n\t\t\t\t<div class=\"elementor-element elementor-element-be19f17 elementor-widget elementor-widget-boston-it-text-image-full\" data-id=\"be19f17\" data-element_type=\"widget\" data-e-type=\"widget\" data-widget_type=\"boston-it-text-image-full.default\">\n\t\t\t\t<div class=\"elementor-widget-container\">\n\t\t\t\t\t<div class=\"section text-image-full alternative-style \" style=\"--page-color: #dddddd;\"><div class=\"positioning-container-image\"><div class=\"image\" style=\"background-image: url(https:\/\/www.boston-it.com\/wp-content\/uploads\/shutterstock_1935925057-1-scaled.jpg)\"><\/div><\/div><div class=\"positioning-container-content\"><div class=\"content\"><div class=\"category-title\"><\/div><h2>Boston \u2013\u00a0Ihr L\u00f6sungsanbieter<\/h2><div class=\"leadIn\"><p>Vielen Dank, dass Sie sich f\u00fcr Boston als Ihren vertrauensw\u00fcrdigen IT-L\u00f6sungsanbieter entschieden haben.<\/p><p>Wir freuen uns darauf, diese Reise mit Ihnen anzutreten und das Wachstum Ihres Unternehmens mit unseren hochmodernen Servern, Speicherl\u00f6sungen und unserem Fachwissen zu unterst\u00fctzen.<\/p><p><strong>Willkommen an Bord!<\/strong><\/p><\/div><div class=\"buttons\"><div><div><\/div><\/div>\t\t\t\t<\/div>\n\t\t\t\t<\/div>\n\t\t\t\t\t<\/div>\n\t\t<\/div>\n\t\t\t\t\t<\/div>\n\t\t<\/section>\n\t\t\t\t<section class=\"elementor-section elementor-top-section elementor-element elementor-element-38387e6 elementor-section-boxed elementor-section-height-default elementor-section-height-default\" data-id=\"38387e6\" data-element_type=\"section\" data-e-type=\"section\">\n\t\t\t\t\t\t<div class=\"elementor-container elementor-column-gap-default\">\n\t\t\t\t\t<div class=\"elementor-column elementor-col-100 elementor-top-column elementor-element elementor-element-ad1275e\" data-id=\"ad1275e\" data-element_type=\"column\" data-e-type=\"column\">\n\t\t\t<div class=\"elementor-widget-wrap elementor-element-populated\">\n\t\t\t\t\t\t<div class=\"elementor-element elementor-element-08e34c9 elementor-widget elementor-widget-heading\" data-id=\"08e34c9\" data-element_type=\"widget\" data-e-type=\"widget\" data-widget_type=\"heading.default\">\n\t\t\t\t<div class=\"elementor-widget-container\">\n\t\t\t\t\t<h2 class=\"elementor-heading-title elementor-size-default\">Mehr \u00fcber Boston<\/h2>\t\t\t\t<\/div>\n\t\t\t\t<\/div>\n\t\t\t\t\t<\/div>\n\t\t<\/div>\n\t\t\t\t\t<\/div>\n\t\t<\/section>\n\t\t\t\t<section class=\"elementor-section elementor-top-section elementor-element elementor-element-990134b elementor-section-boxed elementor-section-height-default elementor-section-height-default\" data-id=\"990134b\" data-element_type=\"section\" data-e-type=\"section\">\n\t\t\t\t\t\t<div class=\"elementor-container elementor-column-gap-default\">\n\t\t\t\t\t<div class=\"elementor-column elementor-col-50 elementor-top-column elementor-element elementor-element-e16608e\" data-id=\"e16608e\" data-element_type=\"column\" data-e-type=\"column\">\n\t\t\t<div class=\"elementor-widget-wrap elementor-element-populated\">\n\t\t\t\t\t\t<div class=\"elementor-element elementor-element-d4844a1 elementor-widget elementor-widget-boston-it-image-text-vertical\" data-id=\"d4844a1\" data-element_type=\"widget\" data-e-type=\"widget\" data-widget_type=\"boston-it-image-text-vertical.default\">\n\t\t\t\t<div class=\"elementor-widget-container\">\n\t\t\t\t\t<div class=\"image-text-vertical-widget \" style=\"width: 100%; height: 100%; flex-direction: column; justify-content: flex-start; align-items: center; display: inline-flex; margin-bottom: 6rem\">\n        <img decoding=\"async\" class=\"image-text-vertical-img\" style=\"align-self: cover; object-fit: cover; height: 25rem; background-color: #E5E5E5; width: 95%\" src=\"https:\/\/www.boston-it.com\/wp-content\/uploads\/Cover_Company-Brochure.jpg\" \/>\n        <div class=\"image-text-vertical-textbox\" style=\"width: 90%; flex: 1 1 33rem; padding: 32px; background: black; flex-direction: column; justify-content: space-between; align-items: flex-start; gap: 48px; display: flex; margin-top: -4rem; word-break: break-word;\">\n            <div style=\"flex-direction: column; justify-content: flex-start; align-items: flex-start; gap: 16px; display: flex\">\n                <div style=\"height: 100%; flex-direction: column; justify-content: flex-start; align-items: flex-start; display: flex\">\n                    <h4 style=\"align-self: stretch; color: #CCCCCC; font-size: 24px; font-family: Qanelas; font-weight: 400; text-transform: uppercase; line-height: 30px; letter-spacing: 4.80px; word-wrap: break-word\">Global an Ihrer Seite<\/h4>\n                    <h2 style=\"align-self: stretch; color: white; font-size: 48px; font-family: Qanelas; font-weight: 800; text-transform: uppercase; line-height: 55px; letter-spacing: 0.96px; word-wrap: break-word\">Boston Standorte<\/h2>\n                <\/div>\n                <p style=\"width: 100%; color: #B2B2B2; font-size: 18px; font-family: Open Sans; font-weight: 400; line-height: 30px; word-wrap: break-word\">Boston ist global aktiv und doch lokal f\u00fcr Sie da. Dies bedeutet, Sie haben in der Boston-Gruppe einen Technologiepartner, auf den Sie weltweit zu greifen und denen Sie vertrauen k\u00f6nnen. Wir arbeiten in der DACH-Region sowie global eng zusammen, um Ihnen eine passfertige L\u00f6sung sowie weltweiten Support und Services zu bieten.<\/p>\n            <\/div>\n            <div class=\"text-image-vertical-btns\" style=\"justify-content: center; align-items: center; display: inline-flex\">\n                <div class=\"buttons button-group\" style=\"align-items: center; display: flex\">\n                       <div class=\"button-rainbow-container\"><a href=\"https:\/\/www.boston-it.com\/ch\/uber-boston\/unternehmen\/standorte\/\" class=\"button button-invert\" target=\"_blank\" rel=\"nofollow\">Boston Standorte<\/a><\/div>\n                <\/div>\n            <\/div>\n        <\/div>\n    <\/div>\t\t\t\t<\/div>\n\t\t\t\t<\/div>\n\t\t\t\t\t<\/div>\n\t\t<\/div>\n\t\t\t\t<div class=\"elementor-column elementor-col-50 elementor-top-column elementor-element elementor-element-bd5381c\" data-id=\"bd5381c\" data-element_type=\"column\" data-e-type=\"column\">\n\t\t\t<div class=\"elementor-widget-wrap elementor-element-populated\">\n\t\t\t\t\t\t<div class=\"elementor-element elementor-element-5a2f11a elementor-widget elementor-widget-boston-it-image-text-vertical\" data-id=\"5a2f11a\" data-element_type=\"widget\" data-e-type=\"widget\" data-widget_type=\"boston-it-image-text-vertical.default\">\n\t\t\t\t<div class=\"elementor-widget-container\">\n\t\t\t\t\t<div class=\"image-text-vertical-widget \" style=\"width: 100%; height: 100%; flex-direction: column; justify-content: flex-start; align-items: center; display: inline-flex; margin-bottom: 6rem\">\n        <img decoding=\"async\" class=\"image-text-vertical-img\" style=\"align-self: cover; object-fit: cover; height: 25rem; background-color: #E5E5E5; width: 95%\" src=\"https:\/\/www.boston-it.com\/wp-content\/uploads\/shutterstock_1914787453-scaled.jpg\" \/>\n        <div class=\"image-text-vertical-textbox\" style=\"width: 90%; flex: 1 1 33rem; padding: 32px; background: black; flex-direction: column; justify-content: space-between; align-items: flex-start; gap: 48px; display: flex; margin-top: -4rem; word-break: break-word;\">\n            <div style=\"flex-direction: column; justify-content: flex-start; align-items: flex-start; gap: 16px; display: flex\">\n                <div style=\"height: 100%; flex-direction: column; justify-content: flex-start; align-items: flex-start; display: flex\">\n                    <h4 style=\"align-self: stretch; color: #CCCCCC; font-size: 24px; font-family: Qanelas; font-weight: 400; text-transform: uppercase; line-height: 30px; letter-spacing: 4.80px; word-wrap: break-word\">Boston Portfolio<\/h4>\n                    <h2 style=\"align-self: stretch; color: white; font-size: 48px; font-family: Qanelas; font-weight: 800; text-transform: uppercase; line-height: 55px; letter-spacing: 0.96px; word-wrap: break-word\">Unsere L\u00f6sungen<\/h2>\n                <\/div>\n                <p style=\"width: 100%; color: #B2B2B2; font-size: 18px; font-family: Open Sans; font-weight: 400; line-height: 30px; word-wrap: break-word\">Wir bieten standardisierte, aber auch ma\u00dfgefertigte IT-Infrastruktur-L\u00f6sungen an. Je nach Einsatzgebiet und Anwendung beraten wir Sie individuell, um die passende L\u00f6sung f\u00fcr Sie zu finden und zu implementieren. <\/p>\n            <\/div>\n            <div class=\"text-image-vertical-btns\" style=\"justify-content: center; align-items: center; display: inline-flex\">\n                <div class=\"buttons button-group\" style=\"align-items: center; display: flex\">\n                       <div class=\"button-rainbow-container\"><a href=\"https:\/\/www.boston-it.com\/ch\/loesungen\/\" class=\"button button-invert\" target=\"_blank\" rel=\"nofollow\">Unsere L\u00f6sungen<\/a><\/div>\n                <\/div>\n            <\/div>\n        <\/div>\n    <\/div>\t\t\t\t<\/div>\n\t\t\t\t<\/div>\n\t\t\t\t\t<\/div>\n\t\t<\/div>\n\t\t\t\t\t<\/div>\n\t\t<\/section>\n\t\t\t\t<\/div>\n\t\t","protected":false},"excerpt":{"rendered":"<p>Home Warum Boston Warum Boston Ihr Lokaler IT-L\u00f6sungsanbieter Entscheiden Sie sich f\u00fcr Boston als Ihren IT-L\u00f6sungsanbieter der ersten Wahl. Wir sind f\u00fcr Sie da f\u00fcr Ihr gesundes, nachhaltiges Wachstum &#8211; lokal, wie auch international. Lesen Sie hier, was wir unter &#171;Global aktiv und doch Lokal&#187; verstehen. 12 GUTE GR\u00dcNDE F\u00dcR IHR VERTRAUEN. BOSTON \u2013 Ihr&#8230;<\/p>\n","protected":false},"author":10,"featured_media":0,"parent":27727,"menu_order":1,"comment_status":"closed","ping_status":"closed","template":"","meta":{"_acf_changed":false,"footnotes":""},"class_list":["post-27747","page","type-page","status-publish","hentry"],"acf":[],"_links":{"self":[{"href":"https:\/\/www.boston-it.com\/ch\/wp-json\/wp\/v2\/pages\/27747","targetHints":{"allow":["GET"]}}],"collection":[{"href":"https:\/\/www.boston-it.com\/ch\/wp-json\/wp\/v2\/pages"}],"about":[{"href":"https:\/\/www.boston-it.com\/ch\/wp-json\/wp\/v2\/types\/page"}],"author":[{"embeddable":true,"href":"https:\/\/www.boston-it.com\/ch\/wp-json\/wp\/v2\/users\/10"}],"replies":[{"embeddable":true,"href":"https:\/\/www.boston-it.com\/ch\/wp-json\/wp\/v2\/comments?post=27747"}],"version-history":[{"count":3,"href":"https:\/\/www.boston-it.com\/ch\/wp-json\/wp\/v2\/pages\/27747\/revisions"}],"predecessor-version":[{"id":28368,"href":"https:\/\/www.boston-it.com\/ch\/wp-json\/wp\/v2\/pages\/27747\/revisions\/28368"}],"up":[{"embeddable":true,"href":"https:\/\/www.boston-it.com\/ch\/wp-json\/wp\/v2\/pages\/27727"}],"wp:attachment":[{"href":"https:\/\/www.boston-it.com\/ch\/wp-json\/wp\/v2\/media?parent=27747"}],"curies":[{"name":"wp","href":"https:\/\/api.w.org\/{rel}","templated":true}]}}