{"id":27817,"date":"2023-07-18T13:42:58","date_gmt":"2023-07-18T11:42:58","guid":{"rendered":"https:\/\/www.boston-it.com\/partner\/"},"modified":"2025-05-12T08:30:54","modified_gmt":"2025-05-12T06:30:54","slug":"partner","status":"publish","type":"page","link":"https:\/\/www.boston-it.com\/ch\/partner\/","title":{"rendered":"Partner"},"content":{"rendered":"\t\t<div data-elementor-type=\"wp-page\" data-elementor-id=\"27817\" class=\"elementor elementor-27817 elementor-1950\" data-elementor-post-type=\"page\">\n\t\t\t\t\t\t<section class=\"elementor-section elementor-top-section elementor-element elementor-element-7498701 elementor-section-full_width elementor-section-height-default elementor-section-height-default\" data-id=\"7498701\" data-element_type=\"section\" data-e-type=\"section\">\n\t\t\t\t\t\t<div class=\"elementor-container elementor-column-gap-no\">\n\t\t\t\t\t<div class=\"elementor-column elementor-col-100 elementor-top-column elementor-element elementor-element-21dae9c\" data-id=\"21dae9c\" data-element_type=\"column\" data-e-type=\"column\">\n\t\t\t<div class=\"elementor-widget-wrap elementor-element-populated\">\n\t\t\t\t\t\t<div class=\"elementor-element elementor-element-53d6040 elementor-widget elementor-widget-boston-it-section-intro\" data-id=\"53d6040\" data-element_type=\"widget\" data-e-type=\"widget\" data-widget_type=\"boston-it-section-intro.default\">\n\t\t\t\t<div class=\"elementor-widget-container\">\n\t\t\t\t\t<div class=\"section intro  is-neutral\" style=\"--page-color: #dddddd;--page-color-rgb: 221, 221, 221;background-image: url(https:\/\/www.boston-it.com\/wp-content\/uploads\/shutterstock_1431518420-1-scaled.jpg); background-size: cover\"><div id=\"breadcrumbs\">\n    <a href=https:\/\/www.boston-it.com\/ch\/>Home<\/a>\n    <svg xmlns=\"http:\/\/www.w3.org\/2000\/svg\" width=\"18\" height=\"35\" viewBox=\"0 0 18 35\" fill=\"none\"><path fill-rule=\"evenodd\" clip-rule=\"evenodd\" d=\"M0.692929 35L17.4863 17.5L16.7939 16.7785L16.7936 16.7788L0.692354 -4.26329e-07L-3.43866e-05 0.721524L16.1013 17.5003L0.000539107 34.2785L0.692929 35Z\" fill=\"white\" fill-opacity=\"0.2\"\/><\/svg><a class=\"active\">Partner <\/a>\n    <\/div><div class=\"inner\"><h1 class=\"category-title\">Technologie-Portfolio <\/h1><h2>Unsere Partner<\/h2><div class=\"leadIn\"><p>Wir bei Boston sind stolz darauf, starke Partnerschaften mit den renommiertesten Unternehmen der Branche aufzubauen, um unseren Kunden stets marktf\u00fchrende Technologien und preisgekr\u00f6nte L\u00f6sungen anbieten zu k\u00f6nnen. Hier finden Sie einen \u00dcberblick \u00fcber unsere Technologiepartnerschaften.<\/p><\/div><div class=\"buttons\"><div><\/div><\/div>\t\t\t\t<\/div>\n\t\t\t\t<\/div>\n\t\t\t\t\t<\/div>\n\t\t<\/div>\n\t\t\t\t\t<\/div>\n\t\t<\/section>\n\t\t\t\t<section class=\"elementor-section elementor-top-section elementor-element elementor-element-fbbf092 elementor-section-boxed elementor-section-height-default elementor-section-height-default\" data-id=\"fbbf092\" data-element_type=\"section\" data-e-type=\"section\">\n\t\t\t\t\t\t<div class=\"elementor-container elementor-column-gap-default\">\n\t\t\t\t\t<div class=\"elementor-column elementor-col-100 elementor-top-column elementor-element elementor-element-742c9e1\" data-id=\"742c9e1\" data-element_type=\"column\" data-e-type=\"column\">\n\t\t\t<div class=\"elementor-widget-wrap elementor-element-populated\">\n\t\t\t\t\t\t<div class=\"elementor-element elementor-element-7d9e852 elementor-widget elementor-widget-heading\" data-id=\"7d9e852\" data-element_type=\"widget\" data-e-type=\"widget\" data-widget_type=\"heading.default\">\n\t\t\t\t<div class=\"elementor-widget-container\">\n\t\t\t\t\t<h2 class=\"elementor-heading-title elementor-size-default\">Boston Technologiepartner<\/h2>\t\t\t\t<\/div>\n\t\t\t\t<\/div>\n\t\t\t\t<div class=\"elementor-element elementor-element-c6e3a77 elementor-widget elementor-widget-text-editor\" data-id=\"c6e3a77\" data-element_type=\"widget\" data-e-type=\"widget\" data-widget_type=\"text-editor.default\">\n\t\t\t\t<div class=\"elementor-widget-container\">\n\t\t\t\t\t\t\t\t\t<p>Durch die Zusammenarbeit mit unseren Partnern sind wir in der Lage, F\u00e4higkeiten und Wissen zu nutzen, um sicherzustellen, dass unsere ma\u00dfgeschneiderten L\u00f6sungen auf h\u00f6chstem Niveau sind. <span style=\"font-size: 1.125rem;\">Folgende Partner z\u00e4hlen derzeit zum Portfolio dazu:<\/span><\/p>\t\t\t\t\t\t\t\t<\/div>\n\t\t\t\t<\/div>\n\t\t\t\t\t<\/div>\n\t\t<\/div>\n\t\t\t\t\t<\/div>\n\t\t<\/section>\n\t\t\t\t<section class=\"elementor-section elementor-top-section elementor-element elementor-element-42c10d2 elementor-section-boxed elementor-section-height-default elementor-section-height-default\" data-id=\"42c10d2\" data-element_type=\"section\" data-e-type=\"section\">\n\t\t\t\t\t\t<div class=\"elementor-container elementor-column-gap-default\">\n\t\t\t\t\t<div class=\"elementor-column elementor-col-100 elementor-top-column elementor-element elementor-element-9ee4586\" data-id=\"9ee4586\" data-element_type=\"column\" data-e-type=\"column\">\n\t\t\t<div class=\"elementor-widget-wrap elementor-element-populated\">\n\t\t\t\t\t\t<div class=\"elementor-element elementor-element-59f20a6 elementor-widget elementor-widget-spacer\" data-id=\"59f20a6\" data-element_type=\"widget\" data-e-type=\"widget\" data-widget_type=\"spacer.default\">\n\t\t\t\t<div class=\"elementor-widget-container\">\n\t\t\t\t\t\t\t<div class=\"elementor-spacer\">\n\t\t\t<div class=\"elementor-spacer-inner\"><\/div>\n\t\t<\/div>\n\t\t\t\t\t\t<\/div>\n\t\t\t\t<\/div>\n\t\t\t\t\t<\/div>\n\t\t<\/div>\n\t\t\t\t\t<\/div>\n\t\t<\/section>\n\t\t\t\t<section class=\"elementor-section elementor-top-section elementor-element elementor-element-69d33de elementor-section-full_width elementor-section-stretched elementor-section-height-default elementor-section-height-default\" data-id=\"69d33de\" data-element_type=\"section\" data-e-type=\"section\" data-settings=\"{&quot;stretch_section&quot;:&quot;section-stretched&quot;}\">\n\t\t\t\t\t\t<div class=\"elementor-container elementor-column-gap-no\">\n\t\t\t\t\t<div class=\"elementor-column elementor-col-100 elementor-top-column elementor-element elementor-element-51f901d\" data-id=\"51f901d\" data-element_type=\"column\" data-e-type=\"column\">\n\t\t\t<div class=\"elementor-widget-wrap elementor-element-populated\">\n\t\t\t\t\t\t<div class=\"elementor-element elementor-element-854e1de elementor-widget elementor-widget-boston-it-partner\" data-id=\"854e1de\" data-element_type=\"widget\" data-e-type=\"widget\" data-widget_type=\"boston-it-partner.default\">\n\t\t\t\t<div class=\"elementor-widget-container\">\n\t\t\t\t\t<div class='section partner-box  view-grid'><div class=\"inner\"><div class=\"logo-box\"><a href='https:\/\/www.boston-it.com\/de\/partner\/2crsi-open-compute-project\/'><img src='https:\/\/www.boston-it.com\/wp-content\/uploads\/2crsi-1.svg'><\/a><\/div><div class=\"logo-box\"><img src='https:\/\/www.boston-it.com\/wp-content\/uploads\/AIC_SVG-Logo-Web_Black.svg'><\/div><div class=\"logo-box\"><a href='https:\/\/www.boston-it.com\/de\/partner\/amd\/'><img src='https:\/\/www.boston-it.com\/wp-content\/uploads\/AMD.svg'><\/a><\/div><div class=\"logo-box\"><a href='https:\/\/www.boston-it.com\/de\/partner\/ampere-computing\/'><img src='https:\/\/www.boston-it.com\/wp-content\/uploads\/Ampere.svg'><\/a><\/div><div class=\"logo-box\"><a href='https:\/\/www.boston-it.com\/de\/partner\/asperitas\/'><img src='https:\/\/www.boston-it.com\/wp-content\/uploads\/Asperitas.svg'><\/a><\/div><div class=\"logo-box\"><a href='https:\/\/www.boston-it.com\/de\/partner\/broadcom\/'><img src='https:\/\/www.boston-it.com\/wp-content\/uploads\/Broadcom.svg'><\/a><\/div><div class=\"logo-box\"><a href='https:\/\/www.boston-it.com\/de\/clyso-enterprise-storage\/'><img src='https:\/\/www.boston-it.com\/wp-content\/uploads\/CLYSO-Logo_black-1.svg'><\/a><\/div><div class=\"logo-box\"><a href='https:\/\/www.boston-it.com\/de\/partner\/comark\/'><img src='https:\/\/www.boston-it.com\/wp-content\/uploads\/comark-logo_RGB.svg'><\/a><\/div><div class=\"logo-box\"><a href='https:\/\/www.boston-it.com\/de\/comback\/'><img src='https:\/\/www.boston-it.com\/wp-content\/uploads\/Comback_Logo_SVG_Webseite.svg'><\/a><\/div><div class=\"logo-box\"><a href='https:\/\/www.boston-it.com\/de\/partner\/cyberpower\/'><img src='https:\/\/www.boston-it.com\/wp-content\/uploads\/CyberPower.svg'><\/a><\/div><div class=\"logo-box\"><a href='https:\/\/www.boston-it.com\/de\/partner\/datacore-software\/'><img src='https:\/\/www.boston-it.com\/wp-content\/uploads\/DataCore.svg'><\/a><\/div><div class=\"logo-box\"><img src='https:\/\/www.boston-it.com\/wp-content\/uploads\/Gigabyte-SVG-Logo_black.svg'><\/div><div class=\"logo-box\"><img src='https:\/\/www.boston-it.com\/wp-content\/uploads\/Vorlage-SVG-Gooxi-Logo_RGB.svg'><\/div><div class=\"logo-box\"><a href='https:\/\/www.boston-it.com\/de\/partner\/graphcore\/'><img src='https:\/\/www.boston-it.com\/wp-content\/uploads\/Graphcore.svg'><\/a><\/div><div class=\"logo-box\"><a href='https:\/\/www.boston-it.com\/de\/partner\/intel\/'><img src='https:\/\/www.boston-it.com\/wp-content\/uploads\/intel-1.svg'><\/a><\/div><div class=\"logo-box\"><a href='https:\/\/www.boston-it.com\/de\/partner\/kioxia\/'><img src='https:\/\/www.boston-it.com\/wp-content\/uploads\/Kioxia.svg'><\/a><\/div><div class=\"logo-box\"><a href='https:\/\/www.boston-it.com\/de\/partner\/microchip-adaptec\/'><img src='https:\/\/www.boston-it.com\/wp-content\/uploads\/MicroChip.svg'><\/a><\/div><div class=\"logo-box\"><a href='https:\/\/www.boston-it.com\/de\/partner\/micron-2\/'><img src='https:\/\/www.boston-it.com\/wp-content\/uploads\/Micron-SVG-Logos-Webseite_schwarz.svg'><\/a><\/div><div class=\"logo-box\"><a href='https:\/\/www.boston-it.com\/de\/partner\/microsoft\/'><img src='https:\/\/www.boston-it.com\/wp-content\/uploads\/Microsoft.svg'><\/a><\/div><div class=\"logo-box\"><a href='https:\/\/www.boston-it.com\/de\/partner\/nvidia\/'><img src='https:\/\/www.boston-it.com\/wp-content\/uploads\/Nvidia.svg'><\/a><\/div><div class=\"logo-box\"><a href='https:\/\/www.boston-it.com\/de\/partner\/omnissa-horizon-8\/'><img src='https:\/\/www.boston-it.com\/wp-content\/uploads\/Omnissa_logo_RGB_SVG.svg'><\/a><\/div><div class=\"logo-box\"><a href='https:\/\/www.boston-it.com\/de\/partner\/open-e\/'><img src='https:\/\/www.boston-it.com\/wp-content\/uploads\/open-e.svg'><\/a><\/div><div class=\"logo-box\"><a href='https:\/\/www.boston-it.com\/de\/piovation-ki-infrastruktur-made-in-germany\/'><img src='https:\/\/www.boston-it.com\/wp-content\/uploads\/PioVation-Logo_SVG-Webseite.svg'><\/a><\/div><div class=\"logo-box\"><a href='https:\/\/www.boston-it.com\/de\/partner\/proxmox-open-source-software\/'><img src='https:\/\/www.boston-it.com\/wp-content\/uploads\/Proxmox-logo_SVG-web_black.svg'><\/a><\/div><div class=\"logo-box\"><a href='https:\/\/www.boston-it.com\/de\/partner\/scale-computing\/'><img src='https:\/\/www.boston-it.com\/wp-content\/uploads\/ScaleComputing-webseite2023-2.svg'><\/a><\/div><div class=\"logo-box\"><a href='https:\/\/www.boston-it.com\/de\/partner\/seagate\/'><img src='https:\/\/www.boston-it.com\/wp-content\/uploads\/Seagate.svg'><\/a><\/div><div class=\"logo-box\"><a href='https:\/\/www.boston-it.com\/de\/partner\/solidigm\/'><img src='https:\/\/www.boston-it.com\/wp-content\/uploads\/Solidigm.svg'><\/a><\/div><div class=\"logo-box\"><a href='https:\/\/www.boston-it.com\/de\/storvix\/'><img src='https:\/\/www.boston-it.com\/wp-content\/uploads\/STORViX\u2122-BLACK.svg'><\/a><\/div><div class=\"logo-box\"><a href='https:\/\/www.boston-it.com\/de\/partner\/storware\/'><img src='https:\/\/www.boston-it.com\/wp-content\/uploads\/Storware.svg'><\/a><\/div><div class=\"logo-box\"><a href='https:\/\/www.boston-it.com\/de\/partner\/supermicro\/'><img src='https:\/\/www.boston-it.com\/wp-content\/uploads\/Supermicro.svg'><\/a><\/div><div class=\"logo-box\"><a href='https:\/\/www.boston-it.com\/de\/partner\/toshiba\/'><img src='https:\/\/www.boston-it.com\/wp-content\/uploads\/Toshiba.svg'><\/a><\/div><div class=\"logo-box\"><a href='https:\/\/www.boston-it.com\/de\/partner\/tranquil-it\/'><img src='https:\/\/www.boston-it.com\/wp-content\/uploads\/Tranquil.svg'><\/a><\/div><div class=\"logo-box\"><a href='https:\/\/www.boston-it.com\/de\/vdura-intelligente-datenplattformen-ki-hpc\/'><img src='https:\/\/www.boston-it.com\/wp-content\/uploads\/VDURA-SVG-Logo-Webseite_black.svg'><\/a><\/div><div class=\"logo-box\"><a href='https:\/\/www.boston-it.com\/de\/virtuozzo-vdi-cloud\/'><img src='https:\/\/www.boston-it.com\/wp-content\/uploads\/Virtuozzo-SVG-Logo_Black.svg'><\/a><\/div><div class=\"logo-box\"><a href='https:\/\/www.boston-it.com\/de\/partner\/vmware\/'><img src='https:\/\/www.boston-it.com\/wp-content\/uploads\/vmware-logo-grey-a-broadcom.svg'><\/a><\/div><div class=\"logo-box\"><a href='https:\/\/www.boston-it.com\/de\/loesungen\/ki-ai-deep-learning\/mlops\/'><img src='https:\/\/www.boston-it.com\/wp-content\/uploads\/WeightsBiases_SVG.svg'><\/a><\/div><div class=\"logo-box\"><a href='https:\/\/www.boston-it.com\/de\/partner\/western-digital\/'><img src='https:\/\/www.boston-it.com\/wp-content\/uploads\/wd-header-main-logo.svg'><\/a><\/div><div class=\"logo-box\"><a href='https:\/\/www.boston-it.com\/de\/partner\/zutacore\/'><img src='https:\/\/www.boston-it.com\/wp-content\/uploads\/Zutacore-Logo-SVG-RGB.svg'><\/a><\/div><\/div><\/div>\t\t\t\t<\/div>\n\t\t\t\t<\/div>\n\t\t\t\t\t<\/div>\n\t\t<\/div>\n\t\t\t\t\t<\/div>\n\t\t<\/section>\n\t\t\t\t<section class=\"elementor-section elementor-top-section elementor-element elementor-element-41bb39b elementor-section-stretched elementor-section-boxed elementor-section-height-default elementor-section-height-default\" data-id=\"41bb39b\" data-element_type=\"section\" data-e-type=\"section\" data-settings=\"{&quot;stretch_section&quot;:&quot;section-stretched&quot;}\">\n\t\t\t\t\t\t<div class=\"elementor-container elementor-column-gap-no\">\n\t\t\t\t\t<div class=\"elementor-column elementor-col-100 elementor-top-column elementor-element elementor-element-a80e8e0\" data-id=\"a80e8e0\" data-element_type=\"column\" data-e-type=\"column\">\n\t\t\t<div class=\"elementor-widget-wrap elementor-element-populated\">\n\t\t\t\t\t\t<div class=\"elementor-element elementor-element-3f3faee elementor-hidden-desktop elementor-hidden-tablet elementor-hidden-mobile elementor-widget elementor-widget-boston-it-text-image-full\" data-id=\"3f3faee\" data-element_type=\"widget\" data-e-type=\"widget\" data-widget_type=\"boston-it-text-image-full.default\">\n\t\t\t\t<div class=\"elementor-widget-container\">\n\t\t\t\t\t<div class=\"section text-image-full alternative-style reverse-order\" style=\"--page-color: #dddddd;\"><div class=\"positioning-container-image\"><div class=\"image\" style=\"background-image: url(https:\/\/www.boston-it.com\/wp-content\/uploads\/shutterstock_1779158246-scaled.jpg)\"><\/div><\/div><div class=\"positioning-container-content\"><div class=\"content\"><div class=\"category-title\">L\u00f6sungen<\/div><h2>Zu unseren L\u00f6sungen<\/h2><div class=\"leadIn\"><\/div><div class=\"buttons\"><div class=\"button-rainbow-container\"><a href=\"https:\/\/www.boston-it.com\/de\/loesungen\/\" class=\"button button-invert\" target=\"_blank\" rel=\"nofollow\">Erfahre mehr<\/a><\/div><div><div><\/div><\/div>\t\t\t\t<\/div>\n\t\t\t\t<\/div>\n\t\t\t\t\t<\/div>\n\t\t<\/div>\n\t\t\t\t\t<\/div>\n\t\t<\/section>\n\t\t\t\t<\/div>\n\t\t","protected":false},"excerpt":{"rendered":"<p>Home Partner Technologie-Portfolio Unsere Partner Wir bei Boston sind stolz darauf, starke Partnerschaften mit den renommiertesten Unternehmen der Branche aufzubauen, um unseren Kunden stets marktf\u00fchrende Technologien und preisgekr\u00f6nte L\u00f6sungen anbieten zu k\u00f6nnen. Hier finden Sie einen \u00dcberblick \u00fcber unsere Technologiepartnerschaften. Boston Technologiepartner Durch die Zusammenarbeit mit unseren Partnern sind wir in der Lage, F\u00e4higkeiten und&#8230;<\/p>\n","protected":false},"author":1,"featured_media":0,"parent":0,"menu_order":0,"comment_status":"closed","ping_status":"closed","template":"","meta":{"_acf_changed":false,"footnotes":""},"class_list":["post-27817","page","type-page","status-publish","hentry"],"acf":[],"_links":{"self":[{"href":"https:\/\/www.boston-it.com\/ch\/wp-json\/wp\/v2\/pages\/27817","targetHints":{"allow":["GET"]}}],"collection":[{"href":"https:\/\/www.boston-it.com\/ch\/wp-json\/wp\/v2\/pages"}],"about":[{"href":"https:\/\/www.boston-it.com\/ch\/wp-json\/wp\/v2\/types\/page"}],"author":[{"embeddable":true,"href":"https:\/\/www.boston-it.com\/ch\/wp-json\/wp\/v2\/users\/1"}],"replies":[{"embeddable":true,"href":"https:\/\/www.boston-it.com\/ch\/wp-json\/wp\/v2\/comments?post=27817"}],"version-history":[{"count":888,"href":"https:\/\/www.boston-it.com\/ch\/wp-json\/wp\/v2\/pages\/27817\/revisions"}],"predecessor-version":[{"id":55194,"href":"https:\/\/www.boston-it.com\/ch\/wp-json\/wp\/v2\/pages\/27817\/revisions\/55194"}],"wp:attachment":[{"href":"https:\/\/www.boston-it.com\/ch\/wp-json\/wp\/v2\/media?parent=27817"}],"curies":[{"name":"wp","href":"https:\/\/api.w.org\/{rel}","templated":true}]}}