{"id":27827,"date":"2023-07-18T13:35:13","date_gmt":"2023-07-18T11:35:13","guid":{"rendered":"https:\/\/www.boston-it.com\/igloo-storage\/"},"modified":"2024-10-23T17:25:21","modified_gmt":"2024-10-23T15:25:21","slug":"igloo-storage","status":"publish","type":"page","link":"https:\/\/www.boston-it.com\/ch\/loesungen\/business-line-serie\/igloo-storage\/","title":{"rendered":"Igloo Storage"},"content":{"rendered":"\t\t<div data-elementor-type=\"wp-page\" data-elementor-id=\"27827\" class=\"elementor elementor-27827 elementor-1929\" data-elementor-post-type=\"page\">\n\t\t\t\t\t\t<section class=\"elementor-section elementor-top-section elementor-element elementor-element-c65b096 elementor-section-full_width elementor-section-height-default elementor-section-height-default\" data-id=\"c65b096\" data-element_type=\"section\" data-e-type=\"section\">\n\t\t\t\t\t\t<div class=\"elementor-container elementor-column-gap-no\">\n\t\t\t\t\t<div class=\"elementor-column elementor-col-100 elementor-top-column elementor-element elementor-element-44939c4\" data-id=\"44939c4\" data-element_type=\"column\" data-e-type=\"column\">\n\t\t\t<div class=\"elementor-widget-wrap elementor-element-populated\">\n\t\t\t\t\t\t<div class=\"elementor-element elementor-element-660d17f elementor-widget elementor-widget-boston-it-section-intro\" data-id=\"660d17f\" data-element_type=\"widget\" data-e-type=\"widget\" data-widget_type=\"boston-it-section-intro.default\">\n\t\t\t\t<div class=\"elementor-widget-container\">\n\t\t\t\t\t<div class=\"section intro  \" style=\"--page-color: #40D9E3;--page-color-rgb: 64, 217, 227;background-image: url(https:\/\/www.boston-it.com\/wp-content\/uploads\/shutterstock_1115581565-1-scaled.jpg); background-size: cover\"><div id=\"breadcrumbs\">\n    <a href=https:\/\/www.boston-it.com\/ch\/>Home<\/a>\n    <svg xmlns=\"http:\/\/www.w3.org\/2000\/svg\" width=\"18\" height=\"35\" viewBox=\"0 0 18 35\" fill=\"none\"><path fill-rule=\"evenodd\" clip-rule=\"evenodd\" d=\"M0.692929 35L17.4863 17.5L16.7939 16.7785L16.7936 16.7788L0.692354 -4.26329e-07L-3.43866e-05 0.721524L16.1013 17.5003L0.000539107 34.2785L0.692929 35Z\" fill=\"white\" fill-opacity=\"0.2\"\/><\/svg><a class=\"active\">Igloo Storage <\/a>\n    <\/div><div class=\"inner\"><h1 class=\"category-title\">Boston Server und Storage Systeme<\/h1><h2>Boston Igloo Storage Systeme <\/h2><div class=\"leadIn\"><p><strong>Igloo Storage Systeme<\/strong> sind die optimale <strong>Speichererweiterung<\/strong> f\u00fcr unsere Business Line Server und Workstation Serie. Ob als <strong>Direct Attached Storage \u2013 DAS<\/strong> - in Form von Festplatten basierenden <strong>JBOD<\/strong> oder Flash <strong>JBOF<\/strong> Erweiterungen.<\/p><\/div><div class=\"buttons\"><div class=\"button-rainbow-container\" style=\"--glow-color:#40D9E3\"><a href=\"https:\/\/forms.office.com\/e\/1vehd5p8TX\" class=\"button button-invert\" target=\"_blank\" rel=\"nofollow noopener\">Kontakt aufnehmen<\/a><\/div><div><\/div><\/div>\t\t\t\t<\/div>\n\t\t\t\t<\/div>\n\t\t\t\t\t<\/div>\n\t\t<\/div>\n\t\t\t\t\t<\/div>\n\t\t<\/section>\n\t\t\t\t<section class=\"elementor-section elementor-top-section elementor-element elementor-element-728a631 elementor-section-boxed elementor-section-height-default elementor-section-height-default\" data-id=\"728a631\" data-element_type=\"section\" data-e-type=\"section\">\n\t\t\t\t\t\t<div class=\"elementor-container elementor-column-gap-default\">\n\t\t\t\t\t<div class=\"elementor-column elementor-col-100 elementor-top-column elementor-element elementor-element-13dc270\" data-id=\"13dc270\" data-element_type=\"column\" data-e-type=\"column\">\n\t\t\t<div class=\"elementor-widget-wrap elementor-element-populated\">\n\t\t\t\t\t\t<div class=\"elementor-element elementor-element-c827a8d elementor-widget__width-initial elementor-widget elementor-widget-boston-it-accordion\" data-id=\"c827a8d\" data-element_type=\"widget\" data-e-type=\"widget\" data-widget_type=\"boston-it-accordion.default\">\n\t\t\t\t<div class=\"elementor-widget-container\">\n\t\t\t\t\t<div class=\"section accordion dark-mode\"><div class=\"inner\"><div class=\"accordion-container\"><div class=\"accordion-aside\"><img decoding=\"async\" class=\"image\" src=\"https:\/\/www.boston-it.com\/wp-content\/uploads\/BO995F1.jpg\" \/><\/div><div class='accordion-items'><div class='accordion-item ' data-image='https:\/\/www.boston-it.com\/wp-content\/uploads\/BO995F1.jpg'><div class='item-head'><a class=\"button button-white\" href=\"https:\/\/www.boston-it.com\/wp-content\/uploads\/Igloo-SANsymphony-Datenblatt_DIN-A4_230630.pdf\" target=\"_blank\">Datenblatt<\/a><h3 onclick='toggleAccordion(this);'>Igloo SANsymphony Storage<\/h3><\/div><div class='description'><div class='mobile-image'><img src='https:\/\/www.boston-it.com\/wp-content\/uploads\/BO995F1.jpg'><\/div>Boston Igloo-SANsymphony ist eine Software-Defined Speicherl\u00f6sung basierend auf SANsymphony von DataCore.\nMit ihr k\u00f6nnen Sie die Kapazit\u00e4tsbereitstellung und die Datenplatzierung in komplexen Speicherumgebungen\n(mit SAN, DAS, HCI oder JBOD) zentral und automatisch verwalten. Mit einer Speichervirtualisierungstechnologie\nauf Blockebene und einer Vielzahl von Datendiensten bietet Ihnen der Boston Igloo-SANsymphony ultimative\nFlexibilit\u00e4t bei der Speicherung und beim Schutz Ihrer Daten.<\/div><\/div><div class='accordion-item closed' data-image='https:\/\/www.boston-it.com\/wp-content\/uploads\/Boston-Business-Line-Storage-SWARM-MG-SERVER.jpg'><div class='item-head'><a class=\"button button-white\" href=\"https:\/\/www.boston-it.com\/wp-content\/uploads\/DataCore-SWARM-Broschuere_DIN-A4_OHNE-Preise_230629-1.pdf\" target=\"_blank\">Datenblatt<\/a><h3 onclick='toggleAccordion(this);'>Igloo SWARM S3 Object Storage<\/h3><\/div><div class='description'><div class='mobile-image'><img src='https:\/\/www.boston-it.com\/wp-content\/uploads\/Boston-Business-Line-Storage-SWARM-MG-SERVER.jpg'><\/div>Boston Igloo-Swarm ist eine lokale Objektspeicherl\u00f6sung f\u00fcr die einfache Verwaltung und Speicherung und den\nSchutz Ihrer Daten, die gleichzeitig \u00fcber mehrere Protokolle (S3\/HTTP, API, NFS\/SMB) den Zugriff f\u00fcr Anwendungen,\nGer\u00e4te und Endnutzer erm\u00f6glicht. Swarm schafft eine flexible, sofort abrufbare Content-Bibliothek, die\ndezentrale Arbeitsabl\u00e4ufe, bedarfsabh\u00e4ngigen Zugriff und eine enorme Skalierbarkeit erm\u00f6glicht.<\/div><\/div><div class='accordion-item closed' data-image='https:\/\/www.boston-it.com\/wp-content\/uploads\/Boston-Business-Line-Storage-SWARM-12bay-storage-node-1.jpg'><div class='item-head'><a class=\"button button-white\" href=\"https:\/\/www.boston-it.com\/wp-content\/uploads\/DataCore-Boston-DataCore-Storware-Datenblatt_DIN-A4_230630-2-online-Version-1.pdf\" target=\"_blank\">Datenblatt<\/a><h3 onclick='toggleAccordion(this);'>Igloo Storware S3 Backup Appliances<\/h3><\/div><div class='description'><div class='mobile-image'><img src='https:\/\/www.boston-it.com\/wp-content\/uploads\/Boston-Business-Line-Storage-SWARM-12bay-storage-node-1.jpg'><\/div>Storware Backup and Recovery ist eine unternehmensgerechte,\nagentenlose L\u00f6sung, die verschiedene Datenumgebungen bedient.\nSie unterst\u00fctzt virtuelle Maschinen, Container, Speicheranbieter,\nMicrosoft 365 und Anwendungen, die lokal oder in der Cloud ausgef\u00fchrt\nwerden. Dank ihres geringen Footprints erfolgt die nahtlose\nIntegration in Ihre bestehende IT-Infrastruktur, den Speicher oder\ndie unternehmensweiten Backup-Anbieter m\u00fchelos.<\/div><\/div><div class='accordion-item closed' data-image='https:\/\/www.boston-it.com\/wp-content\/uploads\/P3902-J4024-04_Front-480x480-2.jpg'><div class='item-head'><a class=\"button button-white\" href=\"https:\/\/www.boston-it.com\/ch\/loesungen\/business-line-serie\/igloo-storage\/igloo-2\/\" target=\"_blank\">Boston Igloo-Storage-Serie <\/a><h3 onclick='toggleAccordion(this);'>Igloo Storage der Business Line<\/h3><\/div><div class='description'><div class='mobile-image'><img src='https:\/\/www.boston-it.com\/wp-content\/uploads\/P3902-J4024-04_Front-480x480-2.jpg'><\/div>Die Boston Igloo Storage Serie enth\u00e4lt unabh\u00e4ngige Systeme, die flexibel im Einsatz sind. Sie sind mit JBODs von AIC und mit bis zu 108 Festplatten ausgestattet. Ideal f\u00fcr datenintensive Anwendungen, Archiv- oder Backupsysteme geeignet. <\/div><\/div><\/div><\/div><\/div><\/div>\t\t\t\t<\/div>\n\t\t\t\t<\/div>\n\t\t\t\t<div class=\"elementor-element elementor-element-9b4a41f elementor-widget elementor-widget-spacer\" data-id=\"9b4a41f\" data-element_type=\"widget\" data-e-type=\"widget\" data-widget_type=\"spacer.default\">\n\t\t\t\t<div class=\"elementor-widget-container\">\n\t\t\t\t\t\t\t<div class=\"elementor-spacer\">\n\t\t\t<div class=\"elementor-spacer-inner\"><\/div>\n\t\t<\/div>\n\t\t\t\t\t\t<\/div>\n\t\t\t\t<\/div>\n\t\t\t\t\t<\/div>\n\t\t<\/div>\n\t\t\t\t\t<\/div>\n\t\t<\/section>\n\t\t\t\t<section class=\"elementor-section elementor-top-section elementor-element elementor-element-d6979b9 elementor-section-full_width elementor-section-height-default elementor-section-height-default\" data-id=\"d6979b9\" data-element_type=\"section\" data-e-type=\"section\">\n\t\t\t\t\t\t<div class=\"elementor-container elementor-column-gap-default\">\n\t\t\t\t\t<div class=\"elementor-column elementor-col-100 elementor-top-column elementor-element elementor-element-181787a\" data-id=\"181787a\" data-element_type=\"column\" data-e-type=\"column\">\n\t\t\t<div class=\"elementor-widget-wrap\">\n\t\t\t\t\t\t\t<\/div>\n\t\t<\/div>\n\t\t\t\t\t<\/div>\n\t\t<\/section>\n\t\t\t\t<section class=\"elementor-section elementor-top-section elementor-element elementor-element-e0d31a3 elementor-section-full_width elementor-section-height-default elementor-section-height-default\" data-id=\"e0d31a3\" data-element_type=\"section\" data-e-type=\"section\">\n\t\t\t\t\t\t<div class=\"elementor-container elementor-column-gap-default\">\n\t\t\t\t\t<div class=\"elementor-column elementor-col-100 elementor-top-column elementor-element elementor-element-25e04f3\" data-id=\"25e04f3\" data-element_type=\"column\" data-e-type=\"column\">\n\t\t\t<div class=\"elementor-widget-wrap elementor-element-populated\">\n\t\t\t\t\t\t<div class=\"elementor-element elementor-element-1e6b8dd elementor-widget elementor-widget-boston-it-text-image-full\" data-id=\"1e6b8dd\" data-element_type=\"widget\" data-e-type=\"widget\" data-widget_type=\"boston-it-text-image-full.default\">\n\t\t\t\t<div class=\"elementor-widget-container\">\n\t\t\t\t\t<div class=\"section text-image-full  \" style=\"--page-color: #40D9E3;\"><div class=\"positioning-container-image\"><div class=\"image\" style=\"background-image: url(https:\/\/www.boston-it.com\/wp-content\/uploads\/BODFD11.jpg)\"><\/div><\/div><div class=\"positioning-container-content\"><div class=\"content\"><div class=\"category-title\">Boston Business Line Igloo Storage  L\u00f6sungen<\/div><h2>Boston Igloo Storage Systeme<\/h2><div class=\"leadIn\"><p>Sollte der Bedarf der Storage L\u00f6sung eine einfache Kapazit\u00e4tserweiterung \u00fcbersteigen, bieten wir mit unseren <strong>Igloo Storage Block-, File- und Object Storage L\u00f6sungen<\/strong> f\u00fcr Rechenzentren mit dem Bedarf auf <strong>Hochverf\u00fcgbarkeit, Asynchronen- sowie Synchronen Datenspiegel <\/strong>ob als Storage <strong>Cluster<\/strong> oder auch f\u00fcr <strong>Virtuelle Umgebungen.<br \/><br \/><\/strong>Mit Igloo <strong>DataCore SWARM<\/strong> k\u00f6nnen Sie \u00fcber <strong>S3 die Daten<\/strong> auch in der <strong>Cloud als Object Storage<\/strong> speichern und verwalten. Mit <strong>Storware<\/strong> schlie\u00dfen wir den Kreis der Datensicherheit und Wiederherstellung als <strong>Backup und Disaster Recovery L\u00f6sungen<\/strong> ab.<\/p><\/div><div class=\"buttons\"><div class=\"button-rainbow-container\"><a href=\"https:\/\/forms.office.com\/e\/1vehd5p8TX\" class=\"button\" target=\"_blank\" rel=\"nofollow noopener\">Kontakt zu Boston Aufnehmen<\/a><\/div><div><div><\/div><\/div>\t\t\t\t<\/div>\n\t\t\t\t<\/div>\n\t\t\t\t\t<\/div>\n\t\t<\/div>\n\t\t\t\t\t<\/div>\n\t\t<\/section>\n\t\t\t\t<section class=\"elementor-section elementor-top-section elementor-element elementor-element-2d67e2f elementor-section-boxed elementor-section-height-default elementor-section-height-default\" data-id=\"2d67e2f\" data-element_type=\"section\" data-e-type=\"section\">\n\t\t\t\t\t\t<div class=\"elementor-container elementor-column-gap-default\">\n\t\t\t\t\t<div class=\"elementor-column elementor-col-100 elementor-top-column elementor-element elementor-element-2d75e61\" data-id=\"2d75e61\" data-element_type=\"column\" data-e-type=\"column\">\n\t\t\t<div class=\"elementor-widget-wrap elementor-element-populated\">\n\t\t\t\t\t\t<div class=\"elementor-element elementor-element-0d5191a elementor-widget elementor-widget-spacer\" data-id=\"0d5191a\" data-element_type=\"widget\" data-e-type=\"widget\" data-widget_type=\"spacer.default\">\n\t\t\t\t<div class=\"elementor-widget-container\">\n\t\t\t\t\t\t\t<div class=\"elementor-spacer\">\n\t\t\t<div class=\"elementor-spacer-inner\"><\/div>\n\t\t<\/div>\n\t\t\t\t\t\t<\/div>\n\t\t\t\t<\/div>\n\t\t\t\t\t<\/div>\n\t\t<\/div>\n\t\t\t\t\t<\/div>\n\t\t<\/section>\n\t\t\t\t<section class=\"elementor-section elementor-top-section elementor-element elementor-element-185eb70f elementor-section-boxed elementor-section-height-default elementor-section-height-default\" data-id=\"185eb70f\" data-element_type=\"section\" data-e-type=\"section\">\n\t\t\t\t\t\t<div class=\"elementor-container elementor-column-gap-default\">\n\t\t\t\t\t<div class=\"elementor-column elementor-col-100 elementor-top-column elementor-element elementor-element-1e40fd9c\" data-id=\"1e40fd9c\" data-element_type=\"column\" data-e-type=\"column\">\n\t\t\t<div class=\"elementor-widget-wrap elementor-element-populated\">\n\t\t\t\t\t\t<div class=\"elementor-element elementor-element-1bfe076 elementor-widget elementor-widget-heading\" data-id=\"1bfe076\" data-element_type=\"widget\" data-e-type=\"widget\" data-widget_type=\"heading.default\">\n\t\t\t\t<div class=\"elementor-widget-container\">\n\t\t\t\t\t<h2 class=\"elementor-heading-title elementor-size-default\">H\u00e4ufig gestellte Fragen<\/h2>\t\t\t\t<\/div>\n\t\t\t\t<\/div>\n\t\t\t\t<div class=\"elementor-element elementor-element-533ccf06 elementor-widget elementor-widget-text-editor\" data-id=\"533ccf06\" data-element_type=\"widget\" data-e-type=\"widget\" data-widget_type=\"text-editor.default\">\n\t\t\t\t<div class=\"elementor-widget-container\">\n\t\t\t\t\t\t\t\t\t<p>Folgende Fragen zum Thema Boston IGLOO Storage erreichen uns am h\u00e4ufigsten. Sollten Sie andere Fragen zur Technologie haben, kommen Sie sehr gerne pers\u00f6nlich auf uns zu.<\/p>\n\t\t\t\t\t\t\t\t<\/div>\n\t\t\t\t<\/div>\n\t\t\t\t\t<\/div>\n\t\t<\/div>\n\t\t\t\t\t<\/div>\n\t\t<\/section>\n\t\t\t\t<section class=\"elementor-section elementor-top-section elementor-element elementor-element-7c31349f elementor-section-boxed elementor-section-height-default elementor-section-height-default\" data-id=\"7c31349f\" data-element_type=\"section\" data-e-type=\"section\">\n\t\t\t\t\t\t<div class=\"elementor-container elementor-column-gap-default\">\n\t\t\t\t\t<div class=\"elementor-column elementor-col-50 elementor-top-column elementor-element elementor-element-3c905e5\" data-id=\"3c905e5\" data-element_type=\"column\" data-e-type=\"column\">\n\t\t\t<div class=\"elementor-widget-wrap elementor-element-populated\">\n\t\t\t\t\t\t<div class=\"elementor-element elementor-element-6967493d elementor-widget elementor-widget-toggle\" data-id=\"6967493d\" data-element_type=\"widget\" data-e-type=\"widget\" data-widget_type=\"toggle.default\">\n\t\t\t\t<div class=\"elementor-widget-container\">\n\t\t\t\t\t\t\t<div class=\"elementor-toggle\">\n\t\t\t\t\t\t\t<div class=\"elementor-toggle-item\">\n\t\t\t\t\t<h3 id=\"elementor-tab-title-1761\" class=\"elementor-tab-title\" data-tab=\"1\" role=\"button\" aria-controls=\"elementor-tab-content-1761\" aria-expanded=\"false\">\n\t\t\t\t\t\t\t\t\t\t\t\t<a class=\"elementor-toggle-title\" tabindex=\"0\">Was sind Boston \"IGLOO\" Systeme?<\/a>\n\t\t\t\t\t<\/h3>\n\n\t\t\t\t\t<div id=\"elementor-tab-content-1761\" class=\"elementor-tab-content elementor-clearfix\" data-tab=\"1\" role=\"region\" aria-labelledby=\"elementor-tab-title-1761\"><p>Boston IGLOO Systeme gibt es Speicherweiterung wie JBOD und JBOF sowie als komplette Software-defined-Storage L\u00f6sungen als SAN Storage, Block Storage, Cloud Object Storage, Hyper-Converged Instrastructure und Backup und Disaster Recovery Anwendungen.<\/p>\n<\/div>\n\t\t\t\t<\/div>\n\t\t\t\t\t\t\t<div class=\"elementor-toggle-item\">\n\t\t\t\t\t<h3 id=\"elementor-tab-title-1762\" class=\"elementor-tab-title\" data-tab=\"2\" role=\"button\" aria-controls=\"elementor-tab-content-1762\" aria-expanded=\"false\">\n\t\t\t\t\t\t\t\t\t\t\t\t<a class=\"elementor-toggle-title\" tabindex=\"0\">Wie unterscheiden sich Boston Igloo Storage Systeme von anderen L\u00f6sungen in diesem Bereich?<\/a>\n\t\t\t\t\t<\/h3>\n\n\t\t\t\t\t<div id=\"elementor-tab-content-1762\" class=\"elementor-tab-content elementor-clearfix\" data-tab=\"2\" role=\"region\" aria-labelledby=\"elementor-tab-title-1762\"><p>Boston IGLOO Storage Systeme sind mit den Software-defind-Storage Herstellern DataCore, Open-E und Storware zertifiziert und bieten ein absolut gutes Preis- sowie Leistungsverh\u00e4ltnis.<\/p>\n<\/div>\n\t\t\t\t<\/div>\n\t\t\t\t\t\t\t\t\t\t<script type=\"application\/ld+json\">{\"@context\":\"https:\\\/\\\/schema.org\",\"@type\":\"FAQPage\",\"mainEntity\":[{\"@type\":\"Question\",\"name\":\"Was sind Boston \\\"IGLOO\\\" Systeme?\",\"acceptedAnswer\":{\"@type\":\"Answer\",\"text\":\"<p>Boston IGLOO Systeme gibt es Speicherweiterung wie JBOD und JBOF sowie als komplette Software-defined-Storage L\\u00f6sungen als SAN Storage, Block Storage, Cloud Object Storage, Hyper-Converged Instrastructure und Backup und Disaster Recovery Anwendungen.<\\\/p>\\n\"}},{\"@type\":\"Question\",\"name\":\"Wie unterscheiden sich Boston Igloo Storage Systeme von anderen L\\u00f6sungen in diesem Bereich?\",\"acceptedAnswer\":{\"@type\":\"Answer\",\"text\":\"<p>Boston IGLOO Storage Systeme sind mit den Software-defind-Storage Herstellern DataCore, Open-E und Storware zertifiziert und bieten ein absolut gutes Preis- sowie Leistungsverh\\u00e4ltnis.<\\\/p>\\n\"}}]}<\/script>\n\t\t\t\t\t<\/div>\n\t\t\t\t\t\t<\/div>\n\t\t\t\t<\/div>\n\t\t\t\t\t<\/div>\n\t\t<\/div>\n\t\t\t\t<div class=\"elementor-column elementor-col-50 elementor-top-column elementor-element elementor-element-36b881fe\" data-id=\"36b881fe\" data-element_type=\"column\" data-e-type=\"column\">\n\t\t\t<div class=\"elementor-widget-wrap elementor-element-populated\">\n\t\t\t\t\t\t<div class=\"elementor-element elementor-element-6229d40d elementor-widget elementor-widget-toggle\" data-id=\"6229d40d\" data-element_type=\"widget\" data-e-type=\"widget\" data-widget_type=\"toggle.default\">\n\t\t\t\t<div class=\"elementor-widget-container\">\n\t\t\t\t\t\t\t<div class=\"elementor-toggle\">\n\t\t\t\t\t\t\t<div class=\"elementor-toggle-item\">\n\t\t\t\t\t<h3 id=\"elementor-tab-title-1641\" class=\"elementor-tab-title\" data-tab=\"1\" role=\"button\" aria-controls=\"elementor-tab-content-1641\" aria-expanded=\"false\">\n\t\t\t\t\t\t\t\t\t\t\t\t<a class=\"elementor-toggle-title\" tabindex=\"0\">Gibt es unterschiedliche Arten von Boston Igloo Systemen?<\/a>\n\t\t\t\t\t<\/h3>\n\n\t\t\t\t\t<div id=\"elementor-tab-content-1641\" class=\"elementor-tab-content elementor-clearfix\" data-tab=\"1\" role=\"region\" aria-labelledby=\"elementor-tab-title-1641\"><p>Es gibt Speichererweiterungen bis zu Software-defind-Storage L\u00f6sungen f\u00fcr Hochverf\u00fcgbarkeits- und Virtualisierungsanwendungen sowei Eins\u00e4tze in Private-, Hybride- und Public Cloud Infrastrukturen.<\/p>\n<\/div>\n\t\t\t\t<\/div>\n\t\t\t\t\t\t\t<div class=\"elementor-toggle-item\">\n\t\t\t\t\t<h3 id=\"elementor-tab-title-1642\" class=\"elementor-tab-title\" data-tab=\"2\" role=\"button\" aria-controls=\"elementor-tab-content-1642\" aria-expanded=\"false\">\n\t\t\t\t\t\t\t\t\t\t\t\t<a class=\"elementor-toggle-title\" tabindex=\"0\">Welche Speichermedien werden in Igloo Systemen eingesetzt?<\/a>\n\t\t\t\t\t<\/h3>\n\n\t\t\t\t\t<div id=\"elementor-tab-content-1642\" class=\"elementor-tab-content elementor-clearfix\" data-tab=\"2\" role=\"region\" aria-labelledby=\"elementor-tab-title-1642\"><p>Es werden ausschlie\u00dflich von Boston qualifizierte Festplatten und SSDs namhafter Technologief\u00fchrer wie Kioxia, Micron, Seagate, Solidigm, Toshiba und Western Digital eingesetzt.<\/p>\n<\/div>\n\t\t\t\t<\/div>\n\t\t\t\t\t\t\t\t\t\t<script type=\"application\/ld+json\">{\"@context\":\"https:\\\/\\\/schema.org\",\"@type\":\"FAQPage\",\"mainEntity\":[{\"@type\":\"Question\",\"name\":\"Gibt es unterschiedliche Arten von Boston Igloo Systemen?\",\"acceptedAnswer\":{\"@type\":\"Answer\",\"text\":\"<p>Es gibt Speichererweiterungen bis zu Software-defind-Storage L\\u00f6sungen f\\u00fcr Hochverf\\u00fcgbarkeits- und Virtualisierungsanwendungen sowei Eins\\u00e4tze in Private-, Hybride- und Public Cloud Infrastrukturen.<\\\/p>\\n\"}},{\"@type\":\"Question\",\"name\":\"Welche Speichermedien werden in Igloo Systemen eingesetzt?\",\"acceptedAnswer\":{\"@type\":\"Answer\",\"text\":\"<p>Es werden ausschlie\\u00dflich von Boston qualifizierte Festplatten und SSDs namhafter Technologief\\u00fchrer wie Kioxia, Micron, Seagate, Solidigm, Toshiba und Western Digital eingesetzt.<\\\/p>\\n\"}}]}<\/script>\n\t\t\t\t\t<\/div>\n\t\t\t\t\t\t<\/div>\n\t\t\t\t<\/div>\n\t\t\t\t\t<\/div>\n\t\t<\/div>\n\t\t\t\t\t<\/div>\n\t\t<\/section>\n\t\t\t\t<section class=\"elementor-section elementor-top-section elementor-element elementor-element-1e9181f elementor-section-boxed elementor-section-height-default elementor-section-height-default\" data-id=\"1e9181f\" data-element_type=\"section\" data-e-type=\"section\">\n\t\t\t\t\t\t<div class=\"elementor-container elementor-column-gap-default\">\n\t\t\t\t\t<div class=\"elementor-column elementor-col-100 elementor-top-column elementor-element elementor-element-666b3f8\" data-id=\"666b3f8\" data-element_type=\"column\" data-e-type=\"column\">\n\t\t\t<div class=\"elementor-widget-wrap elementor-element-populated\">\n\t\t\t\t\t\t<div class=\"elementor-element elementor-element-1e4d48c elementor-widget elementor-widget-spacer\" data-id=\"1e4d48c\" data-element_type=\"widget\" data-e-type=\"widget\" data-widget_type=\"spacer.default\">\n\t\t\t\t<div class=\"elementor-widget-container\">\n\t\t\t\t\t\t\t<div class=\"elementor-spacer\">\n\t\t\t<div class=\"elementor-spacer-inner\"><\/div>\n\t\t<\/div>\n\t\t\t\t\t\t<\/div>\n\t\t\t\t<\/div>\n\t\t\t\t\t<\/div>\n\t\t<\/div>\n\t\t\t\t\t<\/div>\n\t\t<\/section>\n\t\t\t\t<section class=\"elementor-section elementor-top-section elementor-element elementor-element-fa218bd elementor-section-boxed elementor-section-height-default elementor-section-height-default\" data-id=\"fa218bd\" data-element_type=\"section\" data-e-type=\"section\">\n\t\t\t\t\t\t<div class=\"elementor-container elementor-column-gap-default\">\n\t\t\t\t\t<div class=\"elementor-column elementor-col-100 elementor-top-column elementor-element elementor-element-39ba12a\" data-id=\"39ba12a\" data-element_type=\"column\" data-e-type=\"column\">\n\t\t\t<div class=\"elementor-widget-wrap elementor-element-populated\">\n\t\t\t\t\t\t<div class=\"elementor-element elementor-element-f927443 elementor-widget elementor-widget-heading\" data-id=\"f927443\" data-element_type=\"widget\" data-e-type=\"widget\" data-widget_type=\"heading.default\">\n\t\t\t\t<div class=\"elementor-widget-container\">\n\t\t\t\t\t<h2 class=\"elementor-heading-title elementor-size-default\">BOSTON PARTNER IN DIESEM BEREICH<\/h2>\t\t\t\t<\/div>\n\t\t\t\t<\/div>\n\t\t\t\t\t<\/div>\n\t\t<\/div>\n\t\t\t\t\t<\/div>\n\t\t<\/section>\n\t\t\t\t<section class=\"elementor-section elementor-top-section elementor-element elementor-element-ac47413 elementor-section-boxed elementor-section-height-default elementor-section-height-default\" data-id=\"ac47413\" data-element_type=\"section\" data-e-type=\"section\">\n\t\t\t\t\t\t<div class=\"elementor-container elementor-column-gap-default\">\n\t\t\t\t\t<div class=\"elementor-column elementor-col-100 elementor-top-column elementor-element elementor-element-206f4d4\" data-id=\"206f4d4\" data-element_type=\"column\" data-e-type=\"column\">\n\t\t\t<div class=\"elementor-widget-wrap elementor-element-populated\">\n\t\t\t\t\t\t<div class=\"elementor-element elementor-element-3751808 elementor-widget elementor-widget-boston-it-partner\" data-id=\"3751808\" data-element_type=\"widget\" data-e-type=\"widget\" data-widget_type=\"boston-it-partner.default\">\n\t\t\t\t<div class=\"elementor-widget-container\">\n\t\t\t\t\t<div class='section partner-box  view-grid'><div class=\"inner\"><div class=\"logo-box\"><a href=\"https:\/\/www.boston-it.com\/de\/partner\/comark\/\"><img src='https:\/\/www.boston-it.com\/wp-content\/uploads\/comark-logo_RGB.svg'><\/a><\/div><div class=\"logo-box\"><a href=\"https:\/\/www.boston-it.com\/de\/partner\/intel\/\"><img src='https:\/\/www.boston-it.com\/wp-content\/uploads\/intel-1.svg'><\/a><\/div><div class=\"logo-box\"><a href=\"https:\/\/www.boston-it.com\/de\/partner\/microchip-adaptec\/\"><img src='https:\/\/www.boston-it.com\/wp-content\/uploads\/MicroChip.svg'><\/a><\/div><div class=\"logo-box\"><a href=\"https:\/\/www.boston-it.com\/de\/partner\/proxmox-open-source-software\/\"><img src='https:\/\/www.boston-it.com\/wp-content\/uploads\/Proxmox-logo_SVG-web_black.svg'><\/a><\/div><div class=\"logo-box\"><a href=\"https:\/\/www.boston-it.com\/de\/partner\/scale-computing\/\"><img src='https:\/\/www.boston-it.com\/wp-content\/uploads\/ScaleComputing-webseite2023-2.svg'><\/a><\/div><\/div><\/div>\t\t\t\t<\/div>\n\t\t\t\t<\/div>\n\t\t\t\t\t<\/div>\n\t\t<\/div>\n\t\t\t\t\t<\/div>\n\t\t<\/section>\n\t\t\t\t<\/div>\n\t\t","protected":false},"excerpt":{"rendered":"<p>Home Igloo Storage Boston Server und Storage Systeme Boston Igloo Storage Systeme Igloo Storage Systeme sind die optimale Speichererweiterung f\u00fcr unsere Business Line Server und Workstation Serie. Ob als Direct Attached Storage \u2013 DAS &#8211; in Form von Festplatten basierenden JBOD oder Flash JBOF Erweiterungen. Kontakt aufnehmen Datenblatt Igloo SANsymphony Storage Boston Igloo-SANsymphony ist eine&#8230;<\/p>\n","protected":false},"author":8,"featured_media":0,"parent":27899,"menu_order":0,"comment_status":"closed","ping_status":"closed","template":"","meta":{"_acf_changed":false,"footnotes":""},"class_list":["post-27827","page","type-page","status-publish","hentry"],"acf":[],"_links":{"self":[{"href":"https:\/\/www.boston-it.com\/ch\/wp-json\/wp\/v2\/pages\/27827","targetHints":{"allow":["GET"]}}],"collection":[{"href":"https:\/\/www.boston-it.com\/ch\/wp-json\/wp\/v2\/pages"}],"about":[{"href":"https:\/\/www.boston-it.com\/ch\/wp-json\/wp\/v2\/types\/page"}],"author":[{"embeddable":true,"href":"https:\/\/www.boston-it.com\/ch\/wp-json\/wp\/v2\/users\/8"}],"replies":[{"embeddable":true,"href":"https:\/\/www.boston-it.com\/ch\/wp-json\/wp\/v2\/comments?post=27827"}],"version-history":[{"count":20,"href":"https:\/\/www.boston-it.com\/ch\/wp-json\/wp\/v2\/pages\/27827\/revisions"}],"predecessor-version":[{"id":42043,"href":"https:\/\/www.boston-it.com\/ch\/wp-json\/wp\/v2\/pages\/27827\/revisions\/42043"}],"up":[{"embeddable":true,"href":"https:\/\/www.boston-it.com\/ch\/wp-json\/wp\/v2\/pages\/27899"}],"wp:attachment":[{"href":"https:\/\/www.boston-it.com\/ch\/wp-json\/wp\/v2\/media?parent=27827"}],"curies":[{"name":"wp","href":"https:\/\/api.w.org\/{rel}","templated":true}]}}