{"id":27889,"date":"2023-07-05T10:10:51","date_gmt":"2023-07-05T08:10:51","guid":{"rendered":"https:\/\/www.boston-it.com\/karriere\/"},"modified":"2024-07-25T12:03:40","modified_gmt":"2024-07-25T10:03:40","slug":"karriere","status":"publish","type":"page","link":"https:\/\/www.boston-it.com\/ch\/karriere\/","title":{"rendered":"Karriere"},"content":{"rendered":"<p><a href=https:\/\/www.boston-it.com\/de\/>Home<\/a><br \/>\n    <svg xmlns=\"http:\/\/www.w3.org\/2000\/svg\" width=\"18\" height=\"35\" viewBox=\"0 0 18 35\" fill=\"none\"><path fill-rule=\"evenodd\" clip-rule=\"evenodd\" d=\"M0.692929 35L17.4863 17.5L16.7939 16.7785L16.7936 16.7788L0.692354 -4.26329e-07L-3.43866e-05 0.721524L16.1013 17.5003L0.000539107 34.2785L0.692929 35Z\" fill=\"white\" fill-opacity=\"0.2\"\/><\/svg><a>Karriere <\/a><\/p>\n<h1>Top Kollegen gesucht<\/h1>\n<h2>Jobs bei BOSTON IT<\/h2>\n<p>Wir sind ein etabliertes und expandierendes Unternehmen und f\u00fchrend im Markt f\u00fcr High-Performance, Enterprise-Server- &amp; Storage-L\u00f6sungen bekannt. Wir suchen stets nach neuen Mitarbeitern, Talenten und Teamkollegen, die uns unterst\u00fctzen, unser erfolgreiches Unternehmen mit positiven Wachstumspl\u00e4nen und spannenden M\u00f6glichkeiten f\u00fcr alle Mitarbeiter weiter nach vorne zu bringen.<\/p>\n<p><a href=\"https:\/\/share-eu1.hsforms.com\/1jvrtiK66SfayW_UIbtJ35gevvj8\" target=\"_blank\" rel=\"nofollow noopener\">Kontakt aufnehmen<\/a><br \/>\n\t\t\tWir suchen genau dich: IT-Begeistert &#038; Teamplayer<\/p>\n<h2>Jobs bei Boston<\/h2>\n<p>Die Boston-Gruppe bietet seit dem Jahr 1992 marktf\u00fchrende und innovative Technologien an.<\/p>\n<p>Dazu geh\u00f6ren hochleistungsf\u00e4hige, unternehmenskritische <strong>Server- und Speicher-L\u00f6sungen<\/strong>, die <strong>standardisiert<\/strong> angeboten werden <strong>oder<\/strong> je nach Anwendung und Einsatzgebiet individuell f\u00fcr jeden einzelnen Kunden <strong>ma\u00dfgeschneidert<\/strong> werden.<\/p>\n<p>Boston unterst\u00fctzt seine Kunden von der anf\u00e4nglichen <strong>Spezifikation<\/strong>, dem <strong>L\u00f6sungsdesign<\/strong> bis hin zum vollst\u00e4ndigen kundenspezifischen <strong>Branding<\/strong>, um die schwierigsten gesch\u00e4ftlichen Herausforderungen seiner Kunden einfach und effektiv zu l\u00f6sen.<\/p>\n<p>Seit der Gr\u00fcndung von <strong>Boston<\/strong> in London, Gro\u00dfbritannien, expandierte das Unternehmen weltweit <strong>in unterschiedlichen L\u00e4ndern<\/strong>. Jedes Land bzw. jede Region agiert unabh\u00e4ngig und kann so marktnahe Entscheidungen je nach Marktanforderung selbst treffen und seinen Kunden individuelle und effiziente L\u00f6sungen anbieten.\u00a0<\/p>\n<p>In der <strong>DACH-Region<\/strong> gibt es Niederlassungen in allen drei L\u00e4ndern: in Deutschland (Feldkirchen bei M\u00fcnchen), \u00d6sterreich (Aspang-Markt nahe Wien) und in der Schweiz (Kreuzlingen).<\/p>\n<p>Mit dem <strong>kontinuierlichen Unternehmenswachstum w\u00e4chst auch der Bedarf an neuen Mitarbeitern<\/strong>. Bereiche werden ausgebaut, neue entstehen oder entwickeln sich weiter. Im Zuge dessen entwickeln sich unsere Mitarbeiter ebenso weiter und es werden stetig neue Mitarbeiter gesucht.<\/p>\n<p>Wir sind stetig auf der Suche nach qualifizierten neuen Mitarbeitern \u00fcber alle Unternehmensbereiche hinweg:<\/p>\n<ul>\n<li>Vertrieb<\/li>\n<li>Fertigung, Produktion und im Endtest von IT-Systemen<\/li>\n<li>Techniker &amp; System Engineers<\/li>\n<li>Logistik<\/li>\n<li>Einkauf<\/li>\n<li>Marketing<\/li>\n<li>Buchhaltung &amp; Finanzwesen<\/li>\n<\/ul>\n<p>Du f\u00fchlst Dich in einem dieser Unternehmensbereiche zu Hause, deine Passion und<strong> Leidenschaft ist IT<\/strong>? Oder Du <strong>kannst Dich f\u00fcr IT begeistern<\/strong>, lernst gerne immer wieder neues Wissen dazu und w\u00e4chst \u00fcber Dich hinaus, sobald es um Software oder Hardware geht?<\/p>\n<p>Dann suchen wir eventuell genau Dich als Kollegen oder Kollegin, um unser innovatives Team zu erg\u00e4nzen.<\/p>\n<p><strong>Schau Dir gerne unsere Stellenangebote an und bewirb Dich f\u00fcr einen freien Job, der zu Dir passt.\u00a0<\/strong><\/p>\n<p>Wir freuen uns Dich pers\u00f6nlich kennenzulernen.<\/p>\n<p>Dein Team der Boston Server &amp; Storage Solutions GmbH<\/p>\n<p>\t\t\tFREIE STELLENANGEBOTE<\/p>\n<h2>Jobs von A bis Z<\/h2>\n<p>Sieh Dir unsere freien Stellen und Job-Angebote an und bewirb Dich.<\/p>\n<p><a href=\"\"  rel=\"nofollow\">JOBS<\/a><br \/>\n\t\t\tMitarbeitervorteile<\/p>\n<h2>JOB BENEFITS<\/h2>\n<p>Wir bieten unseren Mitarbeitern \u2013 neben dem passenden Job \u2013 zus\u00e4tzliche Benefits und Mitarbeitervorteile an, die einzigartig und attraktiv zugleich sind. Ein Grund mehr, sich f\u00fcr Boston IT zu entscheiden. Hole Dir einen \u00dcberblick \u00fcber die Boston Job-Benefits.<\/p>\n<p><a href=\"\"  rel=\"nofollow\">Benefits<\/a>\t\t<\/p>\n<style>\/*! elementor - v3.22.0 - 26-06-2024 *\/\n.elementor-heading-title{padding:0;margin:0;line-height:1}.elementor-widget-heading .elementor-heading-title[class*=elementor-size-]>a{color:inherit;font-size:inherit;line-height:inherit}.elementor-widget-heading .elementor-heading-title.elementor-size-small{font-size:15px}.elementor-widget-heading .elementor-heading-title.elementor-size-medium{font-size:19px}.elementor-widget-heading .elementor-heading-title.elementor-size-large{font-size:29px}.elementor-widget-heading .elementor-heading-title.elementor-size-xl{font-size:39px}.elementor-widget-heading .elementor-heading-title.elementor-size-xxl{font-size:59px}<\/style>\n<h5>Bewerbungsprozess<\/h5>\n<h2>Wie bekommst du den Job?<\/h2>\n<h3>BEWERBUNG<\/h3>\n<p>W\u00e4hle eine offene Stelle aus und <strong>bewirb Dich<\/strong> darauf.<\/p>\n<p>Deine Bewerbung sollte idealerweise ein Motivationsanschreiben, Lebenslauf, Zeugnisse sowie Zertifikate enthalten, die Dich f\u00fcr diesen Job qualifizieren.<\/p>\n<p>F\u00fcge bitte ein m\u00f6gliches <strong>Eintrittsdatum<\/strong> und Deinen <strong>Gehaltswunsch<\/strong> hinzu.<\/p>\n<h3>AUSWAHLPROZESS<\/h3>\n<p>Unsere Entscheidungswege sind kurz. Wenn wir \u00fcberzeugt sind, dass Du der\/die Richtige f\u00fcr unser Team bist, dann erh\u00e4ltst Du auch schnell <strong>Feedback<\/strong>.<\/p>\n<p>In der Regel erhalten wir (je nach Anzahl der offenen Stellen) viele Bewerbungen. Die Sichtung Deiner Unterlagen kann daher einige Tage in Anspruch nehmen. Wir melden uns bei Dir, so schnell wie m\u00f6glich.<\/p>\n<h3>EINLADUNG ZUM KENNENLERNEN<\/h3>\n<p>Die Bewerber, die zur ausgeschriebenen Stelle passen, laden wir zu einem pers\u00f6nlichen Kennenlernen ein.<\/p>\n<p>In der Regel findet <strong>das erste Kennenlernen<\/strong> in kleiner Runde innerhalb der jeweiligen Abteilung statt. Konntest Du hier \u00fcberzeugen, gibt es ein weiteres Gespr\u00e4ch mit der Gesch\u00e4ftsf\u00fchrung. <\/p>\n<p><strong>Viel Erfolg!<\/strong><\/p>\n<style>\/*! elementor - v3.22.0 - 26-06-2024 *\/\n.elementor-column .elementor-spacer-inner{height:var(--spacer-size)}.e-con{--container-widget-width:100%}.e-con-inner>.elementor-widget-spacer,.e-con>.elementor-widget-spacer{width:var(--container-widget-width,var(--spacer-size));--align-self:var(--container-widget-align-self,initial);--flex-shrink:0}.e-con-inner>.elementor-widget-spacer>.elementor-widget-container,.e-con>.elementor-widget-spacer>.elementor-widget-container{height:100%;width:100%}.e-con-inner>.elementor-widget-spacer>.elementor-widget-container>.elementor-spacer,.e-con>.elementor-widget-spacer>.elementor-widget-container>.elementor-spacer{height:100%}.e-con-inner>.elementor-widget-spacer>.elementor-widget-container>.elementor-spacer>.elementor-spacer-inner,.e-con>.elementor-widget-spacer>.elementor-widget-container>.elementor-spacer>.elementor-spacer-inner{height:var(--container-widget-height,var(--spacer-size))}.e-con-inner>.elementor-widget-spacer.elementor-widget-empty,.e-con>.elementor-widget-spacer.elementor-widget-empty{position:relative;min-height:22px;min-width:22px}.e-con-inner>.elementor-widget-spacer.elementor-widget-empty .elementor-widget-empty-icon,.e-con>.elementor-widget-spacer.elementor-widget-empty .elementor-widget-empty-icon{position:absolute;top:0;bottom:0;left:0;right:0;margin:auto;padding:0;width:22px;height:22px}<\/style>\n<h2>H\u00e4ufig gestellte Fragen<\/h2>\n<p>Hier beantworten wir Dir allgemeine Fragen, die uns h\u00e4ufig erreichen \u2013 zu Themen wie Stellenangeboten, Jobs, Karriere und Ausbildung. <\/p>\n<style>\/*! elementor - v3.22.0 - 26-06-2024 *\/\n.elementor-toggle{text-align:start}.elementor-toggle .elementor-tab-title{font-weight:700;line-height:1;margin:0;padding:15px;border-bottom:1px solid #d5d8dc;cursor:pointer;outline:none}.elementor-toggle .elementor-tab-title .elementor-toggle-icon{display:inline-block;width:1em}.elementor-toggle .elementor-tab-title .elementor-toggle-icon svg{margin-inline-start:-5px;width:1em;height:1em}.elementor-toggle .elementor-tab-title .elementor-toggle-icon.elementor-toggle-icon-right{float:right;text-align:right}.elementor-toggle .elementor-tab-title .elementor-toggle-icon.elementor-toggle-icon-left{float:left;text-align:left}.elementor-toggle .elementor-tab-title .elementor-toggle-icon .elementor-toggle-icon-closed{display:block}.elementor-toggle .elementor-tab-title .elementor-toggle-icon .elementor-toggle-icon-opened{display:none}.elementor-toggle .elementor-tab-title.elementor-active{border-bottom:none}.elementor-toggle .elementor-tab-title.elementor-active .elementor-toggle-icon-closed{display:none}.elementor-toggle .elementor-tab-title.elementor-active .elementor-toggle-icon-opened{display:block}.elementor-toggle .elementor-tab-content{padding:15px;border-bottom:1px solid #d5d8dc;display:none}@media (max-width:767px){.elementor-toggle .elementor-tab-title{padding:12px}.elementor-toggle .elementor-tab-content{padding:12px 10px}}.e-con-inner>.elementor-widget-toggle,.e-con>.elementor-widget-toggle{width:var(--container-widget-width);--flex-grow:var(--container-widget-flex-grow)}<\/style>\n<h3 id=\"elementor-tab-title-1711\" data-tab=\"1\" role=\"button\" aria-controls=\"elementor-tab-content-1711\" aria-expanded=\"false\">\n\t\t\t\t\t\t\t\t\t\t\t\t<a tabindex=\"0\">Wie erfahre ich, ob es derzeit Ausbildungspl\u00e4tze bei Boston gibt?<\/a><br \/>\n\t\t\t\t\t<\/h3>\n<p>Wir stellen offene Ausbildungsstellen mit in unsere offenen Stellenangebote ein.<\/p>\n<p>Nichtsdestotrotz kannst Du gerne auch pers\u00f6nlich nachfragen \u2013 unter unserer Telefonnummer <br \/>+49 (0) 89 9090 199 3, oder Du schreibst uns eine E-Mail an <a href=\"mailto:hr@boston-it.de\">hr@boston-it.de<\/a>.<\/p>\n<h3 id=\"elementor-tab-title-1712\" data-tab=\"2\" role=\"button\" aria-controls=\"elementor-tab-content-1712\" aria-expanded=\"false\">\n\t\t\t\t\t\t\t\t\t\t\t\t<a tabindex=\"0\">Welche Unterlagen werden bei einer Bewerbung ben\u00f6tigt?<\/a><br \/>\n\t\t\t\t\t<\/h3>\n<p>Deine Bewerbung sollte idealerweise ein Motivationsanschreiben, Lebenslauf, Zeugnisse sowie Zertifikate enthalten, die Dich f\u00fcr diesen Job qualifizieren.<\/p>\n<h3 id=\"elementor-tab-title-1441\" data-tab=\"1\" role=\"button\" aria-controls=\"elementor-tab-content-1441\" aria-expanded=\"false\">\n\t\t\t\t\t\t\t\t\t\t\t\t<a tabindex=\"0\">Wie erfahre ich, ob ich in die engere Wahl einer Stelle gekommen bin?<\/a><br \/>\n\t\t\t\t\t<\/h3>\n<p>Wenn uns Deine Bewerbung gefallen hat und wir \u00fcberzeugt davon sind, dass Du der\/die Richtige f\u00fcr diese Stelle bist, dann erh\u00e4ltst Du auch schnell <strong>Feedback<\/strong>.<\/p>\n<p>In der Regel erhalten wir (je nach Anzahl der offenen Stellen) viele Bewerbungen. Die Sichtung Deiner Unterlagen kann daher einige Tage in Anspruch nehmen. Wir melden uns bei Dir so schnell wie m\u00f6glich \u2013 per Telefon oder per E-Mail.<\/p>\n<h3 id=\"elementor-tab-title-1442\" data-tab=\"2\" role=\"button\" aria-controls=\"elementor-tab-content-1442\" aria-expanded=\"false\">\n\t\t\t\t\t\t\t\t\t\t\t\t<a tabindex=\"0\">Wie l\u00e4uft das Bewerbungsverfahren ab?<\/a><br \/>\n\t\t\t\t\t<\/h3>\n<p>Nachdem Du uns Deine Bewerbung geschickt oder bei uns eingereicht hast, wird diese an die jeweilige Abteilung weitergeleitet.<\/p>\n<p>Wenn Du zur ausgeschriebenen Stelle passt und wir Deine Bewerbung ansprechend finden, laden wir Dich zu einem pers\u00f6nlichen Kennenlernen ein.<\/p>\n<p>In der Regel findet das erste Kennenlernen in kleiner Runde innerhalb der jeweiligen Abteilung statt. Konntest Du hier \u00fcberzeugen, gibt es eventuell ein weiteres Gespr\u00e4ch mit der Gesch\u00e4ftsf\u00fchrung. Letzteres ist je nach Stelle unterschiedlich. Du erh\u00e4ltst von uns Feedback zu den einzelnen Schritten, damit Du Dich vorbereiten kannst.<\/p>\n<p>\t\t\tBoston Kennenlernen<\/p>\n<h2>Boston Hausmesse<\/h2>\n<p>Lerne uns vorab kennen. Neben lokalen und internationalen Messe-Auftritten organisiert Boston-IT in der DACH-Region eine hauseigene Messe namens Boston Technology Innovation Day. Diese findet j\u00e4hrlich in den Sommermonaten statt. Anbei ein Video-Teaser von der Hausmesse 2023 mit bayrischem Flair und lokal im M\u00fcnchner Umland.<\/p>\n<p><a href=\"https:\/\/youtu.be\/MDnhXLyHhxA\" target=\"_blank\" rel=\"nofollow noopener\">Zum Video-Trailer<\/a><\/p>\n","protected":false},"excerpt":{"rendered":"<p>Home Karriere Top Kollegen gesucht Jobs bei BOSTON IT Wir sind ein etabliertes und expandierendes Unternehmen und f\u00fchrend im Markt f\u00fcr High-Performance, Enterprise-Server- &amp; Storage-L\u00f6sungen bekannt. Wir suchen stets nach neuen Mitarbeitern, Talenten und Teamkollegen, die uns unterst\u00fctzen, unser erfolgreiches Unternehmen mit positiven Wachstumspl\u00e4nen und spannenden M\u00f6glichkeiten f\u00fcr alle Mitarbeiter weiter nach vorne zu bringen&#8230;.<\/p>\n","protected":false},"author":1,"featured_media":0,"parent":0,"menu_order":0,"comment_status":"closed","ping_status":"closed","template":"","meta":{"_acf_changed":false,"footnotes":""},"class_list":["post-27889","page","type-page","status-publish","hentry"],"acf":[],"_links":{"self":[{"href":"https:\/\/www.boston-it.com\/ch\/wp-json\/wp\/v2\/pages\/27889","targetHints":{"allow":["GET"]}}],"collection":[{"href":"https:\/\/www.boston-it.com\/ch\/wp-json\/wp\/v2\/pages"}],"about":[{"href":"https:\/\/www.boston-it.com\/ch\/wp-json\/wp\/v2\/types\/page"}],"author":[{"embeddable":true,"href":"https:\/\/www.boston-it.com\/ch\/wp-json\/wp\/v2\/users\/1"}],"replies":[{"embeddable":true,"href":"https:\/\/www.boston-it.com\/ch\/wp-json\/wp\/v2\/comments?post=27889"}],"version-history":[{"count":6,"href":"https:\/\/www.boston-it.com\/ch\/wp-json\/wp\/v2\/pages\/27889\/revisions"}],"predecessor-version":[{"id":39200,"href":"https:\/\/www.boston-it.com\/ch\/wp-json\/wp\/v2\/pages\/27889\/revisions\/39200"}],"wp:attachment":[{"href":"https:\/\/www.boston-it.com\/ch\/wp-json\/wp\/v2\/media?parent=27889"}],"curies":[{"name":"wp","href":"https:\/\/api.w.org\/{rel}","templated":true}]}}