{"id":27921,"date":"2023-06-06T16:30:43","date_gmt":"2023-06-06T14:30:43","guid":{"rendered":"https:\/\/www.boston-it.com\/kontakt-zu-boston-server-storage-solutions\/"},"modified":"2023-06-06T16:30:43","modified_gmt":"2023-06-06T14:30:43","slug":"kontakt-zu-boston-server-storage-solutions","status":"publish","type":"page","link":"https:\/\/www.boston-it.com\/ch\/kontakt-zu-boston-server-storage-solutions\/","title":{"rendered":"Kontakt"},"content":{"rendered":"\t\t<div data-elementor-type=\"wp-page\" data-elementor-id=\"27921\" class=\"elementor elementor-27921 elementor-94\" data-elementor-post-type=\"page\">\n\t\t\t\t\t\t<section class=\"elementor-section elementor-top-section elementor-element elementor-element-3c4dcf6 elementor-section-full_width elementor-section-height-default elementor-section-height-default\" data-id=\"3c4dcf6\" data-element_type=\"section\" data-e-type=\"section\">\n\t\t\t\t\t\t<div class=\"elementor-container elementor-column-gap-no\">\n\t\t\t\t\t<div class=\"elementor-column elementor-col-100 elementor-top-column elementor-element elementor-element-227c023\" data-id=\"227c023\" data-element_type=\"column\" data-e-type=\"column\">\n\t\t\t<div class=\"elementor-widget-wrap elementor-element-populated\">\n\t\t\t\t\t\t<div class=\"elementor-element elementor-element-39b31f3 elementor-widget elementor-widget-boston-it-section-intro\" data-id=\"39b31f3\" data-element_type=\"widget\" data-e-type=\"widget\" data-widget_type=\"boston-it-section-intro.default\">\n\t\t\t\t<div class=\"elementor-widget-container\">\n\t\t\t\t\t<div class=\"section intro  is-neutral\" style=\"--page-color: #dddddd;--page-color-rgb: 221, 221, 221;background-image: url(https:\/\/www.boston-it.com\/wp-content\/uploads\/Image-1.png); background-size: cover\"><div id=\"breadcrumbs\">\n    <a href=https:\/\/www.boston-it.com\/ch\/>Home<\/a>\n    <svg xmlns=\"http:\/\/www.w3.org\/2000\/svg\" width=\"18\" height=\"35\" viewBox=\"0 0 18 35\" fill=\"none\"><path fill-rule=\"evenodd\" clip-rule=\"evenodd\" d=\"M0.692929 35L17.4863 17.5L16.7939 16.7785L16.7936 16.7788L0.692354 -4.26329e-07L-3.43866e-05 0.721524L16.1013 17.5003L0.000539107 34.2785L0.692929 35Z\" fill=\"white\" fill-opacity=\"0.2\"\/><\/svg><a class=\"active\">Kontakt <\/a>\n    <\/div><div class=\"inner\"><h1 class=\"category-title\"><\/h1><h2>Kontakt<\/h2><div class=\"leadIn\">Nehmen Sie Kontakt zu uns auf. Wir sind sicher, wir finden die passende L\u00f6sung f\u00fcr Ihren Einsatzort und Ihr Anwendungsgebiet.<\/div><div class=\"buttons\"><div><\/div><\/div>\t\t\t\t<\/div>\n\t\t\t\t<\/div>\n\t\t\t\t\t<\/div>\n\t\t<\/div>\n\t\t\t\t\t<\/div>\n\t\t<\/section>\n\t\t\t\t<section class=\"elementor-section elementor-top-section elementor-element elementor-element-b3166a5 elementor-section-boxed elementor-section-height-default elementor-section-height-default\" data-id=\"b3166a5\" data-element_type=\"section\" data-e-type=\"section\">\n\t\t\t\t\t\t<div class=\"elementor-container elementor-column-gap-default\">\n\t\t\t\t\t<div class=\"elementor-column elementor-col-100 elementor-top-column elementor-element elementor-element-2d9eb78\" data-id=\"2d9eb78\" data-element_type=\"column\" data-e-type=\"column\">\n\t\t\t<div class=\"elementor-widget-wrap\">\n\t\t\t\t\t\t\t<\/div>\n\t\t<\/div>\n\t\t\t\t\t<\/div>\n\t\t<\/section>\n\t\t\t\t<section class=\"elementor-section elementor-top-section elementor-element elementor-element-b4c28df elementor-section-boxed elementor-section-height-default elementor-section-height-default\" data-id=\"b4c28df\" data-element_type=\"section\" data-e-type=\"section\">\n\t\t\t\t\t\t<div class=\"elementor-container elementor-column-gap-default\">\n\t\t\t\t\t<div class=\"elementor-column elementor-col-100 elementor-top-column elementor-element elementor-element-4e06245\" data-id=\"4e06245\" data-element_type=\"column\" data-e-type=\"column\">\n\t\t\t<div class=\"elementor-widget-wrap elementor-element-populated\">\n\t\t\t\t\t\t<div class=\"elementor-element elementor-element-abb165c elementor-widget elementor-widget-heading\" data-id=\"abb165c\" data-element_type=\"widget\" data-e-type=\"widget\" data-widget_type=\"heading.default\">\n\t\t\t\t<div class=\"elementor-widget-container\">\n\t\t\t\t\t<h2 class=\"elementor-heading-title elementor-size-default\">Kontakt<\/h2>\t\t\t\t<\/div>\n\t\t\t\t<\/div>\n\t\t\t\t<div class=\"elementor-element elementor-element-5edfeb0 elementor-widget elementor-widget-text-editor\" data-id=\"5edfeb0\" data-element_type=\"widget\" data-e-type=\"widget\" data-widget_type=\"text-editor.default\">\n\t\t\t\t<div class=\"elementor-widget-container\">\n\t\t\t\t\t\t\t\t\t<p>Sie suchen eine spezielle L\u00f6sung f\u00fcr Ihre IT-Infrastruktur? Sie haben eine neue technologische Herausforderung zu meistern, bei der Sie Unterst\u00fctzung gebrauchen k\u00f6nnen? Sie wollen Ihr Gesch\u00e4ft auf eine moderne, technologische erweiterte Infrastruktur umstellen oder diese nachr\u00fcsten?<\/p><p>Nehmen Sie Kontakt zu uns auf. Wir sind sicher, wir finden die passende L\u00f6sung f\u00fcr Ihren Einsatzort und Ihr Anwendungsgebiet.<\/p>\t\t\t\t\t\t\t\t<\/div>\n\t\t\t\t<\/div>\n\t\t\t\t\t<\/div>\n\t\t<\/div>\n\t\t\t\t\t<\/div>\n\t\t<\/section>\n\t\t\t\t<section class=\"elementor-section elementor-top-section elementor-element elementor-element-da1095c elementor-section-boxed elementor-section-height-default elementor-section-height-default\" data-id=\"da1095c\" data-element_type=\"section\" data-e-type=\"section\">\n\t\t\t\t\t\t<div class=\"elementor-container elementor-column-gap-default\">\n\t\t\t\t\t<div class=\"elementor-column elementor-col-100 elementor-top-column elementor-element elementor-element-9410bf6\" data-id=\"9410bf6\" data-element_type=\"column\" data-e-type=\"column\">\n\t\t\t<div class=\"elementor-widget-wrap elementor-element-populated\">\n\t\t\t\t\t\t<div class=\"elementor-element elementor-element-88be878 elementor-widget elementor-widget-shortcode\" data-id=\"88be878\" data-element_type=\"widget\" data-e-type=\"widget\" data-widget_type=\"shortcode.default\">\n\t\t\t\t<div class=\"elementor-widget-container\">\n\t\t\t\t\t\t\t<div class=\"elementor-shortcode\"><script>\nvar gform;gform||(document.addEventListener(\"gform_main_scripts_loaded\",function(){gform.scriptsLoaded=!0}),document.addEventListener(\"gform\/theme\/scripts_loaded\",function(){gform.themeScriptsLoaded=!0}),window.addEventListener(\"DOMContentLoaded\",function(){gform.domLoaded=!0}),gform={domLoaded:!1,scriptsLoaded:!1,themeScriptsLoaded:!1,isFormEditor:()=>\"function\"==typeof InitializeEditor,callIfLoaded:function(o){return!(!gform.domLoaded||!gform.scriptsLoaded||!gform.themeScriptsLoaded&&!gform.isFormEditor()||(gform.isFormEditor()&&console.warn(\"The use of gform.initializeOnLoaded() is deprecated in the form editor context and will be removed in Gravity Forms 3.1.\"),o(),0))},initializeOnLoaded:function(o){gform.callIfLoaded(o)||(document.addEventListener(\"gform_main_scripts_loaded\",()=>{gform.scriptsLoaded=!0,gform.callIfLoaded(o)}),document.addEventListener(\"gform\/theme\/scripts_loaded\",()=>{gform.themeScriptsLoaded=!0,gform.callIfLoaded(o)}),window.addEventListener(\"DOMContentLoaded\",()=>{gform.domLoaded=!0,gform.callIfLoaded(o)}))},hooks:{action:{},filter:{}},addAction:function(o,r,e,t){gform.addHook(\"action\",o,r,e,t)},addFilter:function(o,r,e,t){gform.addHook(\"filter\",o,r,e,t)},doAction:function(o){gform.doHook(\"action\",o,arguments)},applyFilters:function(o){return gform.doHook(\"filter\",o,arguments)},removeAction:function(o,r){gform.removeHook(\"action\",o,r)},removeFilter:function(o,r,e){gform.removeHook(\"filter\",o,r,e)},addHook:function(o,r,e,t,n){null==gform.hooks[o][r]&&(gform.hooks[o][r]=[]);var d=gform.hooks[o][r];null==n&&(n=r+\"_\"+d.length),gform.hooks[o][r].push({tag:n,callable:e,priority:t=null==t?10:t})},doHook:function(r,o,e){var t;if(e=Array.prototype.slice.call(e,1),null!=gform.hooks[r][o]&&((o=gform.hooks[r][o]).sort(function(o,r){return o.priority-r.priority}),o.forEach(function(o){\"function\"!=typeof(t=o.callable)&&(t=window[t]),\"action\"==r?t.apply(null,e):e[0]=t.apply(null,e)})),\"filter\"==r)return e[0]},removeHook:function(o,r,t,n){var e;null!=gform.hooks[o][r]&&(e=(e=gform.hooks[o][r]).filter(function(o,r,e){return!!(null!=n&&n!=o.tag||null!=t&&t!=o.priority)}),gform.hooks[o][r]=e)}});\n<\/script>\n\n                <div class='gf_browser_gecko gform_wrapper gravity-theme gform-theme--no-framework' data-form-theme='gravity-theme' data-form-index='0' id='gform_wrapper_2' >\n                        <div class='gform_heading'>\n                            <p class='gform_description'><\/p>\n                        <\/div><form method='post' enctype='multipart\/form-data'  id='gform_2'  action='\/ch\/wp-json\/wp\/v2\/pages\/27921' data-formid='2' novalidate>\n                        <div class='gform-body gform_body'><div id='gform_fields_2' class='gform_fields top_label form_sublabel_above description_above validation_below'><div id=\"field_2_13\" class=\"gfield gfield--type-honeypot gform_validation_container field_sublabel_above gfield--has-description field_description_above field_validation_below gfield_visibility_visible\"  ><label class='gfield_label gform-field-label' for='input_2_13'>Email<\/label><div class='gfield_description' id='gfield_description_2_13'>Dieses Feld dient zur Validierung und sollte nicht ver\u00e4ndert werden.<\/div><div class='ginput_container'><input name='input_13' id='input_2_13' type='text' value='' autocomplete='new-password'\/><\/div><\/div><fieldset id=\"field_2_1\" class=\"gfield gfield--type-name gfield--input-type-name gfield--width-half field_sublabel_hidden_label gfield--no-description field_description_above field_validation_below gfield_visibility_visible\"  ><legend class='gfield_label gform-field-label gfield_label_before_complex' >Name<\/legend><div class='ginput_complex ginput_container ginput_container--name no_prefix no_first_name no_middle_name has_last_name no_suffix gf_name_has_1 ginput_container_name gform-grid-row' id='input_2_1'>\n                            \n                            \n                            \n                            <span id='input_2_1_6_container' class='name_last gform-grid-col gform-grid-col--size-auto' >\n                                                    <input type='text' name='input_1.6' id='input_2_1_6' value=''   aria-required='false'     \/>\n                                                    <label for='input_2_1_6' class='gform-field-label gform-field-label--type-sub hidden_sub_label screen-reader-text'>Nachname<\/label>\n                                                <\/span>\n                            \n                        <\/div><\/fieldset><div id=\"field_2_4\" class=\"gfield gfield--type-email gfield--input-type-email gfield--width-half field_sublabel_above gfield--no-description field_description_above field_validation_below gfield_visibility_visible\"  ><label class='gfield_label gform-field-label' for='input_2_4'>E-mail<\/label><div class='ginput_container ginput_container_email'>\n                            <input name='input_4' id='input_2_4' type='email' value='' class='large'     aria-invalid=\"false\"  \/>\n                        <\/div><\/div><div id=\"field_2_5\" class=\"gfield gfield--type-text gfield--input-type-text gfield--width-half field_sublabel_above gfield--no-description field_description_above field_validation_below gfield_visibility_visible\"  ><label class='gfield_label gform-field-label' for='input_2_5'>Unternehmen<\/label><div class='ginput_container ginput_container_text'><input name='input_5' id='input_2_5' type='text' value='' class='large'      aria-invalid=\"false\"   \/><\/div><\/div><fieldset id=\"field_2_6\" class=\"gfield gfield--type-address gfield--input-type-address gfield--width-half field_sublabel_hidden_label gfield--no-description field_description_above field_validation_below gfield_visibility_visible\"  ><legend class='gfield_label gform-field-label gfield_label_before_complex' >Adresse<\/legend>    \n                    <div class='ginput_complex ginput_container has_street ginput_container_address gform-grid-row' id='input_2_6' >\n                         <span class='ginput_full address_line_1 ginput_address_line_1 gform-grid-col' id='input_2_6_1_container' >\n                                        <input type='text' name='input_6.1' id='input_2_6_1' value=''    aria-required='false'    \/>\n                                        <label for='input_2_6_1' id='input_2_6_1_label' class='gform-field-label gform-field-label--type-sub hidden_sub_label screen-reader-text'>Anschrift<\/label>\n                                    <\/span><input type='hidden' class='gform_hidden' name='input_6.4' id='input_2_6_4' value=''\/><input type='hidden' class='gform_hidden' name='input_6.6' id='input_2_6_6' value='' \/>\n                    <div class='gf_clear gf_clear_complex'><\/div>\n                <\/div><\/fieldset><div id=\"field_2_8\" class=\"gfield gfield--type-textarea gfield--input-type-textarea gfield--width-half field_sublabel_above gfield--no-description field_description_above field_validation_below gfield_visibility_visible\"  ><label class='gfield_label gform-field-label' for='input_2_8'>Ihre Nachricht<\/label><div class='ginput_container ginput_container_textarea'><textarea name='input_8' id='input_2_8' class='textarea large'      aria-invalid=\"false\"   rows='10' cols='50'><\/textarea><\/div><\/div><fieldset id=\"field_2_9\" class=\"gfield gfield--type-checkbox gfield--type-choice gfield--input-type-checkbox gfield--width-half field_sublabel_above gfield--no-description field_description_above field_validation_below gfield_visibility_visible\"  ><legend class='gfield_label gform-field-label gfield_label_before_complex' >Ich interessiere mich f\u00fcr<\/legend><div class='ginput_container ginput_container_checkbox'><div class='gfield_checkbox ' id='input_2_9'><div class='gchoice gchoice_2_9_1'>\n\t\t\t\t\t\t\t\t<input class='gfield-choice-input' name='input_9.1' type='checkbox'  value='Computer'  id='choice_2_9_1'   \/>\n\t\t\t\t\t\t\t\t<label for='choice_2_9_1' id='label_2_9_1' class='gform-field-label gform-field-label--type-inline'>Computer<\/label>\n\t\t\t\t\t\t\t<\/div><div class='gchoice gchoice_2_9_2'>\n\t\t\t\t\t\t\t\t<input class='gfield-choice-input' name='input_9.2' type='checkbox'  value='Storage'  id='choice_2_9_2'   \/>\n\t\t\t\t\t\t\t\t<label for='choice_2_9_2' id='label_2_9_2' class='gform-field-label gform-field-label--type-inline'>Storage<\/label>\n\t\t\t\t\t\t\t<\/div><div class='gchoice gchoice_2_9_3'>\n\t\t\t\t\t\t\t\t<input class='gfield-choice-input' name='input_9.3' type='checkbox'  value='Virtualisierung'  id='choice_2_9_3'   \/>\n\t\t\t\t\t\t\t\t<label for='choice_2_9_3' id='label_2_9_3' class='gform-field-label gform-field-label--type-inline'>Virtualisierung<\/label>\n\t\t\t\t\t\t\t<\/div><div class='gchoice gchoice_2_9_4'>\n\t\t\t\t\t\t\t\t<input class='gfield-choice-input' name='input_9.4' type='checkbox'  value='KI (AI) \/ Deep learning'  id='choice_2_9_4'   \/>\n\t\t\t\t\t\t\t\t<label for='choice_2_9_4' id='label_2_9_4' class='gform-field-label gform-field-label--type-inline'>KI (AI) \/ Deep learning<\/label>\n\t\t\t\t\t\t\t<\/div><div class='gchoice gchoice_2_9_5'>\n\t\t\t\t\t\t\t\t<input class='gfield-choice-input' name='input_9.5' type='checkbox'  value='Business line Series'  id='choice_2_9_5'   \/>\n\t\t\t\t\t\t\t\t<label for='choice_2_9_5' id='label_2_9_5' class='gform-field-label gform-field-label--type-inline'>Business line Series<\/label>\n\t\t\t\t\t\t\t<\/div><div class='gchoice gchoice_2_9_6'>\n\t\t\t\t\t\t\t\t<input class='gfield-choice-input' name='input_9.6' type='checkbox'  value='K\u00fchlungstechnologien'  id='choice_2_9_6'   \/>\n\t\t\t\t\t\t\t\t<label for='choice_2_9_6' id='label_2_9_6' class='gform-field-label gform-field-label--type-inline'>K\u00fchlungstechnologien<\/label>\n\t\t\t\t\t\t\t<\/div><div class='gchoice gchoice_2_9_7'>\n\t\t\t\t\t\t\t\t<input class='gfield-choice-input' name='input_9.7' type='checkbox'  value='Netzwerk &amp; Infrastruktur'  id='choice_2_9_7'   \/>\n\t\t\t\t\t\t\t\t<label for='choice_2_9_7' id='label_2_9_7' class='gform-field-label gform-field-label--type-inline'>Netzwerk &amp; Infrastruktur<\/label>\n\t\t\t\t\t\t\t<\/div><\/div><\/div><\/fieldset><fieldset id=\"field_2_10\" class=\"gfield gfield--type-checkbox gfield--type-choice gfield--input-type-checkbox gfield--width-full field_sublabel_above gfield--no-description field_description_above hidden_label field_validation_below gfield_visibility_visible\"  ><legend class='gfield_label gform-field-label gfield_label_before_complex' >Datenschutz<\/legend><div class='ginput_container ginput_container_checkbox'><div class='gfield_checkbox ' id='input_2_10'><div class='gchoice gchoice_2_10_1'>\n\t\t\t\t\t\t\t\t<input class='gfield-choice-input' name='input_10.1' type='checkbox'  value='Ich habe die Datenschutzerkl\u00e4rung gelesen und akzeptiere diese.'  id='choice_2_10_1'   \/>\n\t\t\t\t\t\t\t\t<label for='choice_2_10_1' id='label_2_10_1' class='gform-field-label gform-field-label--type-inline'>Ich habe die Datenschutzerkl\u00e4rung gelesen und akzeptiere diese.<\/label>\n\t\t\t\t\t\t\t<\/div><div class='gchoice gchoice_2_10_2'>\n\t\t\t\t\t\t\t\t<input class='gfield-choice-input' name='input_10.2' type='checkbox'  value='Ja, ich m\u00f6chte mich f\u00fcr den Newsletter anmelden.'  id='choice_2_10_2'   \/>\n\t\t\t\t\t\t\t\t<label for='choice_2_10_2' id='label_2_10_2' class='gform-field-label gform-field-label--type-inline'>Ja, ich m\u00f6chte mich f\u00fcr den Newsletter anmelden.<\/label>\n\t\t\t\t\t\t\t<\/div><\/div><\/div><\/fieldset><div id=\"field_2_11\" class=\"gfield gfield--type-hidden gfield--input-type-hidden gfield--width-full gform_hidden field_sublabel_above gfield--no-description field_description_above field_validation_below gfield_visibility_visible\"  ><div class='ginput_container ginput_container_text'><input name='input_11' id='input_2_11' type='hidden' class='gform_hidden'  aria-invalid=\"false\" value='ch' \/><\/div><\/div><div id=\"field_2_12\" class=\"gfield gfield--type-hidden gfield--input-type-hidden gfield--width-full gform_hidden field_sublabel_above gfield--no-description field_description_above field_validation_below gfield_visibility_visible\"  ><div class='ginput_container ginput_container_text'><input name='input_12' id='input_2_12' type='hidden' class='gform_hidden'  aria-invalid=\"false\" value='Boston DACH' \/><\/div><\/div><\/div><\/div>\n        <div class='gform-footer gform_footer top_label'> <input type='submit' id='gform_submit_button_2' class='gform_button button' onclick='gform.submission.handleButtonClick(this);' data-submission-type='submit' value='Absenden'  \/> \n            <input type='hidden' class='gform_hidden' name='gform_submission_method' data-js='gform_submission_method_2' value='postback' \/>\n            <input type='hidden' class='gform_hidden' name='gform_theme' data-js='gform_theme_2' id='gform_theme_2' value='gravity-theme' \/>\n            <input type='hidden' class='gform_hidden' name='gform_style_settings' data-js='gform_style_settings_2' id='gform_style_settings_2' value='[]' \/>\n            <input type='hidden' class='gform_hidden' name='is_submit_2' value='1' \/>\n            <input type='hidden' class='gform_hidden' name='gform_submit' value='2' \/>\n            \n            <input type='hidden' class='gform_hidden' name='gform_currency' data-currency='EUR' value='xpHcoOrFmBatuR66HlpuZ0OjM\/QYmCR\/KplDNrFaEKikUuf1uq89amlzr91Eo7yAprfc56IuRP5rYzhvjFi6tsU6zQb7X8t3LnV9vK0rOWim8hE=' \/>\n            <input type='hidden' class='gform_hidden' name='gform_unique_id' value='' \/>\n            <input type='hidden' class='gform_hidden' name='state_2' value='WyJ7XCI5LjFcIjpcIjk1YzE4M2YxYzcyZjMyYzllZWI3YmM5YzBiYWVjNzNlXCIsXCI5LjJcIjpcIjUxZmI0ZDM1OGRkMjhlNmRjZGQ4MjVmMWNlYTdkZWE0XCIsXCI5LjNcIjpcIjcwODhmN2M1ZTlkMDBmMjA2NzgzOTBlNjU2YmE5ODAyXCIsXCI5LjRcIjpcIjcwZGYzOTAwZDZjM2RiM2E4ZTE3N2NkOGYxMGI3YjgwXCIsXCI5LjVcIjpcIjNjOWRlYzc0ZGQ5YzZlY2FkNGViYmRiMjYxNTE1YzRhXCIsXCI5LjZcIjpcImU0NzllNWE0MjczYWE5ZWE5M2IxMGM4NTNkNWExMDBiXCIsXCI5LjdcIjpcIjE3ZWRlNDEyZWI4NWE4MDU0OTAyOGM4ZTMxOGMyM2Q5XCIsXCIxMC4xXCI6XCJiMzVmZjQzMzQ2M2Y0NTg0NzU2NTZiYWJiNGRiYWYwMlwiLFwiMTAuMlwiOlwiNmJkMTZhMTQ0YzYzMDdjYWNlZGRmMDU3NjA0M2Y5NDNcIn0iLCIyNWU3YWJiZTNjZDYxZWJlZWY0ZTU2YmFiN2UzMjlmYyJd' \/>\n            <input type='hidden' autocomplete='off' class='gform_hidden' name='gform_target_page_number_2' id='gform_target_page_number_2' value='0' \/>\n            <input type='hidden' autocomplete='off' class='gform_hidden' name='gform_source_page_number_2' id='gform_source_page_number_2' value='1' \/>\n            <input type='hidden' name='gform_field_values' value='' \/>\n            \n        <\/div>\n                        <\/form>\n                        <\/div><script>\ngform.initializeOnLoaded( function() {gformInitSpinner( 2, 'https:\/\/www.boston-it.com\/wp-content\/plugins\/gravityforms\/images\/spinner.svg', true );jQuery('#gform_ajax_frame_2').on('load',function(){var contents = jQuery(this).contents().find('*').html();var is_postback = contents.indexOf('GF_AJAX_POSTBACK') >= 0;if(!is_postback){return;}var form_content = jQuery(this).contents().find('#gform_wrapper_2');var is_confirmation = jQuery(this).contents().find('#gform_confirmation_wrapper_2').length > 0;var is_redirect = contents.indexOf('gformRedirect(){') >= 0;var is_form = form_content.length > 0 && ! is_redirect && ! is_confirmation;var mt = parseInt(jQuery('html').css('margin-top'), 10) + parseInt(jQuery('body').css('margin-top'), 10) + 100;if(is_form){jQuery('#gform_wrapper_2').html(form_content.html());if(form_content.hasClass('gform_validation_error')){jQuery('#gform_wrapper_2').addClass('gform_validation_error');} else {jQuery('#gform_wrapper_2').removeClass('gform_validation_error');}setTimeout( function() { \/* delay the scroll by 50 milliseconds to fix a bug in chrome *\/  }, 50 );if(window['gformInitDatepicker']) {gformInitDatepicker();}if(window['gformInitPriceFields']) {gformInitPriceFields();}var current_page = jQuery('#gform_source_page_number_2').val();gformInitSpinner( 2, 'https:\/\/www.boston-it.com\/wp-content\/plugins\/gravityforms\/images\/spinner.svg', true );jQuery(document).trigger('gform_page_loaded', [2, current_page]);window['gf_submitting_2'] = false;}else if(!is_redirect){var confirmation_content = jQuery(this).contents().find('.GF_AJAX_POSTBACK').html();if(!confirmation_content){confirmation_content = contents;}jQuery('#gform_wrapper_2').replaceWith(confirmation_content);jQuery(document).trigger('gform_confirmation_loaded', [2]);window['gf_submitting_2'] = false;wp.a11y.speak(jQuery('#gform_confirmation_message_2').text());}else{jQuery('#gform_2').append(contents);if(window['gformRedirect']) {gformRedirect();}}jQuery(document).trigger(\"gform_pre_post_render\", [{ formId: \"2\", currentPage: \"current_page\", abort: function() { this.preventDefault(); } }]);        if (event && event.defaultPrevented) {                return;        }        const gformWrapperDiv = document.getElementById( \"gform_wrapper_2\" );        if ( gformWrapperDiv ) {            const visibilitySpan = document.createElement( \"span\" );            visibilitySpan.id = \"gform_visibility_test_2\";            gformWrapperDiv.insertAdjacentElement( \"afterend\", visibilitySpan );        }        const visibilityTestDiv = document.getElementById( \"gform_visibility_test_2\" );        let postRenderFired = false;        function triggerPostRender() {            if ( postRenderFired ) {                return;            }            postRenderFired = true;            gform.core.triggerPostRenderEvents( 2, current_page );            if ( visibilityTestDiv ) {                visibilityTestDiv.parentNode.removeChild( visibilityTestDiv );            }        }        function debounce( func, wait, immediate ) {            var timeout;            return function() {                var context = this, args = arguments;                var later = function() {                    timeout = null;                    if ( !immediate ) func.apply( context, args );                };                var callNow = immediate && !timeout;                clearTimeout( timeout );                timeout = setTimeout( later, wait );                if ( callNow ) func.apply( context, args );            };        }        const debouncedTriggerPostRender = debounce( function() {            triggerPostRender();        }, 200 );        if ( visibilityTestDiv && visibilityTestDiv.offsetParent === null ) {            const observer = new MutationObserver( ( mutations ) => {                mutations.forEach( ( mutation ) => {                    if ( mutation.type === 'attributes' && visibilityTestDiv.offsetParent !== null ) {                        debouncedTriggerPostRender();                        observer.disconnect();                    }                });            });            observer.observe( document.body, {                attributes: true,                childList: false,                subtree: true,                attributeFilter: [ 'style', 'class' ],            });        } else {            triggerPostRender();        }    } );} );\n<\/script>\n<\/div>\n\t\t\t\t\t\t<\/div>\n\t\t\t\t<\/div>\n\t\t\t\t\t<\/div>\n\t\t<\/div>\n\t\t\t\t\t<\/div>\n\t\t<\/section>\n\t\t\t\t<\/div>\n\t\t","protected":false},"excerpt":{"rendered":"<p>Kontakt Nehmen Sie Kontakt zu uns auf. Wir sind sicher, wir finden die passende L\u00f6sung f\u00fcr Ihren Einsatzort und Ihr Anwendungsgebiet. Kontakt Sie suchen eine spezielle L\u00f6sung f\u00fcr Ihre IT-Infrastruktur? Sie haben eine neue technologische Herausforderung zu meistern, bei der Sie Unterst\u00fctzung gebrauchen k\u00f6nnen? Sie wollen Ihr Gesch\u00e4ft auf eine moderne, technologische erweiterte Infrastruktur umstellen&#8230;<\/p>\n","protected":false},"author":1,"featured_media":0,"parent":0,"menu_order":0,"comment_status":"closed","ping_status":"closed","template":"","meta":{"_acf_changed":false,"footnotes":""},"class_list":["post-27921","page","type-page","status-publish","hentry"],"acf":[],"_links":{"self":[{"href":"https:\/\/www.boston-it.com\/ch\/wp-json\/wp\/v2\/pages\/27921","targetHints":{"allow":["GET"]}}],"collection":[{"href":"https:\/\/www.boston-it.com\/ch\/wp-json\/wp\/v2\/pages"}],"about":[{"href":"https:\/\/www.boston-it.com\/ch\/wp-json\/wp\/v2\/types\/page"}],"author":[{"embeddable":true,"href":"https:\/\/www.boston-it.com\/ch\/wp-json\/wp\/v2\/users\/1"}],"replies":[{"embeddable":true,"href":"https:\/\/www.boston-it.com\/ch\/wp-json\/wp\/v2\/comments?post=27921"}],"version-history":[{"count":0,"href":"https:\/\/www.boston-it.com\/ch\/wp-json\/wp\/v2\/pages\/27921\/revisions"}],"wp:attachment":[{"href":"https:\/\/www.boston-it.com\/ch\/wp-json\/wp\/v2\/media?parent=27921"}],"curies":[{"name":"wp","href":"https:\/\/api.w.org\/{rel}","templated":true}]}}