{"id":66862,"date":"2023-05-16T14:13:33","date_gmt":"2023-05-16T12:13:33","guid":{"rendered":"https:\/\/www.boston-it.com\/?page_id=66862"},"modified":"2025-07-31T15:35:08","modified_gmt":"2025-07-31T13:35:08","slug":"vor-ort-services","status":"publish","type":"page","link":"https:\/\/www.boston-it.com\/de\/vor-ort-services\/","title":{"rendered":"Vor Ort Services"},"content":{"rendered":"\t\t<div data-elementor-type=\"wp-page\" data-elementor-id=\"66862\" class=\"elementor elementor-66862\" data-elementor-post-type=\"page\">\n\t\t\t\t\t\t<section class=\"elementor-section elementor-top-section elementor-element elementor-element-988e4f7 elementor-section-full_width elementor-section-stretched elementor-section-height-default elementor-section-height-default\" data-id=\"988e4f7\" data-element_type=\"section\" data-e-type=\"section\" data-settings=\"{&quot;stretch_section&quot;:&quot;section-stretched&quot;}\">\n\t\t\t\t\t\t<div class=\"elementor-container elementor-column-gap-no\">\n\t\t\t\t\t<div class=\"elementor-column elementor-col-100 elementor-top-column elementor-element elementor-element-8ebe87c\" data-id=\"8ebe87c\" data-element_type=\"column\" data-e-type=\"column\">\n\t\t\t<div class=\"elementor-widget-wrap elementor-element-populated\">\n\t\t\t\t\t\t<div class=\"elementor-element elementor-element-bedcf94 elementor-widget__width-initial elementor-widget elementor-widget-boston-it-section-intro\" data-id=\"bedcf94\" data-element_type=\"widget\" data-e-type=\"widget\" data-widget_type=\"boston-it-section-intro.default\">\n\t\t\t\t<div class=\"elementor-widget-container\">\n\t\t\t\t\t<div class=\"section intro  is-neutral\" style=\"--page-color: #dddddd;--page-color-rgb: 221, 221, 221;background-image: url(https:\/\/www.boston-it.com\/wp-content\/uploads\/shutterstock_1115581565-scaled.jpg); background-size: cover\"><div id=\"breadcrumbs\">\n    <a href=https:\/\/www.boston-it.com\/de\/>Home<\/a>\n    <svg xmlns=\"http:\/\/www.w3.org\/2000\/svg\" width=\"18\" height=\"35\" viewBox=\"0 0 18 35\" fill=\"none\"><path fill-rule=\"evenodd\" clip-rule=\"evenodd\" d=\"M0.692929 35L17.4863 17.5L16.7939 16.7785L16.7936 16.7788L0.692354 -4.26329e-07L-3.43866e-05 0.721524L16.1013 17.5003L0.000539107 34.2785L0.692929 35Z\" fill=\"white\" fill-opacity=\"0.2\"\/><\/svg><a class=\"active\">Vor Ort Services <\/a>\n    <\/div><div class=\"inner\"><h1 class=\"category-title\">Boston Services<\/h1><h2>Service ist f\u00fcr uns das ganze Paket<\/h2><div class=\"leadIn\"><p>Als einer der f\u00fchrenden Systemintegratoren und IT-L\u00f6sungs-Hersteller konzentriert sich Boston auf die Zufriedenheit seiner Kunden. Im Fokus steht die Entwicklung, Konfiguration und Lieferung qualitativ hochwertiger und zuverl\u00e4ssiger Systeme unter Verwendung der neuesten verf\u00fcgbaren Technologien. Abgerundet wird dies mit einem vielf\u00e4ltigen und qualitativ hochwertigen Service- und Support-Paket. Lesen Sie hier mehr dazu.<\/p><\/div><div class=\"buttons\"><div class=\"button-rainbow-container\" style=\"--glow-color:\"><a href=\"https:\/\/www.boston-it.com\/wp-content\/uploads\/BOSTON_Service_Broschuere_2023_Web.pdf\" class=\"button button-invert\" target=\"_blank\" rel=\"nofollow\">Service Katalog<\/a><\/div><div class=\"button-rainbow-container\" style=\"--glow-color:\"><a href=\"#recycling\" class=\"button button-invert\" target=\"_blank\" rel=\"nofollow\">Recycling Guide<\/a><\/div><div><\/div><\/div>\t\t\t\t<\/div>\n\t\t\t\t<\/div>\n\t\t\t\t\t<\/div>\n\t\t<\/div>\n\t\t\t\t\t<\/div>\n\t\t<\/section>\n\t\t\t\t<section class=\"elementor-section elementor-top-section elementor-element elementor-element-e76f03a elementor-section-full_width elementor-section-height-default elementor-section-height-default\" data-id=\"e76f03a\" data-element_type=\"section\" data-e-type=\"section\">\n\t\t\t\t\t\t<div class=\"elementor-container elementor-column-gap-no\">\n\t\t\t\t\t<div class=\"elementor-column elementor-col-100 elementor-top-column elementor-element elementor-element-02c397d\" data-id=\"02c397d\" data-element_type=\"column\" data-e-type=\"column\">\n\t\t\t<div class=\"elementor-widget-wrap elementor-element-populated\">\n\t\t\t\t\t\t<div class=\"elementor-element elementor-element-46ff856 elementor-widget elementor-widget-boston-it-advantages\" data-id=\"46ff856\" data-element_type=\"widget\" data-e-type=\"widget\" data-widget_type=\"boston-it-advantages.default\">\n\t\t\t\t<div class=\"elementor-widget-container\">\n\t\t\t\t\t<div class=\"section advantages\" style=\"--page-color: #dddddd; --page-color-rgb: 221, 221, 221\"><div class=\"content\"><div class=\"column1\"><div class=\"column1-inner\"><div class=\"category-title\">H\u00f6chste Qualit\u00e4t ist unser Ma\u00dfstab<\/div><h2>Technischer Service von Boston<\/h2><p>Die Installation vor Ort, die fachgerechte Inbetriebnahme sowie hochwertige zus\u00e4tzliche Services geh\u00f6ren f\u00fcr uns zu jedem Servicepaket dazu. Wir bieten unseren Kunden gerne weitere individuelle Leistungen auf Anfrage und bei Bedarf an.<\/p><\/div><\/div><div class=\"list-container\"><div class=\"list-item\"><div class=\"list-item-head\"><div class=\"list-icon-container\"><i aria-hidden=\"true\" class=\"fal fa-cog\"><\/i><\/div><h3>Konfigurationsservice<\/h3><\/div><p class=\"text-expanded\">Auf Wunsch und je nach Bedarf erhalten Sie bei Boston ein angepasstes \u201eBuild to order\u201c, das auf Ihre Anforderungen abgestimmt und angepasst ist, bereits ab St\u00fcckzahl EINS.<\/p><div> <div class=\"service-btn-container\"><a href=https:\/\/forms.office.com\/pages\/responsepage.aspx?id=8BCeOvky_US8an7YWJntjPYcd31Y7RRDgPFIRuIHGBZUQkNaVVJaT1MxMElPVFAwNzJMUElZSTIxTS4u  class=\"service-btn-link\" ><span class=\"service-btn\">MEHR ERFAHREN<\/span><svg class=\"service-btn-icon\" width=\"26\" height=\"24\" viewBox=\"0 0 26 24\" fill=\"none\" xmlns=\"http:\/\/www.w3.org\/2000\/svg\"> <path d=\"M24.2428 12H1.75684H24.2428Z\" fill=\"white\"\/> <path d=\"M24.2428 12H1.75684\" stroke=\"white\" stroke-width=\"2\" stroke-linecap=\"round\" stroke-linejoin=\"round\"\/> <path d=\"M12.2568 23L23.8998 12.751C24.0062 12.6572 24.0915 12.5417 24.1498 12.4124C24.2082 12.2831 24.2384 12.1429 24.2384 12.001C24.2384 11.8591 24.2082 11.7189 24.1498 11.5896C24.0915 11.4603 24.0062 11.3448 23.8998 11.251L12.2568 1\" stroke=\"white\" stroke-width=\"2\" stroke-linecap=\"round\" stroke-linejoin=\"round\"\/> <\/svg><\/a><\/div> <\/div><\/div><div class=\"list-item\"><div class=\"list-item-head\"><div class=\"list-icon-container\"><i aria-hidden=\"true\" class=\"fal fa-map-marked-alt\"><\/i><\/div><h3>Pre-Sales und Consulting<\/h3><\/div><p class=\"expandable-text\">Um f\u00fcr Sie die optimale IT-L\u00f6sung zu finden, die zu Ihrer IT-Infrastruktur und zu Ihrem Unternehmen passt, steht unser Expertenteam aus dem Bereich Pre-Sales und Consulting gerne zur Seite und wird Sie individuell beraten.<\/p><button class=\"button button-expand-text\" onclick=\"expandText(this)\">Mehr Erfahren<\/button><\/div><div class=\"list-item\"><div class=\"list-item-head\"><div class=\"list-icon-container\"><i aria-hidden=\"true\" class=\"fal fa-share\"><\/i><\/div><h3>Leihstellung von Demosystemen<\/h3><\/div><p class=\"expandable-text\">Testen Sie Systeme vor dem Kauf. Wir bieten \u00fcber unser gesamtes L\u00f6sungsportfolio hinweg Demosysteme zum Testen an. Nutzen Sie diesen Service, um die Technologie kennenzulernen und in Ihrer IT-Umgebung zu testen.<\/p><button class=\"button button-expand-text\" onclick=\"expandText(this)\">Mehr Erfahren<\/button><\/div><div class=\"list-item\"><div class=\"list-item-head\"><div class=\"list-icon-container\"><i aria-hidden=\"true\" class=\"fal fa-clipboard-list-check\"><\/i><\/div><h3>Kundenspezifisches Design & Konfiguration<\/h3><\/div><p class=\"expandable-text\">Nach dem Design kommt die Montage: Nachdem Sie das perfekte System gemeinsam mit unseren erfahrenen Vertriebsmitarbeitern konzipiert haben, bauen wir Ihre Systeme nach Ihren individuellen Spezifikationen. Wir verwenden nur gepr\u00fcfte Komponenten, sodass Sie sich bei jedem System standardm\u00e4\u00dfig auf die Zuverl\u00e4ssigkeit verlassen k\u00f6nnen. Die Montage Ihres individuellen Systems erfolgt lokal an unserem Boston Standort.<\/p><button class=\"button button-expand-text\" onclick=\"expandText(this)\">Mehr Erfahren<\/button><\/div><div class=\"list-item\"><div class=\"list-item-head\"><div class=\"list-icon-container\"><i aria-hidden=\"true\" class=\"fal fa-chart-network\"><\/i><\/div><h3>Kundenspezifischer Systemaufbau & Testing<\/h3><\/div><p class=\"expandable-text\">Ehe die Auslieferung eines kundenindividuellen Systems erfolgt, durchl\u00e4uft es einen umfassenden 24-st\u00fcndigen Funktionstest. Hierf\u00fcr gibt es speziell entwickelte und kontrollierte Testumgebungen, die \"Boston Testcenter\". Dadurch wird sichergestellt, dass jede Komponente innerhalb des Systems einer Belastung unter Hochleistung standh\u00e4lt, wodurch Supportanfragen und Ausf\u00e4lle minimiert werden, sobald die Ger\u00e4te im Einsatz sind.<\/p><button class=\"button button-expand-text\" onclick=\"expandText(this)\">Mehr Erfahren<\/button><\/div><div class=\"list-item\"><div class=\"list-item-head\"><div class=\"list-icon-container\"><i aria-hidden=\"true\" class=\"fal fa-globe-africa\"><\/i><\/div><h3>Weltweite Logistik<\/h3><\/div><p class=\"expandable-text\">Jederzeit und \u00fcberall. Wir besitzen ein lokales und internationales Logistikkonzept und ein entsprechendes Netzwerk dahinter. Lieferungen \u00fcber lokale Grenzen hinaus gew\u00e4hrleisten wir mit langj\u00e4hrigen, festen und globalen Logistikpartnern. Auch bedarfsgerechte Lieferungen sowie deren System-Installation au\u00dferhalb der Gesch\u00e4ftszeiten ist bei Bedarf m\u00f6glich. Stimmen Sie dies mit Ihrem Boston Ansprechpartner ab.<\/p><button class=\"button button-expand-text\" onclick=\"expandText(this)\">Mehr Erfahren<\/button><\/div><div class=\"list-item\"><div class=\"list-item-head\"><div class=\"list-icon-container\"><i aria-hidden=\"true\" class=\"fal fa-tools\"><\/i><\/div><h3>Installationsservice<\/h3><\/div><p class=\"expandable-text\">Unser Expertenteam im Boston Service Center \u00fcbernimmt auf Wunsch und je nach Bedarf die vollst\u00e4ndige Verkabelung und Integration sowie Inbetriebnahme vor Ort,\nvom einzelnen System bis zu kompletten Rechenzentrumsl\u00f6sungen. <\/p><button class=\"button button-expand-text\" onclick=\"expandText(this)\">Mehr Erfahren<\/button><\/div><div class=\"list-item\"><div class=\"list-item-head\"><div class=\"list-icon-container\"><i aria-hidden=\"true\" class=\"fal fa-handshake\"><\/i><\/div><h3>Globaler Support & Garantie<\/h3><\/div><p class=\"expandable-text\">Sobald Sie Ihr neues System erhalten haben, steht Ihnen unser Kundendienstteam zur Verf\u00fcgung, um alle Ihre Fragen zu beantworten und Probleme zu l\u00f6sen. Jeder Support-Techniker ist darin geschult, Anfragen schnell und effektiv zu bearbeiten und bei Bedarf Eskalationsverfahren anzuwenden, um eine maximale Betriebszeit zu gew\u00e4hrleisten. Zus\u00e4tzlich zu unserer Standardgarantie bieten wir Ihnen bei Bedarf auch ma\u00dfgeschneiderte Servicel\u00f6sungen an.<\/p><button class=\"button button-expand-text\" onclick=\"expandText(this)\">Mehr Erfahren<\/button><\/div><div class=\"list-item\"><div class=\"list-item-head\"><div class=\"list-icon-container\"><i aria-hidden=\"true\" class=\"fal fa-money-bill-wave\"><\/i><\/div><h3>Finanzen<\/h3><\/div><p class=\"expandable-text\">Wir haben die M\u00f6glichkeit Ihnen mit flexiblen Leasing- und Finanzierungsl\u00f6sungen entgegenzukommen. Kommen Sie gerne auf uns zu, um f\u00fcr sich die beste Finanzierungsl\u00f6sung zu finden.<\/p><button class=\"button button-expand-text\" onclick=\"expandText(this)\">Mehr Erfahren<\/button><\/div><div class=\"list-item\"><div class=\"list-item-head\"><div class=\"list-icon-container\"><i aria-hidden=\"true\" class=\"fal fa-book\"><\/i><\/div><h3>Boston Trainings Academy<\/h3><\/div><p class=\"expandable-text\">Wir besitzen ein eigenes Trainingscenter, die Boston Trainings Academy, wo wir Sie zu neuen Technologien ausbilden k\u00f6nnen. Wir r\u00fcsten Sie mit dem Wissen aus, das Sie f\u00fcr den Betrieb und den t\u00e4glichen Umgang mit der Technologie brauchen.<\/p><button class=\"button button-expand-text\" onclick=\"expandText(this)\">Mehr Erfahren<\/button><\/div><div class=\"list-item\"><div class=\"list-item-head\"><div class=\"list-icon-container\"><i aria-hidden=\"true\" class=\"fal fa-band-aid\"><\/i><\/div><h3>Support Services<\/h3><\/div><p class=\"expandable-text\">Unser Support-Services-Angebot enth\u00e4lt SLAs bei vollst\u00e4ndiger Erneuerung oder Ersatz bis hin zu einem 24\/7-vor-Ort-Service. Kommen Sie bei Bedarf gerne auf uns zu. Wir schn\u00fcren Ihnen ein individuelles Support-Services-Paket, das Ihren Anforderungen entspricht.<\/p><button class=\"button button-expand-text\" onclick=\"expandText(this)\">Mehr Erfahren<\/button><\/div><div class=\"list-item\"><div class=\"list-item-head\"><div class=\"list-icon-container\"><i aria-hidden=\"true\" class=\"fal fa-arrow-circle-up\"><\/i><\/div><h3>Upgrade, Austausch und Entsorgung<\/h3><\/div><p class=\"expandable-text\">Unser lokales Expertenteam im After-Sales-Support unterst\u00fctzt Sie auch \u00fcber den Kauf hinweg. Wir bieten Upgrade- und Austauschl\u00f6sungen f\u00fcr alle verkauften Ger\u00e4te an. \n\nAls Teil der WEEE-Richtlinie bieten wir Ihnen oder Ihren Kunden proaktiv grunds\u00e4tzlich umweltfreundliche Entsorgungsoptionen an.<\/p><button class=\"button button-expand-text\" onclick=\"expandText(this)\">Mehr Erfahren<\/button><\/div><\/div><\/div><\/div>\t\t\t\t<\/div>\n\t\t\t\t<\/div>\n\t\t\t\t<div class=\"elementor-element elementor-element-d78fd0b elementor-widget elementor-widget-boston-it-text-image-full\" data-id=\"d78fd0b\" data-element_type=\"widget\" data-e-type=\"widget\" data-widget_type=\"boston-it-text-image-full.default\">\n\t\t\t\t<div class=\"elementor-widget-container\">\n\t\t\t\t\t<div class=\"section text-image-full  reverse-order\" style=\"--page-color: #dddddd;\"><div class=\"positioning-container-image\"><div class=\"image\" style=\"background-image: url(https:\/\/www.boston-it.com\/wp-content\/uploads\/PioVation_shutterstock_2482685279-scaled.jpg)\"><\/div><\/div><div class=\"positioning-container-content\"><div class=\"content\"><div class=\"category-title\">professionell, flexibel, kundenorientiert<\/div><h2>Boston Vor Ort Services<\/h2><div class=\"leadIn\"><p>Unsere Vor Ort Services bieten Ihnen umfassende Unterst\u00fctzung direkt beim Kunden \u2013 sei es f\u00fcr den Systemaufbau, die Inbetriebnahme, Hardware-Austausch oder technische Optimierungen. Im neuen Service-Katalog stellen wir Ihnen alle verf\u00fcgbaren Leistungen kompakt und transparent vor \u2013 individuell erweiterbar, abgestimmt auf Ihre IT-Umgebung und Projektziele.<\/p><p>Entdecken Sie unser vollst\u00e4ndiges Serviceportfolio.<\/p><\/div><div class=\"buttons\"><div class=\"button-rainbow-container\"><a href=\"#\" class=\"button\" target=\"_blank\" rel=\"nofollow\">Katalog herunterladen<\/a><\/div><div><div><\/div><\/div>\t\t\t\t<\/div>\n\t\t\t\t<\/div>\n\t\t\t\t\t<\/div>\n\t\t<\/div>\n\t\t\t\t\t<\/div>\n\t\t<\/section>\n\t\t\t\t<section class=\"elementor-section elementor-top-section elementor-element elementor-element-e02ad17 elementor-section-full_width elementor-section-height-default elementor-section-height-default\" data-id=\"e02ad17\" data-element_type=\"section\" data-e-type=\"section\">\n\t\t\t\t\t\t<div class=\"elementor-container elementor-column-gap-no\">\n\t\t\t\t\t<div class=\"elementor-column elementor-col-100 elementor-top-column elementor-element elementor-element-4c110d5\" data-id=\"4c110d5\" data-element_type=\"column\" data-e-type=\"column\">\n\t\t\t<div class=\"elementor-widget-wrap elementor-element-populated\">\n\t\t\t\t\t\t<div class=\"elementor-element elementor-element-df28d0e elementor-widget elementor-widget-boston-it-text-image-full\" data-id=\"df28d0e\" data-element_type=\"widget\" data-e-type=\"widget\" data-widget_type=\"boston-it-text-image-full.default\">\n\t\t\t\t<div class=\"elementor-widget-container\">\n\t\t\t\t\t<div class=\"section text-image-full alternative-style \" style=\"--page-color: #dddddd;\"><div class=\"positioning-container-image\"><div class=\"image\" style=\"background-image: url(https:\/\/www.boston-it.com\/wp-content\/uploads\/iStock-1197780107-scaled.jpg)\"><\/div><\/div><div class=\"positioning-container-content\"><div class=\"content\"><div class=\"category-title\">Wir bringen Ihre Systeme zum Laufen<\/div><h2>Boston Service-Team<\/h2><div class=\"leadIn\"><p>Sollte es zu Systemst\u00f6rungen kommen, kontaktieren Sie bitte f\u00fcr die erste <strong>Diagnose der St\u00f6rung <\/strong>unseren <strong>technischen Support<\/strong>.<\/p><p>Dieser ist f\u00fcr unsere Kunden <strong>kostenfrei<\/strong>. Vielen Dank.<\/p><\/div><div class=\"buttons\"><div><div><\/div><\/div>\t\t\t\t<\/div>\n\t\t\t\t<\/div>\n\t\t\t\t\t<\/div>\n\t\t<\/div>\n\t\t\t\t\t<\/div>\n\t\t<\/section>\n\t\t\t\t<section class=\"elementor-section elementor-top-section elementor-element elementor-element-6443735 elementor-section-boxed elementor-section-height-default elementor-section-height-default\" data-id=\"6443735\" data-element_type=\"section\" data-e-type=\"section\">\n\t\t\t\t\t\t<div class=\"elementor-container elementor-column-gap-default\">\n\t\t\t\t\t<div class=\"elementor-column elementor-col-100 elementor-top-column elementor-element elementor-element-8486283\" data-id=\"8486283\" data-element_type=\"column\" data-e-type=\"column\">\n\t\t\t<div class=\"elementor-widget-wrap elementor-element-populated\">\n\t\t\t\t\t\t<div class=\"elementor-element elementor-element-27df3b4 elementor-widget elementor-widget-boston-it-metabox\" data-id=\"27df3b4\" data-element_type=\"widget\" data-e-type=\"widget\" data-widget_type=\"boston-it-metabox.default\">\n\t\t\t\t<div class=\"elementor-widget-container\">\n\t\t\t\t\t<div class=\"section boston-it-metabox p-2\"><img decoding=\"async\" style=\"width: 78px; height: 78px; object-fit: cover;\" src=\"https:\/\/www.boston-it.com\/wp-content\/uploads\/nordwood-themes-q8U1YgBaRQk-unsplash-scaled.jpg\" \/><div class=\"pl-2\"><div class=\"headline\">Technischer Service & Support<\/div><div class=\"description\"><span class=\"bold\">Boston-Hotline<\/span><span >Kontakt f\u00fcr Systemst\u00f6rungen aller Art<\/span><span style=\"display: block\"><a href=\"mailto:support@boston-it.de\">support@boston-it.de<\/a><\/span><span style=\"display: block\">T. +49 (0) 89 90 90 199 54<\/span><\/div><\/div><\/div>\t\t\t\t<\/div>\n\t\t\t\t<\/div>\n\t\t\t\t\t<\/div>\n\t\t<\/div>\n\t\t\t\t\t<\/div>\n\t\t<\/section>\n\t\t\t\t<\/div>\n\t\t","protected":false},"excerpt":{"rendered":"<p>Home Vor Ort Services Boston Services Service ist f\u00fcr uns das ganze Paket Als einer der f\u00fchrenden Systemintegratoren und IT-L\u00f6sungs-Hersteller konzentriert sich Boston auf die Zufriedenheit seiner Kunden. Im Fokus steht die Entwicklung, Konfiguration und Lieferung qualitativ hochwertiger und zuverl\u00e4ssiger Systeme unter Verwendung der neuesten verf\u00fcgbaren Technologien. Abgerundet wird dies mit einem vielf\u00e4ltigen und qualitativ&#8230;<\/p>\n","protected":false},"author":1,"featured_media":8028,"parent":0,"menu_order":0,"comment_status":"closed","ping_status":"closed","template":"","meta":{"_acf_changed":false,"footnotes":""},"class_list":["post-66862","page","type-page","status-publish","has-post-thumbnail","hentry"],"acf":[],"_links":{"self":[{"href":"https:\/\/www.boston-it.com\/de\/wp-json\/wp\/v2\/pages\/66862","targetHints":{"allow":["GET"]}}],"collection":[{"href":"https:\/\/www.boston-it.com\/de\/wp-json\/wp\/v2\/pages"}],"about":[{"href":"https:\/\/www.boston-it.com\/de\/wp-json\/wp\/v2\/types\/page"}],"author":[{"embeddable":true,"href":"https:\/\/www.boston-it.com\/de\/wp-json\/wp\/v2\/users\/1"}],"replies":[{"embeddable":true,"href":"https:\/\/www.boston-it.com\/de\/wp-json\/wp\/v2\/comments?post=66862"}],"version-history":[{"count":27,"href":"https:\/\/www.boston-it.com\/de\/wp-json\/wp\/v2\/pages\/66862\/revisions"}],"predecessor-version":[{"id":70696,"href":"https:\/\/www.boston-it.com\/de\/wp-json\/wp\/v2\/pages\/66862\/revisions\/70696"}],"wp:featuredmedia":[{"embeddable":true,"href":"https:\/\/www.boston-it.com\/de\/wp-json\/wp\/v2\/media\/8028"}],"wp:attachment":[{"href":"https:\/\/www.boston-it.com\/de\/wp-json\/wp\/v2\/media?parent=66862"}],"curies":[{"name":"wp","href":"https:\/\/api.w.org\/{rel}","templated":true}]}}