{"id":67183,"date":"2025-07-29T17:22:28","date_gmt":"2025-07-29T15:22:28","guid":{"rendered":"https:\/\/www.boston-it.com\/?page_id=67183"},"modified":"2025-07-31T15:36:25","modified_gmt":"2025-07-31T13:36:25","slug":"financial-services","status":"publish","type":"page","link":"https:\/\/www.boston-it.com\/de\/financial-services\/","title":{"rendered":"Financial Services"},"content":{"rendered":"\t\t<div data-elementor-type=\"wp-page\" data-elementor-id=\"67183\" class=\"elementor elementor-67183\" data-elementor-post-type=\"page\">\n\t\t\t\t\t\t<section class=\"elementor-section elementor-top-section elementor-element elementor-element-34376af elementor-section-full_width elementor-section-height-default elementor-section-height-default\" data-id=\"34376af\" data-element_type=\"section\" data-e-type=\"section\">\n\t\t\t\t\t\t<div class=\"elementor-container elementor-column-gap-default\">\n\t\t\t\t\t<div class=\"elementor-column elementor-col-100 elementor-top-column elementor-element elementor-element-2e21a84\" data-id=\"2e21a84\" data-element_type=\"column\" data-e-type=\"column\">\n\t\t\t<div class=\"elementor-widget-wrap elementor-element-populated\">\n\t\t\t\t\t\t<div class=\"elementor-element elementor-element-1cdf259 elementor-widget elementor-widget-boston-it-section-intro\" data-id=\"1cdf259\" data-element_type=\"widget\" data-e-type=\"widget\" data-widget_type=\"boston-it-section-intro.default\">\n\t\t\t\t<div class=\"elementor-widget-container\">\n\t\t\t\t\t<div class=\"section intro  is-neutral\" style=\"--page-color: #dddddd;--page-color-rgb: 221, 221, 221;background-image: url(https:\/\/www.boston-it.com\/wp-content\/uploads\/boston-technology-innovation-day-2.jpg); background-size: cover\"><div id=\"breadcrumbs\">\n    <a href=https:\/\/www.boston-it.com\/de\/>Home<\/a>\n    <svg xmlns=\"http:\/\/www.w3.org\/2000\/svg\" width=\"18\" height=\"35\" viewBox=\"0 0 18 35\" fill=\"none\"><path fill-rule=\"evenodd\" clip-rule=\"evenodd\" d=\"M0.692929 35L17.4863 17.5L16.7939 16.7785L16.7936 16.7788L0.692354 -4.26329e-07L-3.43866e-05 0.721524L16.1013 17.5003L0.000539107 34.2785L0.692929 35Z\" fill=\"white\" fill-opacity=\"0.2\"\/><\/svg><a class=\"active\">Financial Services <\/a>\n    <\/div><div class=\"inner\"><h1 class=\"category-title\">Financial Services<\/h1><h2>Boston Technology Finance Solutions<\/h2><div class=\"leadIn\"><p>Technologische Innovationen erfordern heute nicht nur leistungsf\u00e4hige IT-L\u00f6sungen \u2013 sondern auch flexible Finanzierungsmodelle.<\/p><\/div><div class=\"buttons\"><div><\/div><\/div>\t\t\t\t<\/div>\n\t\t\t\t<\/div>\n\t\t\t\t\t<\/div>\n\t\t<\/div>\n\t\t\t\t\t<\/div>\n\t\t<\/section>\n\t\t\t\t<section class=\"elementor-section elementor-top-section elementor-element elementor-element-25d60a3 elementor-section-boxed elementor-section-height-default elementor-section-height-default\" data-id=\"25d60a3\" data-element_type=\"section\" data-e-type=\"section\">\n\t\t\t\t\t\t<div class=\"elementor-container elementor-column-gap-default\">\n\t\t\t\t\t<div class=\"elementor-column elementor-col-100 elementor-top-column elementor-element elementor-element-c7248c6\" data-id=\"c7248c6\" data-element_type=\"column\" data-e-type=\"column\">\n\t\t\t<div class=\"elementor-widget-wrap elementor-element-populated\">\n\t\t\t\t\t\t<div class=\"elementor-element elementor-element-5a12886 elementor-widget elementor-widget-boston-it-layout-1\" data-id=\"5a12886\" data-element_type=\"widget\" data-e-type=\"widget\" data-widget_type=\"boston-it-layout-1.default\">\n\t\t\t\t<div class=\"elementor-widget-container\">\n\t\t\t\t\t<div class=\"section layout-1 reverseHeights\" style=\"--page-color: #dddddd;\"><div class=\"positioning-container-content\"><div class=\"content\"><div class=\"column1\"><div class=\"column1-inner\"><div class=\"category-title\">Ihr Vorteil:<\/div><h2>Flexibel finanzieren \u2013 ohne Investitionsh\u00fcrde<\/h2><p>Mit <strong>Boston Technology Finance Solutions<\/strong> bieten wir Ihnen gemeinsam mit unserem Finanzpartner smarte und effiziente Finanzierungsl\u00f6sungen f\u00fcr Ihre IT-Investitionen.<br \/>Ob Leasing, Abo, Mietmodell oder As-a-Service \u2013 wir kombinieren Technologiekompetenz mit wirtschaftlicher Weitsicht und machen Ihre Digitalisierungsstrategie planbar und skalierbar.<\/p><p>\u00a0<\/p><h3><strong>Flyer zum Download<\/strong><\/h3><p>Erfahren Sie mehr \u00fcber alle Finanzierungsm\u00f6glichkeiten, Modelle und Mehrwerte auf einen Blick.<\/p><div class=\"buttons\"><div class=\"button-group\"><div class=\"button-rainbow-container\"><a href=\"#\" class=\"button button-black\" target=\"_blank\" rel=\"nofollow\">Flyer downloaden<\/a><\/div><\/div><\/div><\/div><\/div><div class=\"column2\"><div class=\"image\" style=\"background-image: url(https:\/\/www.boston-it.com\/wp-content\/uploads\/boston-technology-innovation-day-2.jpg)\"><\/div><div class=\"column2-inner\"><ul><li><strong>Sofort investieren, ohne Kapitalbindung<\/strong><\/li><li><strong>Ressourcen sparen<\/strong> \u2013 durch professionelle Abwicklung und Standardisierung<\/li><li><strong>Planbare monatliche Raten statt hoher Einmalaufw\u00e4nde<\/strong><\/li><li><strong>Hohe Transparenz, flexible Laufzeiten, nachhaltige R\u00fcckf\u00fchrung Ihrer IT<\/strong><\/li><li><strong>Maximale Entlastung \u00fcber den gesamten Lifecycle dank Managed Lease Services<\/strong><\/li><\/ul><p>Unsere L\u00f6sungen richten sich an Unternehmen jeder Gr\u00f6\u00dfe \u2013 individuell angepasst an Ihr Projekt und Ihre Budgetplanung.<\/p><p>\u00a0<\/p><h4><strong>Kontakt zum Boston Sales-Team<\/strong><\/h4><p>Gerne beraten wir Sie pers\u00f6nlich zur passenden Finanzierungsl\u00f6sung f\u00fcr Ihr Projekt:<\/p><p>\ud83d\udce7 <a href=\"mailto:sales@boston-it.de\"><strong>sales@boston-it.de<\/strong><\/a><\/p><\/div><\/div><\/div><\/div><\/div>\t\t\t\t<\/div>\n\t\t\t\t<\/div>\n\t\t\t\t\t<\/div>\n\t\t<\/div>\n\t\t\t\t\t<\/div>\n\t\t<\/section>\n\t\t\t\t<\/div>\n\t\t","protected":false},"excerpt":{"rendered":"<p>Home Financial Services Financial Services Boston Technology Finance Solutions Technologische Innovationen erfordern heute nicht nur leistungsf\u00e4hige IT-L\u00f6sungen \u2013 sondern auch flexible Finanzierungsmodelle. Ihr Vorteil: Flexibel finanzieren \u2013 ohne Investitionsh\u00fcrde Mit Boston Technology Finance Solutions bieten wir Ihnen gemeinsam mit unserem Finanzpartner smarte und effiziente Finanzierungsl\u00f6sungen f\u00fcr Ihre IT-Investitionen.Ob Leasing, Abo, Mietmodell oder As-a-Service \u2013 wir&#8230;<\/p>\n","protected":false},"author":1,"featured_media":0,"parent":0,"menu_order":0,"comment_status":"closed","ping_status":"closed","template":"","meta":{"_acf_changed":false,"footnotes":""},"class_list":["post-67183","page","type-page","status-publish","hentry"],"acf":[],"_links":{"self":[{"href":"https:\/\/www.boston-it.com\/de\/wp-json\/wp\/v2\/pages\/67183","targetHints":{"allow":["GET"]}}],"collection":[{"href":"https:\/\/www.boston-it.com\/de\/wp-json\/wp\/v2\/pages"}],"about":[{"href":"https:\/\/www.boston-it.com\/de\/wp-json\/wp\/v2\/types\/page"}],"author":[{"embeddable":true,"href":"https:\/\/www.boston-it.com\/de\/wp-json\/wp\/v2\/users\/1"}],"replies":[{"embeddable":true,"href":"https:\/\/www.boston-it.com\/de\/wp-json\/wp\/v2\/comments?post=67183"}],"version-history":[{"count":21,"href":"https:\/\/www.boston-it.com\/de\/wp-json\/wp\/v2\/pages\/67183\/revisions"}],"predecessor-version":[{"id":70714,"href":"https:\/\/www.boston-it.com\/de\/wp-json\/wp\/v2\/pages\/67183\/revisions\/70714"}],"wp:attachment":[{"href":"https:\/\/www.boston-it.com\/de\/wp-json\/wp\/v2\/media?parent=67183"}],"curies":[{"name":"wp","href":"https:\/\/api.w.org\/{rel}","templated":true}]}}