{"id":917,"date":"2023-07-04T14:33:37","date_gmt":"2023-07-04T12:33:37","guid":{"rendered":"https:\/\/dev.boston-it.de\/?page_id=917"},"modified":"2025-10-06T13:31:53","modified_gmt":"2025-10-06T11:31:53","slug":"newsroom","status":"publish","type":"page","link":"https:\/\/www.boston-it.com\/de\/newsroom\/","title":{"rendered":"Newsroom"},"content":{"rendered":"\t\t<div data-elementor-type=\"wp-page\" data-elementor-id=\"917\" class=\"elementor elementor-917\" data-elementor-post-type=\"page\">\n\t\t\t\t\t\t<section class=\"elementor-section elementor-top-section elementor-element elementor-element-0fa37cc elementor-section-full_width elementor-section-height-default elementor-section-height-default\" data-id=\"0fa37cc\" data-element_type=\"section\" data-e-type=\"section\" data-settings=\"{&quot;background_background&quot;:&quot;slideshow&quot;,&quot;background_slideshow_gallery&quot;:[],&quot;background_slideshow_loop&quot;:&quot;yes&quot;,&quot;background_slideshow_slide_duration&quot;:5000,&quot;background_slideshow_slide_transition&quot;:&quot;fade&quot;,&quot;background_slideshow_transition_duration&quot;:500}\">\n\t\t\t\t\t\t<div class=\"elementor-container elementor-column-gap-no\">\n\t\t\t\t\t<div class=\"elementor-column elementor-col-100 elementor-top-column elementor-element elementor-element-57fecb0\" data-id=\"57fecb0\" data-element_type=\"column\" data-e-type=\"column\">\n\t\t\t<div class=\"elementor-widget-wrap elementor-element-populated\">\n\t\t\t\t\t\t<div class=\"elementor-element elementor-element-9077f23 elementor-widget elementor-widget-boston-it-section-intro\" data-id=\"9077f23\" data-element_type=\"widget\" data-e-type=\"widget\" data-widget_type=\"boston-it-section-intro.default\">\n\t\t\t\t<div class=\"elementor-widget-container\">\n\t\t\t\t\t<div class=\"section intro  is-neutral\" style=\"--page-color: #dddddd;--page-color-rgb: 221, 221, 221;background-image: url(https:\/\/www.boston-it.com\/wp-content\/uploads\/shutterstock_1431518420-2-scaled.jpg); background-size: cover\"><div id=\"breadcrumbs\">\n    <a href=https:\/\/www.boston-it.com\/de\/>Home<\/a>\n    <svg xmlns=\"http:\/\/www.w3.org\/2000\/svg\" width=\"18\" height=\"35\" viewBox=\"0 0 18 35\" fill=\"none\"><path fill-rule=\"evenodd\" clip-rule=\"evenodd\" d=\"M0.692929 35L17.4863 17.5L16.7939 16.7785L16.7936 16.7788L0.692354 -4.26329e-07L-3.43866e-05 0.721524L16.1013 17.5003L0.000539107 34.2785L0.692929 35Z\" fill=\"white\" fill-opacity=\"0.2\"\/><\/svg><a class=\"active\">Newsroom <\/a>\n    <\/div><div class=\"inner\"><h1 class=\"category-title\">NEWSROOM<\/h1><h2>Neues bei Boston-IT<\/h2><div class=\"leadIn\"><p>Willkommen in unserem Newsroom. Holen Sie sich einen \u00dcberblick zu News, Fakten und Wissenswertem. Es erwarten Sie interessante Beitr\u00e4ge und vielseitigen Themen im Boston Blog, Informationen zu aktuellen Events sowie Messe-Auftritten und Neuigkeiten rund um Boston in unserer Pressebox.<\/p><\/div><div class=\"buttons\"><div><\/div><\/div>\t\t\t\t<\/div>\n\t\t\t\t<\/div>\n\t\t\t\t\t<\/div>\n\t\t<\/div>\n\t\t\t\t\t<\/div>\n\t\t<\/section>\n\t\t\t\t<section class=\"elementor-section elementor-top-section elementor-element elementor-element-927bef0 elementor-section-boxed elementor-section-height-default elementor-section-height-default\" data-id=\"927bef0\" data-element_type=\"section\" data-e-type=\"section\">\n\t\t\t\t\t\t<div class=\"elementor-container elementor-column-gap-default\">\n\t\t\t\t\t<div class=\"elementor-column elementor-col-100 elementor-top-column elementor-element elementor-element-497c6be\" data-id=\"497c6be\" data-element_type=\"column\" data-e-type=\"column\">\n\t\t\t<div class=\"elementor-widget-wrap elementor-element-populated\">\n\t\t\t\t\t\t<div class=\"elementor-element elementor-element-8aecb18 elementor-widget elementor-widget-heading\" data-id=\"8aecb18\" data-element_type=\"widget\" data-e-type=\"widget\" data-widget_type=\"heading.default\">\n\t\t\t\t<div class=\"elementor-widget-container\">\n\t\t\t\t\t<h3 class=\"elementor-heading-title elementor-size-default\">BOSTON-IT \u2013 MIT UNS BLEIBEN SIE TOPINFORMIERT<\/h3>\t\t\t\t<\/div>\n\t\t\t\t<\/div>\n\t\t\t\t\t<\/div>\n\t\t<\/div>\n\t\t\t\t\t<\/div>\n\t\t<\/section>\n\t\t\t\t<section class=\"elementor-section elementor-top-section elementor-element elementor-element-fc6b521 elementor-section-boxed elementor-section-height-default elementor-section-height-default\" data-id=\"fc6b521\" data-element_type=\"section\" data-e-type=\"section\">\n\t\t\t\t\t\t<div class=\"elementor-container elementor-column-gap-default\">\n\t\t\t\t\t<div class=\"elementor-column elementor-col-100 elementor-top-column elementor-element elementor-element-4bb4cb1\" data-id=\"4bb4cb1\" data-element_type=\"column\" data-e-type=\"column\">\n\t\t\t<div class=\"elementor-widget-wrap elementor-element-populated\">\n\t\t\t\t\t\t<div class=\"elementor-element elementor-element-7687ccb elementor-widget elementor-widget-spacer\" data-id=\"7687ccb\" data-element_type=\"widget\" data-e-type=\"widget\" data-widget_type=\"spacer.default\">\n\t\t\t\t<div class=\"elementor-widget-container\">\n\t\t\t\t\t\t\t<div class=\"elementor-spacer\">\n\t\t\t<div class=\"elementor-spacer-inner\"><\/div>\n\t\t<\/div>\n\t\t\t\t\t\t<\/div>\n\t\t\t\t<\/div>\n\t\t\t\t\t<\/div>\n\t\t<\/div>\n\t\t\t\t\t<\/div>\n\t\t<\/section>\n\t\t\t\t<section class=\"elementor-section elementor-top-section elementor-element elementor-element-22d3c68 elementor-section-boxed elementor-section-height-default elementor-section-height-default\" data-id=\"22d3c68\" data-element_type=\"section\" data-e-type=\"section\">\n\t\t\t\t\t\t<div class=\"elementor-container elementor-column-gap-default\">\n\t\t\t\t\t<div class=\"elementor-column elementor-col-33 elementor-top-column elementor-element elementor-element-8864d02\" data-id=\"8864d02\" data-element_type=\"column\" data-e-type=\"column\">\n\t\t\t<div class=\"elementor-widget-wrap elementor-element-populated\">\n\t\t\t\t\t\t<div class=\"elementor-element elementor-element-9775e7c elementor-widget elementor-widget-boston-it-button\" data-id=\"9775e7c\" data-element_type=\"widget\" data-e-type=\"widget\" data-widget_type=\"boston-it-button.default\">\n\t\t\t\t<div class=\"elementor-widget-container\">\n\t\t\t\t\t<div class=\"button-rainbow-container\"><a style=\"--page-color: 221, 221, 221\" class=\"button button-black\" href=\"https:\/\/www.boston-it.com\/de\/newsroom\/boston-blog\/\" target=\"_blank\" rel=\"nofollow\">Blogs<\/a><\/div>\t\t\t\t<\/div>\n\t\t\t\t<\/div>\n\t\t\t\t\t<\/div>\n\t\t<\/div>\n\t\t\t\t<div class=\"elementor-column elementor-col-33 elementor-top-column elementor-element elementor-element-f4c2488\" data-id=\"f4c2488\" data-element_type=\"column\" data-e-type=\"column\">\n\t\t\t<div class=\"elementor-widget-wrap elementor-element-populated\">\n\t\t\t\t\t\t<div class=\"elementor-element elementor-element-0634bd7 elementor-widget elementor-widget-boston-it-button\" data-id=\"0634bd7\" data-element_type=\"widget\" data-e-type=\"widget\" data-widget_type=\"boston-it-button.default\">\n\t\t\t\t<div class=\"elementor-widget-container\">\n\t\t\t\t\t<div class=\"button-rainbow-container\"><a style=\"--page-color: 221, 221, 221\" class=\"button button-black\" href=\"https:\/\/www.boston-it.com\/de\/newsroom\/events-webinare\/\" target=\"_blank\" rel=\"nofollow\">Webinare & Events<\/a><\/div>\t\t\t\t<\/div>\n\t\t\t\t<\/div>\n\t\t\t\t\t<\/div>\n\t\t<\/div>\n\t\t\t\t<div class=\"elementor-column elementor-col-33 elementor-top-column elementor-element elementor-element-f5cbe3b\" data-id=\"f5cbe3b\" data-element_type=\"column\" data-e-type=\"column\">\n\t\t\t<div class=\"elementor-widget-wrap elementor-element-populated\">\n\t\t\t\t\t\t<div class=\"elementor-element elementor-element-46253fa elementor-widget elementor-widget-boston-it-button\" data-id=\"46253fa\" data-element_type=\"widget\" data-e-type=\"widget\" data-widget_type=\"boston-it-button.default\">\n\t\t\t\t<div class=\"elementor-widget-container\">\n\t\t\t\t\t<div class=\"button-rainbow-container\"><a style=\"--page-color: 221, 221, 221\" class=\"button button-black\" href=\"https:\/\/www.boston-it.com\/de\/pressemitteilungen\/\" target=\"_blank\" rel=\"nofollow\">Pressemitteilungen<\/a><\/div>\t\t\t\t<\/div>\n\t\t\t\t<\/div>\n\t\t\t\t\t<\/div>\n\t\t<\/div>\n\t\t\t\t\t<\/div>\n\t\t<\/section>\n\t\t\t\t<section class=\"elementor-section elementor-top-section elementor-element elementor-element-3a74f1d elementor-section-boxed elementor-section-height-default elementor-section-height-default\" data-id=\"3a74f1d\" data-element_type=\"section\" data-e-type=\"section\">\n\t\t\t\t\t\t<div class=\"elementor-container elementor-column-gap-default\">\n\t\t\t\t\t<div class=\"elementor-column elementor-col-100 elementor-top-column elementor-element elementor-element-5a38745\" data-id=\"5a38745\" data-element_type=\"column\" data-e-type=\"column\">\n\t\t\t<div class=\"elementor-widget-wrap elementor-element-populated\">\n\t\t\t\t\t\t<div class=\"elementor-element elementor-element-fded313 elementor-widget elementor-widget-spacer\" data-id=\"fded313\" data-element_type=\"widget\" data-e-type=\"widget\" data-widget_type=\"spacer.default\">\n\t\t\t\t<div class=\"elementor-widget-container\">\n\t\t\t\t\t\t\t<div class=\"elementor-spacer\">\n\t\t\t<div class=\"elementor-spacer-inner\"><\/div>\n\t\t<\/div>\n\t\t\t\t\t\t<\/div>\n\t\t\t\t<\/div>\n\t\t\t\t\t<\/div>\n\t\t<\/div>\n\t\t\t\t\t<\/div>\n\t\t<\/section>\n\t\t\t\t<section class=\"elementor-section elementor-top-section elementor-element elementor-element-94322d3 elementor-section-boxed elementor-section-height-default elementor-section-height-default\" data-id=\"94322d3\" data-element_type=\"section\" data-e-type=\"section\">\n\t\t\t\t\t\t<div class=\"elementor-container elementor-column-gap-default\">\n\t\t\t\t\t<div class=\"elementor-column elementor-col-100 elementor-top-column elementor-element elementor-element-51bb74f\" data-id=\"51bb74f\" data-element_type=\"column\" data-e-type=\"column\">\n\t\t\t<div class=\"elementor-widget-wrap elementor-element-populated\">\n\t\t\t\t\t\t<div class=\"elementor-element elementor-element-b8b316f elementor-widget elementor-widget-text-editor\" data-id=\"b8b316f\" data-element_type=\"widget\" data-e-type=\"widget\" data-widget_type=\"text-editor.default\">\n\t\t\t\t<div class=\"elementor-widget-container\">\n\t\t\t\t\t\t\t\t\t<p>Bleiben Sie topinformiert, treffen Sie uns LIVE auf Veranstaltungen, Partnermessen oder Konferenzen; bleiben Sie stets auf dem Laufenden zu den IT-Technologien aus unserem Boston Portfolio oder verfolgen Sie aktiv unsere\u00a0 ver\u00f6ffentlichten Pressemitteilungen zu neuen L\u00f6sungen, Technologiepartnerschaften oder zu Boston als Unternehmen selbst.<\/p><p>Unser Newsroom informiert enth\u00e4lt alle diese Informationen \u2013 vom Boston Blog \u00fcber Events und Online Trainings bis hin zu Pressemitteilungen in der Boston Pressebox.<\/p><p>Viel Spa\u00df beim Lesen und \u00dcberfliegen der News!<\/p>\t\t\t\t\t\t\t\t<\/div>\n\t\t\t\t<\/div>\n\t\t\t\t\t<\/div>\n\t\t<\/div>\n\t\t\t\t\t<\/div>\n\t\t<\/section>\n\t\t\t\t<section class=\"elementor-section elementor-top-section elementor-element elementor-element-893e1bb elementor-section-full_width elementor-section-height-default elementor-section-height-default\" data-id=\"893e1bb\" data-element_type=\"section\" data-e-type=\"section\">\n\t\t\t\t\t\t<div class=\"elementor-container elementor-column-gap-default\">\n\t\t\t\t\t<div class=\"elementor-column elementor-col-100 elementor-top-column elementor-element elementor-element-c943037\" data-id=\"c943037\" data-element_type=\"column\" data-e-type=\"column\">\n\t\t\t<div class=\"elementor-widget-wrap elementor-element-populated\">\n\t\t\t\t\t\t<div class=\"elementor-element elementor-element-75ddb62 elementor-widget elementor-widget-boston-it-text-image-full\" data-id=\"75ddb62\" data-element_type=\"widget\" data-e-type=\"widget\" data-widget_type=\"boston-it-text-image-full.default\">\n\t\t\t\t<div class=\"elementor-widget-container\">\n\t\t\t\t\t<div class=\"section text-image-full alternative-style reverse-order\" style=\"--page-color: #dddddd;\"><div class=\"positioning-container-image\"><div class=\"image\" style=\"background-image: url(https:\/\/www.boston-it.com\/wp-content\/uploads\/Image-1.png)\"><\/div><\/div><div class=\"positioning-container-content\"><div class=\"content\"><div class=\"category-title\">Blog News<\/div><h2>Boston Blog<\/h2><div class=\"leadIn\"><p>In unserem Blog erhalten Sie Updates zu unseren Technologien, Projekten und Innovationen sowie zu jenen unserer Technologiepartner aus erster Hand.<\/p><\/div><div class=\"buttons\"><div class=\"button-rainbow-container\"><a href=\"https:\/\/www.boston-it.com\/de\/newsroom\/boston-blog\/\" class=\"button button-invert\"  rel=\"nofollow\">Boston Blog<\/a><\/div><div><div><\/div><\/div>\t\t\t\t<\/div>\n\t\t\t\t<\/div>\n\t\t\t\t\t<\/div>\n\t\t<\/div>\n\t\t\t\t\t<\/div>\n\t\t<\/section>\n\t\t\t\t<section class=\"elementor-section elementor-top-section elementor-element elementor-element-a961bef elementor-section-full_width elementor-section-height-default elementor-section-height-default\" data-id=\"a961bef\" data-element_type=\"section\" data-e-type=\"section\">\n\t\t\t\t\t\t<div class=\"elementor-container elementor-column-gap-default\">\n\t\t\t\t\t<div class=\"elementor-column elementor-col-100 elementor-top-column elementor-element elementor-element-20927f3\" data-id=\"20927f3\" data-element_type=\"column\" data-e-type=\"column\">\n\t\t\t<div class=\"elementor-widget-wrap elementor-element-populated\">\n\t\t\t\t\t\t<div class=\"elementor-element elementor-element-21d1d0a elementor-widget elementor-widget-boston-it-text-image-full\" data-id=\"21d1d0a\" data-element_type=\"widget\" data-e-type=\"widget\" data-widget_type=\"boston-it-text-image-full.default\">\n\t\t\t\t<div class=\"elementor-widget-container\">\n\t\t\t\t\t<div class=\"section text-image-full alternative-style \" style=\"--page-color: #dddddd;\"><div class=\"positioning-container-image\"><div class=\"image\" style=\"background-image: url(https:\/\/www.boston-it.com\/wp-content\/uploads\/2023-07-Boston-MH-029.jpg)\"><\/div><\/div><div class=\"positioning-container-content\"><div class=\"content\"><div class=\"category-title\">Boston Live erleben<\/div><h2>Events, Messen, Konferenzen, Webinare<\/h2><div class=\"leadIn\">Treffen Sie uns auf Events, Messen, Konferenzen oder Partnertagen LIVE und pers\u00f6nlich. F\u00fcr einen ersten \u00dcberblick \u00fcber die neuesten Technologien, Produkt-Updates oder L\u00f6sungen haben Sie die M\u00f6glichkeit kostenfrei an unseren Online Trainings teilzunehmen, die regelm\u00e4\u00dfig angeboten werden.<\/div><div class=\"buttons\"><div class=\"button-rainbow-container\"><a href=\"https:\/\/www.boston-it.com\/de\/newsroom\/events-webinare\/\" class=\"button button-invert\"  rel=\"nofollow\">Events & Webinare<\/a><\/div><div><div><\/div><\/div>\t\t\t\t<\/div>\n\t\t\t\t<\/div>\n\t\t\t\t\t<\/div>\n\t\t<\/div>\n\t\t\t\t\t<\/div>\n\t\t<\/section>\n\t\t\t\t<section class=\"elementor-section elementor-top-section elementor-element elementor-element-6411045 elementor-section-full_width elementor-section-height-default elementor-section-height-default\" data-id=\"6411045\" data-element_type=\"section\" data-e-type=\"section\">\n\t\t\t\t\t\t<div class=\"elementor-container elementor-column-gap-default\">\n\t\t\t\t\t<div class=\"elementor-column elementor-col-100 elementor-top-column elementor-element elementor-element-f80e30b\" data-id=\"f80e30b\" data-element_type=\"column\" data-e-type=\"column\">\n\t\t\t<div class=\"elementor-widget-wrap elementor-element-populated\">\n\t\t\t\t\t\t<div class=\"elementor-element elementor-element-54cddc3 elementor-widget elementor-widget-boston-it-text-image-full\" data-id=\"54cddc3\" data-element_type=\"widget\" data-e-type=\"widget\" data-widget_type=\"boston-it-text-image-full.default\">\n\t\t\t\t<div class=\"elementor-widget-container\">\n\t\t\t\t\t<div class=\"section text-image-full alternative-style reverse-order\" style=\"--page-color: #dddddd;\"><div class=\"positioning-container-image\"><div class=\"image\" style=\"background-image: url(https:\/\/www.boston-it.com\/wp-content\/uploads\/Image-2.png)\"><\/div><\/div><div class=\"positioning-container-content\"><div class=\"content\"><div class=\"category-title\">Pressemitteilungen<\/div><h2>Boston Pressebox<\/h2><div class=\"leadIn\">Wir geben Neuigkeiten zu Unternehmen, Produkten oder L\u00f6sungen \u00fcber Pressemitteilungen bekannt. Holen Sie sich hier ein aktuelles Update dar\u00fcber.<\/div><div class=\"buttons\"><div class=\"button-rainbow-container\"><a href=\"https:\/\/www.boston-it.com\/de\/pressemitteilungen\/\" class=\"button button-invert\"  rel=\"nofollow\">PRESSEMITTEILUNGEN<\/a><\/div><div><div><\/div><\/div>\t\t\t\t<\/div>\n\t\t\t\t<\/div>\n\t\t\t\t\t<\/div>\n\t\t<\/div>\n\t\t\t\t\t<\/div>\n\t\t<\/section>\n\t\t\t\t<\/div>\n\t\t","protected":false},"excerpt":{"rendered":"<p>Home Newsroom NEWSROOM Neues bei Boston-IT Willkommen in unserem Newsroom. Holen Sie sich einen \u00dcberblick zu News, Fakten und Wissenswertem. Es erwarten Sie interessante Beitr\u00e4ge und vielseitigen Themen im Boston Blog, Informationen zu aktuellen Events sowie Messe-Auftritten und Neuigkeiten rund um Boston in unserer Pressebox. BOSTON-IT \u2013 MIT UNS BLEIBEN SIE TOPINFORMIERT Blogs Webinare &#038;&#8230;<\/p>\n","protected":false},"author":1,"featured_media":8410,"parent":0,"menu_order":0,"comment_status":"closed","ping_status":"closed","template":"","meta":{"_acf_changed":false,"footnotes":""},"class_list":["post-917","page","type-page","status-publish","has-post-thumbnail","hentry"],"acf":[],"_links":{"self":[{"href":"https:\/\/www.boston-it.com\/de\/wp-json\/wp\/v2\/pages\/917","targetHints":{"allow":["GET"]}}],"collection":[{"href":"https:\/\/www.boston-it.com\/de\/wp-json\/wp\/v2\/pages"}],"about":[{"href":"https:\/\/www.boston-it.com\/de\/wp-json\/wp\/v2\/types\/page"}],"author":[{"embeddable":true,"href":"https:\/\/www.boston-it.com\/de\/wp-json\/wp\/v2\/users\/1"}],"replies":[{"embeddable":true,"href":"https:\/\/www.boston-it.com\/de\/wp-json\/wp\/v2\/comments?post=917"}],"version-history":[{"count":209,"href":"https:\/\/www.boston-it.com\/de\/wp-json\/wp\/v2\/pages\/917\/revisions"}],"predecessor-version":[{"id":73147,"href":"https:\/\/www.boston-it.com\/de\/wp-json\/wp\/v2\/pages\/917\/revisions\/73147"}],"wp:featuredmedia":[{"embeddable":true,"href":"https:\/\/www.boston-it.com\/de\/wp-json\/wp\/v2\/media\/8410"}],"wp:attachment":[{"href":"https:\/\/www.boston-it.com\/de\/wp-json\/wp\/v2\/media?parent=917"}],"curies":[{"name":"wp","href":"https:\/\/api.w.org\/{rel}","templated":true}]}}